{"id":51048,"date":"2023-09-05T11:11:15","date_gmt":"2023-09-05T11:11:15","guid":{"rendered":"https:\/\/chessgamesemporium.com\/?post_type=product&#038;p=51048"},"modified":"2024-02-20T11:37:47","modified_gmt":"2024-02-20T11:37:47","slug":"schachset-toronto-5p-black","status":"publish","type":"product","link":"https:\/\/chessgamesemporium.com\/de\/shop\/schachsets\/kombi-schachspiele\/schachset-toronto-5p-black\/","title":{"rendered":"Schachset TORONTO 5P BLACK"},"content":{"rendered":"<p>Das Toronto 5P Black Schachspiel ist ein wunderbar detailliertes Schachspiel, das Eleganz und Funktionalit\u00e4t vereint. Das Set enth\u00e4lt ein h\u00f6lzernes Schachbrett und aufw\u00e4ndig gestaltete Schachfiguren in elegantem Schwarz. Dieses Set ist sowohl f\u00fcr Gelegenheitsspieler als auch f\u00fcr ernsthafte Schachenthusiasten geeignet. Es ist langlebig, elegant und bietet stundenlangen Spielspa\u00df. Das Totonto 5P Black Schachset ist eine hervorragende Erg\u00e4nzung f\u00fcr jede Schachsammlung!\n\n\u00dcbersetzt mit DeepL.com (kostenlose Version)<\/p>\n<p>Schachfiguren:<br \/>\nQualit\u00e4tsschachfiguren aus Holz. Gefilzt, gewichtet, doppelt lackiert! Tournament Gr\u00f6\u00dfe.<\/p>\n<p>Material:<br \/>\nSheesham \/ Buchsbaum<\/p>\n<p>Diese Schachfiguren haben eine reiche Geschichte, die bis zur Schacholympiade 1950 in Dubrovnik zur\u00fcckreicht. Ein Schl\u00fcsselmerkmal dieser Schachfiguren ist das Fehlen religi\u00f6ser Ikonographie. Bobby Fischer hat bei zahlreichen Gelegenheiten erkl\u00e4rt, dass diese Dubrovniker Schachfiguren seine Lieblingsfiguren sind.<\/p>\n<p>Abmessungen: (H\u00f6he der Figur | Durchmesser der Basis)<br \/>\nK\u00f6nig: 9,0 cm | 3,1 cm<br \/>\nDame: 8,0 cm | 3,1 cm<br \/>\nTurm: 5,2 cm | 2,9 cm<br \/>\nL\u00e4ufer: 7,4 cm | 2,9 cm<br \/>\nSpringer: 6,6 cm | 2,9 cm<br \/>\nBauer: 5,4 cm | 2,6 cm<\/p>\n<p>Schachbrett aus Holz Tournament 5P - Schwarz<br \/>\nMaterial: Polyester-beschichtetes Holz.<\/p>\n<p>Feld: 54 \u00d7 54 mm<br \/>\nMa\u00dfe Schachbrett: 50 x 50 cm<br \/>\nBrettdicke: 1,5 cm<\/p>\n<p>Dieses 50 x 50 cm gro\u00dfe Schachbrett hat eine Spielfeldgr\u00f6\u00dfe von 54 x 54 mm und ist ideal f\u00fcr Schachfiguren mit einer K\u00f6nigsh\u00f6he von 90-95 mm.<\/p>\n<p>Warnung! Nicht geeignet f\u00fcr Kinder unter 3 Jahren wegen Kleinteilen! Es besteht Erstickungsgefahr.<\/p>","protected":false},"excerpt":{"rendered":"<p>\u0160ahovski set Toronto 5P Black je \u010dudovito oblikovan in zdru\u017euje prefinjenost s funkcionalnostjo. Ta komplet v elegantni \u010drni barvni shemi vklju\u010duje leseno desko in lesene \u0161ahovske figure z zapletenimi podrobnostmi. Idealen tako za ob\u010dasne igralce kot za resne navdu\u0161ence, komplet je vzdr\u017eljiv, eleganten in zasnovan tako, da zagotavlja ure strate\u0161kega igranja. \u010crni \u0161ahovski komplet Toronto [&hellip;]<\/p>","protected":false},"featured_media":51051,"comment_status":"closed","ping_status":"closed","template":"","meta":{"_seopress_robots_primary_cat":"none","_seopress_titles_title":"","_seopress_titles_desc":"","_seopress_robots_index":""},"product_brand":[],"product_cat":[581,510],"product_tag":[],"class_list":{"0":"post-51048","1":"product","2":"type-product","3":"status-publish","4":"has-post-thumbnail","6":"product_cat-sestavljeni-kompleti","7":"product_cat-sahovski-kompleti","8":"wcpa_has_options","10":"entry","11":"has-media","13":"first","14":"instock","15":"taxable","16":"shipping-taxable","17":"purchasable","18":"product-type-simple","19":"has-product-nav","20":"col","21":"span_1_of_4","22":"owp-content-center","23":"item-entry","24":"owp-thumbs-layout-horizontal","25":"owp-btn-normal","26":"owp-tabs-layout-section"},"wcpa_form_fields":{"rules":{"pric_overide_base_price":false,"pric_overide_base_price_if_gt_zero":false,"pric_overide_base_price_fully":false,"pric_cal_option_once":false,"pric_use_as_fee":false,"bind_quantity":false,"quantity_bind_formula":false},"fields":[{"type":"text","elementId":"wcpa-text-1666713333654","label":"Gravura ( opcijsko )","description":"Vpi\u0161ite \u017eeljeni tekst za graviranje (npr. Vse najbolj\u0161e, IME, datum ipd.)","desc_type":true,"enablePrice":true,"pricingType":"fixed","price":"7","name":"text-1666713333654","fee_label":"Za naro\u010dnike izven eu, bo davek od\u0161tet na blagajni.","subtype":"text","maxlength":"16","cl_rule":"show","col":6,"relations":false,"form_id":46231,"form_rules":{"pric_cal_option_once":false,"exclude_from_discount":false,"pric_use_as_fee":false,"fee_label":"Fee","render_after_acb":false,"disp_hide_options_price":false}}]},"_links":{"self":[{"href":"https:\/\/chessgamesemporium.com\/de\/wp-json\/wp\/v2\/product\/51048","targetHints":{"allow":["GET"]}}],"collection":[{"href":"https:\/\/chessgamesemporium.com\/de\/wp-json\/wp\/v2\/product"}],"about":[{"href":"https:\/\/chessgamesemporium.com\/de\/wp-json\/wp\/v2\/types\/product"}],"replies":[{"embeddable":true,"href":"https:\/\/chessgamesemporium.com\/de\/wp-json\/wp\/v2\/comments?post=51048"}],"version-history":[{"count":0,"href":"https:\/\/chessgamesemporium.com\/de\/wp-json\/wp\/v2\/product\/51048\/revisions"}],"wp:featuredmedia":[{"embeddable":true,"href":"https:\/\/chessgamesemporium.com\/de\/wp-json\/wp\/v2\/media\/51051"}],"wp:attachment":[{"href":"https:\/\/chessgamesemporium.com\/de\/wp-json\/wp\/v2\/media?parent=51048"}],"wp:term":[{"taxonomy":"product_brand","embeddable":true,"href":"https:\/\/chessgamesemporium.com\/de\/wp-json\/wp\/v2\/product_brand?post=51048"},{"taxonomy":"product_cat","embeddable":true,"href":"https:\/\/chessgamesemporium.com\/de\/wp-json\/wp\/v2\/product_cat?post=51048"},{"taxonomy":"product_tag","embeddable":true,"href":"https:\/\/chessgamesemporium.com\/de\/wp-json\/wp\/v2\/product_tag?post=51048"}],"curies":[{"name":"wp","href":"https:\/\/api.w.org\/{rel}","templated":true}]}}