{"id":51311,"date":"2023-10-05T09:20:27","date_gmt":"2023-10-05T09:20:27","guid":{"rendered":"https:\/\/chessgamesemporium.com\/?post_type=product&#038;p=51311"},"modified":"2025-02-25T10:14:08","modified_gmt":"2025-02-25T10:14:08","slug":"holz-e-schachfigurer-dgt-timeless-gewichtet","status":"publish","type":"product","link":"https:\/\/chessgamesemporium.com\/de\/shop\/schachsets\/elektronische-schachspiele\/holz-e-schachfigurer-dgt-timeless-gewichtet\/","title":{"rendered":"E-Schachfiguren aus Holz DGT TIMELESS GEWICHTET"},"content":{"rendered":"<p>E-Schachfiguren aus Holz DGT TIMELESS GEWICHTET<\/p>\n<p>Die meisten Spitzenschachspieler bevorzugen dieses Grunddesign - TIMELESS.<\/p>\n<p>Die DGT TIMELESS Schachfiguren sind poliert und aus indischem Holz hergestellt. Doppelte Damen.<br \/>\nDie Figuren haben gefilzte B\u00f6den und sind in Turniergr\u00f6\u00dfe erh\u00e4ltlich.<br \/>\nGewicht: 1020 g<\/p>\n<p>Kompatibel mit:<br \/>\nAllen elektronischen Schachbrettern von DGT, DGT Smartboard, dem Revelation Schachcomputer.<\/p>\n<p>Abmessungen: (H\u00f6he der Figur | Durchmesser der Basis)<br \/>\nK\u00f6nig: 9,7 cm | 3,4 cm<br \/>\nDame: 8,5 cm | 3,5 cm<br \/>\nTurm: 5,4 cm | 3,2 cm<br \/>\nL\u00e4ufer: 7,1 cm | 3,2 cm<br \/>\nSpringer: 6,3 cm | 3,2 cm<br \/>\nBauer: 4,5 cm | 2,7 cm<\/p>\n<p>Warnung! Nicht geeignet f\u00fcr Kinder unter 3 Jahren wegen Kleinteilen! Es besteht Erstickungsgefahr.<\/p>","protected":false},"excerpt":{"rendered":"<p>Lesene \u0160ahovske e-figure DGT TIMELESS WEIGHTED Ve\u010dini najbolj\u0161im igralcem je najbolj v\u0161e\u010d ta osnovni &#8211; TIMELESS dizajn. \u0160ahovske figure DGT TIMELESS so lakirane in narejene iz plemenitega indijskega lesa (Sheesham, Boxwood). Dvojne dame. Figure so podlo\u017eene z blagom in so turnirskih dimenzij. Te\u017ea: 1020 g Kompatibilne z: Vsemi elektronskimi DGT \u0161ahovnicami, DGT Smartboard in \u0161ahovskim [&hellip;]<\/p>","protected":false},"featured_media":51319,"comment_status":"closed","ping_status":"closed","template":"","meta":{"_seopress_robots_primary_cat":"none","_seopress_titles_title":"","_seopress_titles_desc":"","_seopress_robots_index":""},"product_brand":[],"product_cat":[619,510],"product_tag":[],"class_list":{"0":"post-51311","1":"product","2":"type-product","3":"status-publish","4":"has-post-thumbnail","6":"product_cat-elektronski-sahi","7":"product_cat-sahovski-kompleti","9":"entry","10":"has-media","12":"first","13":"instock","14":"taxable","15":"shipping-taxable","16":"purchasable","17":"product-type-simple","18":"has-product-nav","19":"col","20":"span_1_of_4","21":"owp-content-center","22":"item-entry","23":"owp-thumbs-layout-horizontal","24":"owp-btn-normal","25":"owp-tabs-layout-section"},"wcpa_form_fields":null,"_links":{"self":[{"href":"https:\/\/chessgamesemporium.com\/de\/wp-json\/wp\/v2\/product\/51311","targetHints":{"allow":["GET"]}}],"collection":[{"href":"https:\/\/chessgamesemporium.com\/de\/wp-json\/wp\/v2\/product"}],"about":[{"href":"https:\/\/chessgamesemporium.com\/de\/wp-json\/wp\/v2\/types\/product"}],"replies":[{"embeddable":true,"href":"https:\/\/chessgamesemporium.com\/de\/wp-json\/wp\/v2\/comments?post=51311"}],"version-history":[{"count":0,"href":"https:\/\/chessgamesemporium.com\/de\/wp-json\/wp\/v2\/product\/51311\/revisions"}],"wp:featuredmedia":[{"embeddable":true,"href":"https:\/\/chessgamesemporium.com\/de\/wp-json\/wp\/v2\/media\/51319"}],"wp:attachment":[{"href":"https:\/\/chessgamesemporium.com\/de\/wp-json\/wp\/v2\/media?parent=51311"}],"wp:term":[{"taxonomy":"product_brand","embeddable":true,"href":"https:\/\/chessgamesemporium.com\/de\/wp-json\/wp\/v2\/product_brand?post=51311"},{"taxonomy":"product_cat","embeddable":true,"href":"https:\/\/chessgamesemporium.com\/de\/wp-json\/wp\/v2\/product_cat?post=51311"},{"taxonomy":"product_tag","embeddable":true,"href":"https:\/\/chessgamesemporium.com\/de\/wp-json\/wp\/v2\/product_tag?post=51311"}],"curies":[{"name":"wp","href":"https:\/\/api.w.org\/{rel}","templated":true}]}}