{"id":51363,"date":"2023-10-05T10:00:24","date_gmt":"2023-10-05T10:00:24","guid":{"rendered":"https:\/\/chessgamesemporium.com\/?post_type=product&#038;p=51363"},"modified":"2026-01-29T10:54:38","modified_gmt":"2026-01-29T10:54:38","slug":"dgt-usb-walnuss-eboard-timeless","status":"publish","type":"product","link":"https:\/\/chessgamesemporium.com\/de\/shop\/schachsets\/elektronische-schachspiele\/dgt-usb-walnuss-eboard-timeless\/","title":{"rendered":"DGT USB Walnuss eBoard + Timeless Figuren"},"content":{"rendered":"<p><span style=\"font-family: verdana; font-size: medium;\">Das elektronische Plug &amp; Play-Schachbrett DGT bringt Ihnen das Beste aus zwei Welten. Das klassische Schachspiel verschmilzt endlich mit der Computer- und Internettechnologie des 21.<\/span><\/p>\n<p>Das sch\u00f6ne DGT E-Board l\u00e4sst sich einfach an den USB-Anschluss Ihres PCs anschlie\u00dfen. Mit dem DGT E-Board k\u00f6nnen Sie online auf Internet-Schachseiten wie PlayChess, Chess 21 und ICC spielen. Das geniale e-Board dient als Eingabeger\u00e4t f\u00fcr alle wichtigen Spielprogramme.<\/p>\n<p>Das DGT e-Board ist das ultimative Schach-PC-Interface. Es verleiht Ihrem Schachvergn\u00fcgen eine neue Dimension. Ein typisches DGT-Produkt. Innovativ, entwickelt f\u00fcr den echten Schachliebhaber. Hohe Qualit\u00e4t und ein gutes Preis-Leistungs-Verh\u00e4ltnis.<\/p>\n<p>Die Geschenkbox kommt mit einer Sonderausgabe des ber\u00fchmten Fritz-Programms und 100 Tagen freiem Zugang zu PlayChess.com.<\/p>\n<p>\u2022 \u00dcbertragen Sie Schachpartien \u00fcber das Internet. Ideal f\u00fcr Turnierpr\u00e4sentationen.<br \/>\n\u2022 Lassen Sie den Computer die Partien analysieren, w\u00e4hrend Sie gegen einen menschlichen Gegner spielen.<br \/>\n\u2022 Speichern Sie Partien automatisch im Speicher des Brettes, w\u00e4hrend Sie spielen, und rufen Sie die Partien sp\u00e4ter als PGN-Dateien ab.<br \/>\n\u2022 Das elektronische DGT-Schachbrett verleiht Ihrem Schachvergn\u00fcgen eine neue Dimension.<br \/>\n\u2022 Das DGT e-board verbindet ein wundersch\u00f6nes klassisches Holzschachbrett m\u00fchelos mit Ihrem PC und erm\u00f6glicht es Ihnen, direkt gegen die besten Schachprogramme der Welt zu spielen.<br \/>\n\u2022 Schluss mit RSI und m\u00fcden Augen.<br \/>\n\u2022 Auch das Online-Spielen \u00fcber das Internet ist problemlos m\u00f6glich.<br \/>\n\u2022 F\u00fcr Vereine und Turnierorganisationen ist das DGT e-board die einfachste M\u00f6glichkeit, einem gro\u00dfen Publikum Live-\u00dcbertragungen im Internet zu pr\u00e4sentieren.<br \/>\n\u2022 Das DGT e-board wird \u00fcber einen USB-Anschluss an die Schachuhr DGT XL oder DGT 3000 angeschlossen.<\/p>\n<div>Ma\u00dfe Schachbrett: 54 x 54 x 2,3 cm<br \/>\nFeld: 5,5 cm<\/div>\n<div><\/div>\n<div>Abmessungen: (H\u00f6he der Figur | Durchmesser der Basis)<br \/>\nK\u00f6nig: 9,7 cm \/ 3,5 cm<br \/>\nDame: 8, cm \/ 3,6 cm<br \/>\nTurm: 5,5 cm \/ 3,3 cm<br \/>\nL\u00e4ufer: 7 cm \/ 3,2 cm<br \/>\nSpringer: 7 cm \/ 3,2 cm<br \/>\nBauer: 4,5 cm \/ 2,7 cm<\/div>\n<div>\n<div><\/div>\n<div>Nicht f\u00fcr Kinder unter 3 Jahren geeignet.<\/div>\n<\/div>\n<div><\/div>","protected":false},"excerpt":{"rendered":"<p>Plug &amp; play DGT elektronska \u0161ahovnica vas popelje v dva nova svetova:. Va\u0161a partija se prena\u0161a prena\u0161a direktno na ra\u010dunalnik in\/ali internet. Prelep klasi\u010den DGT-jev e-Board se zlahka pove\u017ee z va\u0161im osebnim ra\u010dunalnikom preko USB povezave. Z DGT e-Boardom lahko igrate na spletnih straneh kot so PlayChess, Chess21 in ICC. Pametni e-Board deluje kot vstopna [&hellip;]<\/p>","protected":false},"featured_media":51376,"comment_status":"closed","ping_status":"closed","template":"","meta":{"_seopress_robots_primary_cat":"none","_seopress_titles_title":"","_seopress_titles_desc":"","_seopress_robots_index":""},"product_brand":[],"product_cat":[619,510],"product_tag":[],"class_list":{"0":"post-51363","1":"product","2":"type-product","3":"status-publish","4":"has-post-thumbnail","6":"product_cat-elektronski-sahi","7":"product_cat-sahovski-kompleti","9":"entry","10":"has-media","12":"first","13":"instock","14":"taxable","15":"shipping-taxable","16":"purchasable","17":"product-type-simple","18":"has-product-nav","19":"col","20":"span_1_of_4","21":"owp-content-center","22":"item-entry","23":"owp-thumbs-layout-horizontal","24":"owp-btn-normal","25":"owp-tabs-layout-section"},"wcpa_form_fields":null,"_links":{"self":[{"href":"https:\/\/chessgamesemporium.com\/de\/wp-json\/wp\/v2\/product\/51363","targetHints":{"allow":["GET"]}}],"collection":[{"href":"https:\/\/chessgamesemporium.com\/de\/wp-json\/wp\/v2\/product"}],"about":[{"href":"https:\/\/chessgamesemporium.com\/de\/wp-json\/wp\/v2\/types\/product"}],"replies":[{"embeddable":true,"href":"https:\/\/chessgamesemporium.com\/de\/wp-json\/wp\/v2\/comments?post=51363"}],"version-history":[{"count":0,"href":"https:\/\/chessgamesemporium.com\/de\/wp-json\/wp\/v2\/product\/51363\/revisions"}],"wp:featuredmedia":[{"embeddable":true,"href":"https:\/\/chessgamesemporium.com\/de\/wp-json\/wp\/v2\/media\/51376"}],"wp:attachment":[{"href":"https:\/\/chessgamesemporium.com\/de\/wp-json\/wp\/v2\/media?parent=51363"}],"wp:term":[{"taxonomy":"product_brand","embeddable":true,"href":"https:\/\/chessgamesemporium.com\/de\/wp-json\/wp\/v2\/product_brand?post=51363"},{"taxonomy":"product_cat","embeddable":true,"href":"https:\/\/chessgamesemporium.com\/de\/wp-json\/wp\/v2\/product_cat?post=51363"},{"taxonomy":"product_tag","embeddable":true,"href":"https:\/\/chessgamesemporium.com\/de\/wp-json\/wp\/v2\/product_tag?post=51363"}],"curies":[{"name":"wp","href":"https:\/\/api.w.org\/{rel}","templated":true}]}}