{"id":51651,"date":"2023-10-09T08:04:59","date_gmt":"2023-10-09T08:04:59","guid":{"rendered":"https:\/\/chessgamesemporium.com\/?post_type=product&#038;p=51651"},"modified":"2024-05-16T10:16:39","modified_gmt":"2024-05-16T10:16:39","slug":"3d-puzzle-aus-holz-schlange","status":"publish","type":"product","link":"https:\/\/chessgamesemporium.com\/de\/shop\/puzzles-holzbausatze\/3d-puzzles-aus-holz\/3d-puzzle-aus-holz-schlange\/","title":{"rendered":"3D Puzzle aus Holz SCHLANGE"},"content":{"rendered":"<p>3D Puzzle aus Holz - Schlange<\/p>\n<p>Dr\u00fccken Sie die Formen vorsichtig aus den Sperrholzplatten, gl\u00e4tten Sie die Kanten mit Schleifpapier und setzen Sie die Formen wieder in die Platten ein.<br \/>\nDem Bausatz liegt eine Anleitung bei, die beim Zusammenbau hilft.<br \/>\nAuch das Bild auf dem Umschlag hilft beim Zusammenbau.<br \/>\nWenn die Verbindungsstellen zu fest sind, sollte erneut Schleifpapier verwendet werden. Wenn sie zu locker sind, verwenden Sie Holzleim.<br \/>\nDu kannst die Teile vor oder nach dem Zusammenbau bemalen.<\/p>\n<p>Nicht f\u00fcr Kinder unter 3 Jahren geeignet.<\/p>","protected":false},"excerpt":{"rendered":"<p>Lesena 3D sestavljanka &#8211; Ka\u010da Ko\u0161\u010dke sestavljanke previdno vzemite iz lesenih plo\u0161\u010d, zgladite robove z brusnim papirjem, in jih polo\u017eite nazaj v plo\u0161\u010de. Sestavljanko lahko sestavite s pomo\u010djo na\u010drta, pri sestavljanju pa si lahko pomagate tudi s sliko kon\u010dnega izdelka na embala\u017ei. \u010ce ko\u0161\u010dki pretesno sedajo skupaj, si pomagajte z brusnim papirjem. Ko\u0161\u010dke lahko tudi [&hellip;]<\/p>","protected":false},"featured_media":56072,"comment_status":"closed","ping_status":"closed","template":"","meta":{"_seopress_robots_primary_cat":"none","_seopress_titles_title":"","_seopress_titles_desc":"","_seopress_robots_index":""},"product_brand":[],"product_cat":[618,617],"product_tag":[],"class_list":{"0":"post-51651","1":"product","2":"type-product","3":"status-publish","4":"has-post-thumbnail","6":"product_cat-3d-lesene-sestavljanke","7":"product_cat-sestavljanke-puzzle","9":"entry","10":"has-media","12":"first","13":"instock","14":"taxable","15":"shipping-taxable","16":"purchasable","17":"product-type-simple","18":"has-product-nav","19":"col","20":"span_1_of_4","21":"owp-content-center","22":"item-entry","23":"owp-thumbs-layout-horizontal","24":"owp-btn-normal","25":"owp-tabs-layout-section","26":"has-no-thumbnails"},"wcpa_form_fields":null,"_links":{"self":[{"href":"https:\/\/chessgamesemporium.com\/de\/wp-json\/wp\/v2\/product\/51651","targetHints":{"allow":["GET"]}}],"collection":[{"href":"https:\/\/chessgamesemporium.com\/de\/wp-json\/wp\/v2\/product"}],"about":[{"href":"https:\/\/chessgamesemporium.com\/de\/wp-json\/wp\/v2\/types\/product"}],"replies":[{"embeddable":true,"href":"https:\/\/chessgamesemporium.com\/de\/wp-json\/wp\/v2\/comments?post=51651"}],"version-history":[{"count":0,"href":"https:\/\/chessgamesemporium.com\/de\/wp-json\/wp\/v2\/product\/51651\/revisions"}],"wp:featuredmedia":[{"embeddable":true,"href":"https:\/\/chessgamesemporium.com\/de\/wp-json\/wp\/v2\/media\/56072"}],"wp:attachment":[{"href":"https:\/\/chessgamesemporium.com\/de\/wp-json\/wp\/v2\/media?parent=51651"}],"wp:term":[{"taxonomy":"product_brand","embeddable":true,"href":"https:\/\/chessgamesemporium.com\/de\/wp-json\/wp\/v2\/product_brand?post=51651"},{"taxonomy":"product_cat","embeddable":true,"href":"https:\/\/chessgamesemporium.com\/de\/wp-json\/wp\/v2\/product_cat?post=51651"},{"taxonomy":"product_tag","embeddable":true,"href":"https:\/\/chessgamesemporium.com\/de\/wp-json\/wp\/v2\/product_tag?post=51651"}],"curies":[{"name":"wp","href":"https:\/\/api.w.org\/{rel}","templated":true}]}}