{"id":51814,"date":"2023-10-09T11:57:35","date_gmt":"2023-10-09T11:57:35","guid":{"rendered":"https:\/\/chessgamesemporium.com\/?post_type=product&#038;p=51814"},"modified":"2024-02-16T08:11:55","modified_gmt":"2024-02-16T08:11:55","slug":"tournament-go-set-21-mm-mit-uhr","status":"publish","type":"product","link":"https:\/\/chessgamesemporium.com\/de\/shop\/go-spiel-2\/go-spiel-sets\/tournament-go-set-21-mm-mit-uhr\/","title":{"rendered":"TOURNAMENT GO SET 21 mm mit UHR"},"content":{"rendered":"<p>Holzbrett<br \/>\nMa\u00dfe Brett: 475 x 424 x 10 mm<br \/>\nFeld: 24 x 22 mm<br \/>\nSteingr\u00f6\u00dfe: 21 mm<br \/>\nFarbe: Wei\u00df\/Schwarz<br \/>\nMaterial: Kunststoff<br \/>\n2 Holzschalen<\/p>\n<p>Uhr: Digitale Schachuhr DGT 3000<\/p>\n<p>Warnung! Nicht geeignet f\u00fcr Kinder unter 3 Jahren wegen Kleinteilen! Es besteht Erstickungsgefahr.<\/p>","protected":false},"excerpt":{"rendered":"<p>Lesena plo\u0161\u010da Dimenzije plo\u0161\u010de: 475 x 424 x 10 mm Velkost polja 24 x 22 mm Velikost kamnov: 21 mm Barva: \u010drna \/ bela Material: plastika 2 leseni \u0161atulji Ura: DGT3000 OPOZORILO! Ni primerno za otroke pod tretjim letom starosti.<\/p>","protected":false},"featured_media":51829,"comment_status":"closed","ping_status":"closed","template":"","meta":{"_seopress_robots_primary_cat":"none","_seopress_titles_title":"","_seopress_titles_desc":"","_seopress_robots_index":""},"product_brand":[],"product_cat":[612,615],"product_tag":[],"class_list":{"0":"post-51814","1":"product","2":"type-product","3":"status-publish","4":"has-post-thumbnail","6":"product_cat-go-igra","7":"product_cat-go-kompleti","9":"entry","10":"has-media","12":"first","13":"instock","14":"taxable","15":"shipping-taxable","16":"purchasable","17":"product-type-simple","18":"has-product-nav","19":"col","20":"span_1_of_4","21":"owp-content-center","22":"item-entry","23":"owp-thumbs-layout-horizontal","24":"owp-btn-normal","25":"owp-tabs-layout-section"},"wcpa_form_fields":null,"_links":{"self":[{"href":"https:\/\/chessgamesemporium.com\/de\/wp-json\/wp\/v2\/product\/51814","targetHints":{"allow":["GET"]}}],"collection":[{"href":"https:\/\/chessgamesemporium.com\/de\/wp-json\/wp\/v2\/product"}],"about":[{"href":"https:\/\/chessgamesemporium.com\/de\/wp-json\/wp\/v2\/types\/product"}],"replies":[{"embeddable":true,"href":"https:\/\/chessgamesemporium.com\/de\/wp-json\/wp\/v2\/comments?post=51814"}],"version-history":[{"count":0,"href":"https:\/\/chessgamesemporium.com\/de\/wp-json\/wp\/v2\/product\/51814\/revisions"}],"wp:featuredmedia":[{"embeddable":true,"href":"https:\/\/chessgamesemporium.com\/de\/wp-json\/wp\/v2\/media\/51829"}],"wp:attachment":[{"href":"https:\/\/chessgamesemporium.com\/de\/wp-json\/wp\/v2\/media?parent=51814"}],"wp:term":[{"taxonomy":"product_brand","embeddable":true,"href":"https:\/\/chessgamesemporium.com\/de\/wp-json\/wp\/v2\/product_brand?post=51814"},{"taxonomy":"product_cat","embeddable":true,"href":"https:\/\/chessgamesemporium.com\/de\/wp-json\/wp\/v2\/product_cat?post=51814"},{"taxonomy":"product_tag","embeddable":true,"href":"https:\/\/chessgamesemporium.com\/de\/wp-json\/wp\/v2\/product_tag?post=51814"}],"curies":[{"name":"wp","href":"https:\/\/api.w.org\/{rel}","templated":true}]}}