{"id":51886,"date":"2023-10-09T12:34:20","date_gmt":"2023-10-09T12:34:20","guid":{"rendered":"https:\/\/chessgamesemporium.com\/?post_type=product&#038;p=51886"},"modified":"2026-04-13T10:25:33","modified_gmt":"2026-04-13T10:25:33","slug":"go-buch-38-basic-josekis","status":"publish","type":"product","link":"https:\/\/chessgamesemporium.com\/de\/shop\/go-spiel-2\/go-spiel-bucher\/go-buch-38-basic-josekis\/","title":{"rendered":"GO Buch 38 BASIC JOSEKIS"},"content":{"rendered":"<p>Autor: Kiyoshi Kosugi, James Davies<br \/>\nErscheinungsjahr: 2017<br \/>\nSprache: Englisch<br \/>\nSeiten: 246<br \/>\nAbmessungen: 18,3 x 12,3 cm<br \/>\nEinband: Soft<\/p>\n<p>Beim Go-Spiel konzentrieren sich die Er\u00f6ffnungsz\u00fcge auf die Ecken des Brettes. Im Laufe der Jahrtausende des Go-Spiels wurde dieser Aspekt des Spiels intensiv studiert und eine gro\u00dfe Anzahl von Er\u00f6ffnungsformeln, oder Josekis, wurden entdeckt und verfeinert. Jeder Go-Spieler muss die grundlegenden Formeln beherrschen.<\/p>\n<p>38 Basic Joseki durchdringt das Labyrinth der Josekis, um dem Leser eine solide Grundlage f\u00fcr das Thema zu geben. Vom 3-3-Punkt bis zum 4-5-Punkt werden die wichtigsten Varianten der 38 gebr\u00e4uchlichsten Eckmuster vorgestellt. Dabei werden die wichtigsten Ideen in jedem Muster aufgezeigt und der Leser erf\u00e4hrt, wie er Josekis im Verh\u00e4ltnis zu anderen Steinen auf dem Brett ausw\u00e4hlen und einsetzen kann.<\/p>\n<p>Die Autoren, ein 8-facher japanischer Profi-Go-Spieler und ein starker amerikanischer Amateur, schreiben auf eine Art und Weise, die das Verst\u00e4ndnis des Lesers systematisch aufbaut und ihm hilft, einen flexiblen Ansatz zu entwickeln. Die Seiten dieses Buches \u00f6ffnen den Weg zu Joseki f\u00fcr alle.<\/p>","protected":false},"excerpt":{"rendered":"<p>Avtor Kiyoshi Kosugi, James Davies Leto izdaje 2017 Jezik Angle\u0161ki \u0160t. strani 246 Format 18,3 x 12,3 cm Platnice mehke V igri go se pri otvoritvah osredoto\u010damo na kote plo\u0161\u010de. V tiso\u010dletjih igranja je bil ta vidik igre intenzivno preu\u010den, veliko \u0161tevilo otvoritev ali josekijev pa je bilo odkritih in izpopolnjenih. Vsak GO igralec mora [&hellip;]<\/p>","protected":false},"featured_media":51921,"comment_status":"closed","ping_status":"closed","template":"","meta":{"_seopress_robots_primary_cat":"none","_seopress_titles_title":"","_seopress_titles_desc":"","_seopress_robots_index":""},"product_brand":[],"product_cat":[612,614],"product_tag":[],"class_list":{"0":"post-51886","1":"product","2":"type-product","3":"status-publish","4":"has-post-thumbnail","6":"product_cat-go-igra","7":"product_cat-knjige-za-go","9":"entry","10":"has-media","12":"first","13":"instock","14":"taxable","15":"shipping-taxable","16":"purchasable","17":"product-type-simple","18":"has-product-nav","19":"col","20":"span_1_of_4","21":"owp-content-center","22":"item-entry","23":"owp-thumbs-layout-horizontal","24":"owp-btn-normal","25":"owp-tabs-layout-section","26":"has-no-thumbnails"},"wcpa_form_fields":null,"_links":{"self":[{"href":"https:\/\/chessgamesemporium.com\/de\/wp-json\/wp\/v2\/product\/51886","targetHints":{"allow":["GET"]}}],"collection":[{"href":"https:\/\/chessgamesemporium.com\/de\/wp-json\/wp\/v2\/product"}],"about":[{"href":"https:\/\/chessgamesemporium.com\/de\/wp-json\/wp\/v2\/types\/product"}],"replies":[{"embeddable":true,"href":"https:\/\/chessgamesemporium.com\/de\/wp-json\/wp\/v2\/comments?post=51886"}],"version-history":[{"count":0,"href":"https:\/\/chessgamesemporium.com\/de\/wp-json\/wp\/v2\/product\/51886\/revisions"}],"wp:featuredmedia":[{"embeddable":true,"href":"https:\/\/chessgamesemporium.com\/de\/wp-json\/wp\/v2\/media\/51921"}],"wp:attachment":[{"href":"https:\/\/chessgamesemporium.com\/de\/wp-json\/wp\/v2\/media?parent=51886"}],"wp:term":[{"taxonomy":"product_brand","embeddable":true,"href":"https:\/\/chessgamesemporium.com\/de\/wp-json\/wp\/v2\/product_brand?post=51886"},{"taxonomy":"product_cat","embeddable":true,"href":"https:\/\/chessgamesemporium.com\/de\/wp-json\/wp\/v2\/product_cat?post=51886"},{"taxonomy":"product_tag","embeddable":true,"href":"https:\/\/chessgamesemporium.com\/de\/wp-json\/wp\/v2\/product_tag?post=51886"}],"curies":[{"name":"wp","href":"https:\/\/api.w.org\/{rel}","templated":true}]}}