{"id":52090,"date":"2023-10-11T05:41:36","date_gmt":"2023-10-11T05:41:36","guid":{"rendered":"https:\/\/chessgamesemporium.com\/?post_type=product&#038;p=52090"},"modified":"2024-03-14T08:30:59","modified_gmt":"2024-03-14T08:30:59","slug":"schachset-modern-black","status":"publish","type":"product","link":"https:\/\/chessgamesemporium.com\/de\/shop\/schachsets\/kombi-schachspiele\/schachset-modern-black\/","title":{"rendered":"Schachset MODERN BLACK"},"content":{"rendered":"<p>Schachfiguren:<br \/>\nModern gestaltete Schachfiguren<br \/>\nHandgefertigt und lackiert<br \/>\nGefilzt<br \/>\nAm besten geeignet f\u00fcr Schachbretter mit Felden zwischen 45 und 50 mm.<\/p>\n<p>Abmessungen: (H\u00f6he der Figur | Durchmesser der Basis)<br \/>\nK\u00f6nig: 7,5 cm | 2,7 cm<br \/>\nDame: 6,3 cm | 2,7 cm<br \/>\nTurm: 4,4 cm | 2,7 cm<br \/>\nL\u00e4ufer: 5,9 cm | 2,7 cm<br \/>\nSpringer: 4,8 cm | 2,7 cm<br \/>\nBauer: 4,1 cm | 2,6 cm<\/p>\n<p>Schachbrett aus Holz:<br \/>\nEin luxuri\u00f6ses Schachbrett aus Eschenholz und Mosaikkunst.<\/p>\n<p>Dieses Schachbrett ist unbemalt, so dass die nat\u00fcrlichen Holzfarben durchscheinen.<br \/>\nDas Brett wird lackiert, um seinen Glanz zu erh\u00f6hen und das Holz zu sch\u00fctzen.<\/p>\n<p>Feld: 45 x 45 mm<br \/>\nMa\u00dfe Schachbrett: 48 \u00d7 48 \u00d7 5 cm<\/p>\n<p>Warnung! Nicht geeignet f\u00fcr Kinder unter 3 Jahren wegen Kleinteilen! Es besteht Erstickungsgefahr.<\/p>","protected":false},"excerpt":{"rendered":"<p>Figure: Moderno oblikovane \u0161ahovske figure Ro\u010dno izdelane in ro\u010dno barvane Podlo\u017eene Primerne za \u0161ahovnice s poljem med 45 in 50 mm Dimenzije: (vi\u0161ina | premer podlage) Kralj: 7,5 cm | 2,7 cm Dama: 6,3 cm | 2,7 cm Top: 4,4 cm | 2,7 cm Lovec: 5,9 cm | 2,7 cm Skaka\u010d: 4,8 cm | 2,7 [&hellip;]<\/p>","protected":false},"featured_media":52126,"comment_status":"closed","ping_status":"closed","template":"","meta":{"_seopress_robots_primary_cat":"none","_seopress_titles_title":"","_seopress_titles_desc":"","_seopress_robots_index":""},"product_brand":[],"product_cat":[581,510],"product_tag":[],"class_list":{"0":"post-52090","1":"product","2":"type-product","3":"status-publish","4":"has-post-thumbnail","6":"product_cat-sestavljeni-kompleti","7":"product_cat-sahovski-kompleti","9":"entry","10":"has-media","12":"first","13":"instock","14":"taxable","15":"shipping-taxable","16":"purchasable","17":"product-type-simple","18":"has-product-nav","19":"col","20":"span_1_of_4","21":"owp-content-center","22":"item-entry","23":"owp-thumbs-layout-horizontal","24":"owp-btn-normal","25":"owp-tabs-layout-section"},"wcpa_form_fields":null,"_links":{"self":[{"href":"https:\/\/chessgamesemporium.com\/de\/wp-json\/wp\/v2\/product\/52090","targetHints":{"allow":["GET"]}}],"collection":[{"href":"https:\/\/chessgamesemporium.com\/de\/wp-json\/wp\/v2\/product"}],"about":[{"href":"https:\/\/chessgamesemporium.com\/de\/wp-json\/wp\/v2\/types\/product"}],"replies":[{"embeddable":true,"href":"https:\/\/chessgamesemporium.com\/de\/wp-json\/wp\/v2\/comments?post=52090"}],"version-history":[{"count":0,"href":"https:\/\/chessgamesemporium.com\/de\/wp-json\/wp\/v2\/product\/52090\/revisions"}],"wp:featuredmedia":[{"embeddable":true,"href":"https:\/\/chessgamesemporium.com\/de\/wp-json\/wp\/v2\/media\/52126"}],"wp:attachment":[{"href":"https:\/\/chessgamesemporium.com\/de\/wp-json\/wp\/v2\/media?parent=52090"}],"wp:term":[{"taxonomy":"product_brand","embeddable":true,"href":"https:\/\/chessgamesemporium.com\/de\/wp-json\/wp\/v2\/product_brand?post=52090"},{"taxonomy":"product_cat","embeddable":true,"href":"https:\/\/chessgamesemporium.com\/de\/wp-json\/wp\/v2\/product_cat?post=52090"},{"taxonomy":"product_tag","embeddable":true,"href":"https:\/\/chessgamesemporium.com\/de\/wp-json\/wp\/v2\/product_tag?post=52090"}],"curies":[{"name":"wp","href":"https:\/\/api.w.org\/{rel}","templated":true}]}}