{"id":52305,"date":"2023-10-12T07:57:09","date_gmt":"2023-10-12T07:57:09","guid":{"rendered":"https:\/\/chessgamesemporium.com\/?post_type=product&#038;p=52305"},"modified":"2026-04-20T15:33:22","modified_gmt":"2026-04-20T15:33:22","slug":"digitale-schachuhr-dgt-2500","status":"publish","type":"product","link":"https:\/\/chessgamesemporium.com\/de\/shop\/schachuhren\/digitale-uhren\/digitale-schachuhr-dgt-2500\/","title":{"rendered":"DGT 2500 digitale Schachuhr \u2013 FIDE Turnier"},"content":{"rendered":"<p>Die DGT2500 ist der neue Standard in der Partiezeitmessung, genehmigt und empfohlen vom Internationalen Schachverband FIDE.<br \/>\nEine gro\u00dfartige neue Schachuhr, die entwickelt wurde, um die Bed\u00fcrfnisse aller Spieler zu erf\u00fcllen. Mit 30 Jahren Erfahrung und vielen Jahren der Forschung hat DGT das Beste noch besser gemacht. Die Verbesserungen machen die DGT2500 zur besten Schachuhr auf dem Markt.<\/p>\n<p>Wird in Schachvereinen und Turnieren weltweit als zuverl\u00e4ssige und einfach zu bedienende digitale Schachuhr eingesetzt.<\/p>\n<p>Einige Highlights:<br \/>\nSuper klares Display<br \/>\nAktualisierte Zeitmessungsoptionen<br \/>\nBesser sichtbarer Hebel<br \/>\nBenutzerfreundlich<br \/>\nGeringerer Stromverbrauch<br \/>\nDGT-Garantie f\u00fcr Qualit\u00e4t<br \/>\nInnovative Fahnenstange<br \/>\nOptionaler automatischer Zeit\u00fcbergang<br \/>\nSchnelle Zeitstrafe<br \/>\nEmpfohlen von FIDE<\/p>\n<p>Ma\u00dfe der Uhr: 198 x 110 x 60 mm\/ 7,8\u2033 x 4,3\u2033 x 2,3\u2033<br \/>\nBildschirm-Abmessungen: 174 x 32 mm\/ 6,85\u2033 x 1,24\u2033<br \/>\nGewicht: 320 gr\/ 11,30 oz<\/p>\n<p>Technische Daten<br \/>\nBatterien<br \/>\n2x AA-Batterien (mitgeliefert)<br \/>\nGenauigkeit<br \/>\nmax. 0,5 s\/h<br \/>\nGeh\u00e4use<br \/>\nABS Kunststoff<\/p>","protected":false},"excerpt":{"rendered":"<p>Die DGT 2500 ist eine FIDE-zugelassene digitale Schachuhr. Sie verf\u00fcgt \u00fcber ein gro\u00dfes Display, mehrere Zeitmodi sowie Unterst\u00fctzung f\u00fcr Inkrement und Delay. Ideal f\u00fcr Vereine und ernsthafte Spieler.<\/p>","protected":false},"featured_media":52308,"comment_status":"closed","ping_status":"closed","template":"","meta":{"_seopress_robots_primary_cat":"none","_seopress_titles_title":"Digitalna \u0161ahovska ura DGT 2500 \u2013 FIDE, turnirska","_seopress_titles_desc":"","_seopress_robots_index":""},"product_brand":[],"product_cat":[513,520],"product_tag":[],"class_list":{"0":"post-52305","1":"product","2":"type-product","3":"status-publish","4":"has-post-thumbnail","6":"product_cat-sahovske-ure","7":"product_cat-digitalne-ure","9":"entry","10":"has-media","12":"first","13":"instock","14":"sale","15":"taxable","16":"shipping-taxable","17":"purchasable","18":"product-type-simple","19":"has-product-nav","20":"col","21":"span_1_of_4","22":"owp-content-center","23":"item-entry","24":"owp-thumbs-layout-horizontal","25":"owp-btn-normal","26":"owp-tabs-layout-section"},"wcpa_form_fields":null,"_links":{"self":[{"href":"https:\/\/chessgamesemporium.com\/de\/wp-json\/wp\/v2\/product\/52305","targetHints":{"allow":["GET"]}}],"collection":[{"href":"https:\/\/chessgamesemporium.com\/de\/wp-json\/wp\/v2\/product"}],"about":[{"href":"https:\/\/chessgamesemporium.com\/de\/wp-json\/wp\/v2\/types\/product"}],"replies":[{"embeddable":true,"href":"https:\/\/chessgamesemporium.com\/de\/wp-json\/wp\/v2\/comments?post=52305"}],"version-history":[{"count":0,"href":"https:\/\/chessgamesemporium.com\/de\/wp-json\/wp\/v2\/product\/52305\/revisions"}],"wp:featuredmedia":[{"embeddable":true,"href":"https:\/\/chessgamesemporium.com\/de\/wp-json\/wp\/v2\/media\/52308"}],"wp:attachment":[{"href":"https:\/\/chessgamesemporium.com\/de\/wp-json\/wp\/v2\/media?parent=52305"}],"wp:term":[{"taxonomy":"product_brand","embeddable":true,"href":"https:\/\/chessgamesemporium.com\/de\/wp-json\/wp\/v2\/product_brand?post=52305"},{"taxonomy":"product_cat","embeddable":true,"href":"https:\/\/chessgamesemporium.com\/de\/wp-json\/wp\/v2\/product_cat?post=52305"},{"taxonomy":"product_tag","embeddable":true,"href":"https:\/\/chessgamesemporium.com\/de\/wp-json\/wp\/v2\/product_tag?post=52305"}],"curies":[{"name":"wp","href":"https:\/\/api.w.org\/{rel}","templated":true}]}}