{"id":52376,"date":"2023-10-12T10:21:41","date_gmt":"2023-10-12T10:21:41","guid":{"rendered":"https:\/\/chessgamesemporium.com\/?post_type=product&#038;p=52376"},"modified":"2026-03-12T07:49:59","modified_gmt":"2026-03-12T07:49:59","slug":"conceptual-rook-endgames","status":"publish","type":"product","link":"https:\/\/chessgamesemporium.com\/de\/shop\/schachbucher\/endspiele\/conceptual-rook-endgames\/","title":{"rendered":"Conceptual Rook Endgames"},"content":{"rendered":"<p>Autor: Jacob Aagaard<br \/>\nErscheinungsjahr: 2023<br \/>\nSprache: Englisch<br \/>\nSeiten: 416<br \/>\nFormat: 24 x 17 cm<br \/>\nEiband: Hart<\/p>\n<p>Turmendspiele sind die am h\u00e4ufigsten wiederkehrenden Endspiele und auch einer der aufregendsten Bereiche des Schachs, mit verbl\u00fcffenden taktischen M\u00f6glichkeiten und schwindelerregenden Nuancen. Es \u00fcberrascht nicht, dass sie ein gro\u00dfes Thema in der Endspielliteratur sind, mit einem starken Fokus auf die theoretischen Stellungen und ihre Logik und festen Schlussfolgerungen (siehe das ausgezeichnete Theoretical Rook Endgames von GM Sam Shankland, das als Schwesterband zu diesem Buch ver\u00f6ffentlicht wurde und das beste Beispiel daf\u00fcr ist).<\/p>\n<p>Conceptual Rook Endgames geht in eine andere Richtung. Das Buch konzentriert sich auf zwei Dutzend Hauptkonzepte und erkl\u00e4rt die Mechanismen von Turmendspielen auf eine neuartige Weise, indem es mit einfachen Beispielen Grundlagen schafft, die auch in den kompliziertesten Beispielen zu sehen sind. Turmendspiele werden reichhaltig und \u00fcberraschend bleiben, wie sie es f\u00fcr die Gro\u00dfen sind, aber mit diesem Buch bewaffnet, wird Ihr Verst\u00e4ndnis f\u00fcr sie in die H\u00f6he schnellen.<\/p>","protected":false},"excerpt":{"rendered":"<p><a href=\"https:\/\/chessgamesemporium.com\/wp-content\/uploads\/2023\/10\/ConceptualRookEndgamesExcerpt.pdf\" target=\"_blank\" rel=\"noopener\">pdf-Auszug<\/a><\/p>","protected":false},"featured_media":52386,"comment_status":"closed","ping_status":"closed","template":"","meta":{"_seopress_robots_primary_cat":"none","_seopress_titles_title":"","_seopress_titles_desc":"","_seopress_robots_index":""},"product_brand":[],"product_cat":[609,512],"product_tag":[],"class_list":{"0":"post-52376","1":"product","2":"type-product","3":"status-publish","4":"has-post-thumbnail","6":"product_cat-koncnice","7":"product_cat-sahovske-knjige","8":"pa_avtor-jacob-aagaard","9":"pa_leto-izdaje-1037","10":"pa_nivo-knjige-napredni","11":"pa_stran-oboje-nevtralno","12":"pa_tip-knjige-koncnice","13":"pa_zalozba-quality-chess","15":"entry","16":"has-media","18":"first","19":"instock","20":"taxable","21":"shipping-taxable","22":"purchasable","23":"product-type-variable","24":"has-product-nav","25":"col","26":"span_1_of_4","27":"owp-content-center","28":"item-entry","29":"owp-thumbs-layout-horizontal","30":"owp-btn-normal","31":"owp-tabs-layout-section"},"wcpa_form_fields":null,"_links":{"self":[{"href":"https:\/\/chessgamesemporium.com\/de\/wp-json\/wp\/v2\/product\/52376","targetHints":{"allow":["GET"]}}],"collection":[{"href":"https:\/\/chessgamesemporium.com\/de\/wp-json\/wp\/v2\/product"}],"about":[{"href":"https:\/\/chessgamesemporium.com\/de\/wp-json\/wp\/v2\/types\/product"}],"replies":[{"embeddable":true,"href":"https:\/\/chessgamesemporium.com\/de\/wp-json\/wp\/v2\/comments?post=52376"}],"version-history":[{"count":0,"href":"https:\/\/chessgamesemporium.com\/de\/wp-json\/wp\/v2\/product\/52376\/revisions"}],"wp:featuredmedia":[{"embeddable":true,"href":"https:\/\/chessgamesemporium.com\/de\/wp-json\/wp\/v2\/media\/52386"}],"wp:attachment":[{"href":"https:\/\/chessgamesemporium.com\/de\/wp-json\/wp\/v2\/media?parent=52376"}],"wp:term":[{"taxonomy":"product_brand","embeddable":true,"href":"https:\/\/chessgamesemporium.com\/de\/wp-json\/wp\/v2\/product_brand?post=52376"},{"taxonomy":"product_cat","embeddable":true,"href":"https:\/\/chessgamesemporium.com\/de\/wp-json\/wp\/v2\/product_cat?post=52376"},{"taxonomy":"product_tag","embeddable":true,"href":"https:\/\/chessgamesemporium.com\/de\/wp-json\/wp\/v2\/product_tag?post=52376"}],"curies":[{"name":"wp","href":"https:\/\/api.w.org\/{rel}","templated":true}]}}