{"id":52835,"date":"2023-10-18T06:30:49","date_gmt":"2023-10-18T06:30:49","guid":{"rendered":"https:\/\/chessgamesemporium.com\/?post_type=product&#038;p=52835"},"modified":"2024-09-19T09:19:10","modified_gmt":"2024-09-19T09:19:10","slug":"3d-karton-puzzle-schloss-neuschwanstein","status":"publish","type":"product","link":"https:\/\/chessgamesemporium.com\/de\/shop\/puzzles-holzbausatze\/3d-puzzles-aus-karton\/3d-karton-puzzle-schloss-neuschwanstein\/","title":{"rendered":"3D-Karton-Puzzle SCHLOSS NEUSCHWANSTEIN"},"content":{"rendered":"<p>3D-Karton-Puzzle, Modell<\/p>\n<p>Abmessungen: 59 \u00d7 20 \u00d7 30 cm<br \/>\nB\u00f6gen mit Teilen: 11,5<br \/>\nMa\u00dfstab: 1:250<\/p>\n<p>Warnung! Nicht geeignet f\u00fcr Kinder unter 3 Jahren wegen Kleinteilen! Es besteht Erstickungsgefahr.<\/p>\n<p>Neuschwanstein ist ein neoromanisches Schloss aus dem 19. Jahrhundert auf einer Anh\u00f6he oberhalb des Dorfes Hohenschwangau bei F\u00fcssen im S\u00fcdwesten Bayerns. Das Schloss wurde von Ludwig II. von Bayern als R\u00fcckzugsort und als Hommage an Richard Wagner in Auftrag gegeben. Ludwig bezahlte das Schloss nicht aus bayerischen Staatsmitteln, sondern aus seinem pers\u00f6nlichen Verm\u00f6gen und durch eine umfangreiche Kreditaufnahme.\n\nDas Schloss war als Wohnsitz f\u00fcr den K\u00f6nig gedacht, bis er 1886 starb. Kurz nach seinem Tod wurde es der \u00d6ffentlichkeit zug\u00e4nglich gemacht, und seither haben mehr als 61 Millionen Menschen Schloss Neuschwanstein besucht. J\u00e4hrlich besuchen mehr als 1,3 Millionen Menschen das Schloss, im Sommer bis zu 6.000 pro Tag.<\/p>","protected":false},"excerpt":{"rendered":"<p>3D sestavljanka, model iz kartona Dimenzije: 59 x 20 x 30 cm \u0160tevilo kartonov s kosi: 11,5 Razmerje: 1:250 OPOZORILO! Ni primerno za otroke pod tretjim letom starosti. Neuschwanstein je grad, ki le\u017ei v bavarski pokrajini Allg\u00e4u v ob\u010dini Schwangau. Zgraditi ga je dal bavarski kralj Ludvik II. Bavarski. Gre za najznamenitej\u0161i grad tega kralja [&hellip;]<\/p>","protected":false},"featured_media":52838,"comment_status":"closed","ping_status":"closed","template":"","meta":{"_seopress_robots_primary_cat":"none","_seopress_titles_title":"","_seopress_titles_desc":"","_seopress_robots_index":""},"product_brand":[],"product_cat":[664,617],"product_tag":[],"class_list":{"0":"post-52835","1":"product","2":"type-product","3":"status-publish","4":"has-post-thumbnail","6":"product_cat-3d-kartonaste-sestavljanke","7":"product_cat-sestavljanke-puzzle","9":"entry","10":"has-media","12":"first","13":"instock","14":"taxable","15":"shipping-taxable","16":"purchasable","17":"product-type-simple","18":"has-product-nav","19":"col","20":"span_1_of_4","21":"owp-content-center","22":"item-entry","23":"owp-thumbs-layout-horizontal","24":"owp-btn-normal","25":"owp-tabs-layout-section","26":"has-no-thumbnails"},"wcpa_form_fields":null,"_links":{"self":[{"href":"https:\/\/chessgamesemporium.com\/de\/wp-json\/wp\/v2\/product\/52835","targetHints":{"allow":["GET"]}}],"collection":[{"href":"https:\/\/chessgamesemporium.com\/de\/wp-json\/wp\/v2\/product"}],"about":[{"href":"https:\/\/chessgamesemporium.com\/de\/wp-json\/wp\/v2\/types\/product"}],"replies":[{"embeddable":true,"href":"https:\/\/chessgamesemporium.com\/de\/wp-json\/wp\/v2\/comments?post=52835"}],"version-history":[{"count":0,"href":"https:\/\/chessgamesemporium.com\/de\/wp-json\/wp\/v2\/product\/52835\/revisions"}],"wp:featuredmedia":[{"embeddable":true,"href":"https:\/\/chessgamesemporium.com\/de\/wp-json\/wp\/v2\/media\/52838"}],"wp:attachment":[{"href":"https:\/\/chessgamesemporium.com\/de\/wp-json\/wp\/v2\/media?parent=52835"}],"wp:term":[{"taxonomy":"product_brand","embeddable":true,"href":"https:\/\/chessgamesemporium.com\/de\/wp-json\/wp\/v2\/product_brand?post=52835"},{"taxonomy":"product_cat","embeddable":true,"href":"https:\/\/chessgamesemporium.com\/de\/wp-json\/wp\/v2\/product_cat?post=52835"},{"taxonomy":"product_tag","embeddable":true,"href":"https:\/\/chessgamesemporium.com\/de\/wp-json\/wp\/v2\/product_tag?post=52835"}],"curies":[{"name":"wp","href":"https:\/\/api.w.org\/{rel}","templated":true}]}}