{"id":52880,"date":"2023-10-18T07:19:27","date_gmt":"2023-10-18T07:19:27","guid":{"rendered":"https:\/\/chessgamesemporium.com\/?post_type=product&#038;p=52880"},"modified":"2024-09-19T09:08:21","modified_gmt":"2024-09-19T09:08:21","slug":"3d-karton-puzzle-knochenhauer","status":"publish","type":"product","link":"https:\/\/chessgamesemporium.com\/de\/shop\/puzzles-holzbausatze\/3d-puzzles-aus-karton\/3d-karton-puzzle-knochenhauer\/","title":{"rendered":"3D-Karton-Puzzle KNOCHENHAUER"},"content":{"rendered":"<p>3D-Karton-Puzzle, Modell<\/p>\n<p>Abmessungen: 11 \u00d7 9 \u00d7 14 cm<br \/>\nB\u00f6gen mit Teilen: 2,5<br \/>\nMa\u00dfstab: 1:160<br \/>\nGeeignet f\u00fcr Modelleisenbahnen<\/p>\n<p>Das Knochenhauer-Amtshaus in Hildesheim wurde 1529 erbaut und sein Giebel war 26 Meter hoch. Zur Zeit seiner Erbauung war es nicht nur ein Symbol f\u00fcr b\u00fcrgerliche Macht und gesellschaftlichen Reichtum, sondern auch ein k\u00fcnstlerisches Meisterwerk der Sp\u00e4tgotik. Es gilt als das sch\u00f6nste Holzhaus der Welt. Nach 1945 wurde auf demselben Gel\u00e4nde ein Hotel gebaut. Durch die Hildesheimer B\u00fcrgerinitiative und mit Unterst\u00fctzung der Stadt konnte 1986 der Abriss des Geb\u00e4udes und 1989 der originalgetreue Wiederaufbau des Knochenhauer-Amtshauses an seinem Platz erreicht werden. F\u00fcr den Wiederaufbau wurden 400 Kubikmeter Eichenholz ben\u00f6tigt, die mit rund 7.500 Holzn\u00e4geln mit mehr als 4.300 Verbindungen von Zimmerleuten nach traditionellen Methoden zusammengef\u00fcgt wurden. Die Schnitzereien an den Balken und St\u00fctzen konnten dank der Photogrammetrie anhand alter Fotos reproduziert werden. Der Gew\u00f6lbekeller wurde aus Sandsteinbl\u00f6cken rekonstruiert, entsprechend einem Teil, der bei Ausgrabungen entdeckt worden war. Entnommen mit Dank und freundlicher Genehmigung aus der Brosch\u00fcre \"Hildesheimer Rosenroute\".<\/p>\n<p>Warnung! Nicht geeignet f\u00fcr Kinder unter 3 Jahren wegen Kleinteilen! Es besteht Erstickungsgefahr.<\/p>","protected":false},"excerpt":{"rendered":"<p>3D sestavljanka, model iz kartona Dimenzije 11 x 9 x 14 cm \u0160tevilo kartonov s kosi: 2,5 Razmerje: 1:160 Primerno za \u017eeleznice: DA Arhitekturno zelo znana stavba v Nem\u010diji OPOZORILO! Ni primerno za otroke pod tretjim letom starosti.<\/p>","protected":false},"featured_media":56034,"comment_status":"closed","ping_status":"closed","template":"","meta":{"_seopress_robots_primary_cat":"none","_seopress_titles_title":"","_seopress_titles_desc":"","_seopress_robots_index":""},"product_brand":[],"product_cat":[664,617],"product_tag":[],"class_list":{"0":"post-52880","1":"product","2":"type-product","3":"status-publish","4":"has-post-thumbnail","6":"product_cat-3d-kartonaste-sestavljanke","7":"product_cat-sestavljanke-puzzle","9":"entry","10":"has-media","12":"first","13":"instock","14":"taxable","15":"shipping-taxable","16":"purchasable","17":"product-type-simple","18":"has-product-nav","19":"col","20":"span_1_of_4","21":"owp-content-center","22":"item-entry","23":"owp-thumbs-layout-horizontal","24":"owp-btn-normal","25":"owp-tabs-layout-section","26":"has-no-thumbnails"},"wcpa_form_fields":null,"_links":{"self":[{"href":"https:\/\/chessgamesemporium.com\/de\/wp-json\/wp\/v2\/product\/52880","targetHints":{"allow":["GET"]}}],"collection":[{"href":"https:\/\/chessgamesemporium.com\/de\/wp-json\/wp\/v2\/product"}],"about":[{"href":"https:\/\/chessgamesemporium.com\/de\/wp-json\/wp\/v2\/types\/product"}],"replies":[{"embeddable":true,"href":"https:\/\/chessgamesemporium.com\/de\/wp-json\/wp\/v2\/comments?post=52880"}],"version-history":[{"count":0,"href":"https:\/\/chessgamesemporium.com\/de\/wp-json\/wp\/v2\/product\/52880\/revisions"}],"wp:featuredmedia":[{"embeddable":true,"href":"https:\/\/chessgamesemporium.com\/de\/wp-json\/wp\/v2\/media\/56034"}],"wp:attachment":[{"href":"https:\/\/chessgamesemporium.com\/de\/wp-json\/wp\/v2\/media?parent=52880"}],"wp:term":[{"taxonomy":"product_brand","embeddable":true,"href":"https:\/\/chessgamesemporium.com\/de\/wp-json\/wp\/v2\/product_brand?post=52880"},{"taxonomy":"product_cat","embeddable":true,"href":"https:\/\/chessgamesemporium.com\/de\/wp-json\/wp\/v2\/product_cat?post=52880"},{"taxonomy":"product_tag","embeddable":true,"href":"https:\/\/chessgamesemporium.com\/de\/wp-json\/wp\/v2\/product_tag?post=52880"}],"curies":[{"name":"wp","href":"https:\/\/api.w.org\/{rel}","templated":true}]}}