{"id":52915,"date":"2023-10-18T07:59:43","date_gmt":"2023-10-18T07:59:43","guid":{"rendered":"https:\/\/chessgamesemporium.com\/?post_type=product&#038;p=52915"},"modified":"2024-09-19T08:58:43","modified_gmt":"2024-09-19T08:58:43","slug":"3d-karton-puzzle-romischer-wachturm","status":"publish","type":"product","link":"https:\/\/chessgamesemporium.com\/de\/shop\/puzzles-holzbausatze\/3d-puzzles-aus-karton\/3d-karton-puzzle-romischer-wachturm\/","title":{"rendered":"3D-Karton-Puzzle R\u00d6MISCHER WACHTURM"},"content":{"rendered":"<p>3D-Karton-Puzzle, Modell<\/p>\n<p>Abmessungen: 8 \u00d7 8 \u00d7 13 cm<br \/>\nB\u00f6gen mit Teilen: 2<br \/>\nSchwierigkeitsgrad: 1<br \/>\nMa\u00dfstab: 1:87<br \/>\nGeeignet f\u00fcr Modelleisenbahnen<\/p>\n<p>Seit dem 1. Jahrhundert n. Chr. verf\u00fcgten die r\u00f6mischen Legionen \u00fcber Milit\u00e4rgarnisonen in den abgelegenen Provinzen, um die Grenzen des R\u00f6mischen Reiches zu sch\u00fctzen. Mehr als die H\u00e4lfte der ca. 30 Legionen war zwischen den M\u00fcndungen von Rhein und Donau stationiert. Die Nordgrenze des Reiches zwischen Rheinbrohl (bei Bonn) und Kelheim an der Donau galt als besonders gef\u00e4hrdet. Aus diesem Grund wurden ab 85 n. Chr. Befestigungsanlagen zum Schutz dieses Gebietes errichtet - der so genannte Limes. Die \u00e4lteren Teile des Limes bestanden aus einer Palisade mit Graben und W\u00e4llen. An anderen Stellen sch\u00fctzte eine fast 3 m hohe und 1 m breite Mauer die Grenze.\n<br><br>\nEntlang des 548 km langen Obergermanisch-Raetischen Limes gab es viele Wacht\u00fcrme. Die \u00e4lteren Holzt\u00fcrme wurden in der Mitte des 2. Jahrhunderts n. Chr. durch steinerne Wacht\u00fcrme ersetzt. Die Reste ihrer Fundamente sind h\u00e4ufig noch zu sehen und k\u00f6nnen besichtigt werden. Diese Ausgrabungen und die Reliefs auf der Trajanss\u00e4ule in Rom erm\u00f6glichen heute eine einigerma\u00dfen originalgetreue Rekonstruktion der Steinkastelle. Ein Beispiel f\u00fcr einen rekonstruierten Limeswachturm ist in der Saalburg bei Frankfurt zu sehen. Die Turmplattform wurde \u00fcber Leitern im Inneren des Turms erreicht, die im Falle eines Angriffs schnell hochgezogen werden konnten.\n<br><br>\nIm Laufe der Zeit entstanden Siedlungen in der N\u00e4he der Wacht\u00fcrme. Viele Ortsnamen erinnern noch heute an ihre r\u00f6mischen Urspr\u00fcnge. Eine \u00e4hnliche Grenzbefestigung wie der Limes wurde in Britannien gebaut - der Hadrianswall - wo Kaiser Hadrian (117-138 n. Chr.) den Norden des Landes abriegelte.<\/p>\n<p>Warnung! Nicht geeignet f\u00fcr Kinder unter 3 Jahren wegen Kleinteilen! Es besteht Erstickungsgefahr.<\/p>","protected":false},"excerpt":{"rendered":"<p>3D sestavljanka, model iz kartona Dimenzije 8 x 8 x 13 cm \u0160tevilo kartonov s kosi: 2 Ocena te\u017eavnosti: 1 Razmerje: 1:87 Primerno za \u017eeleznice: DA Rimski stolp OPOZORILO! Ni primerno za otroke pod tretjim letom starosti.<\/p>","protected":false},"featured_media":56042,"comment_status":"closed","ping_status":"closed","template":"","meta":{"_seopress_robots_primary_cat":"none","_seopress_titles_title":"","_seopress_titles_desc":"","_seopress_robots_index":""},"product_brand":[],"product_cat":[664,617],"product_tag":[],"class_list":{"0":"post-52915","1":"product","2":"type-product","3":"status-publish","4":"has-post-thumbnail","6":"product_cat-3d-kartonaste-sestavljanke","7":"product_cat-sestavljanke-puzzle","9":"entry","10":"has-media","12":"first","13":"instock","14":"taxable","15":"shipping-taxable","16":"purchasable","17":"product-type-simple","18":"has-product-nav","19":"col","20":"span_1_of_4","21":"owp-content-center","22":"item-entry","23":"owp-thumbs-layout-horizontal","24":"owp-btn-normal","25":"owp-tabs-layout-section","26":"has-no-thumbnails"},"wcpa_form_fields":null,"_links":{"self":[{"href":"https:\/\/chessgamesemporium.com\/de\/wp-json\/wp\/v2\/product\/52915","targetHints":{"allow":["GET"]}}],"collection":[{"href":"https:\/\/chessgamesemporium.com\/de\/wp-json\/wp\/v2\/product"}],"about":[{"href":"https:\/\/chessgamesemporium.com\/de\/wp-json\/wp\/v2\/types\/product"}],"replies":[{"embeddable":true,"href":"https:\/\/chessgamesemporium.com\/de\/wp-json\/wp\/v2\/comments?post=52915"}],"version-history":[{"count":0,"href":"https:\/\/chessgamesemporium.com\/de\/wp-json\/wp\/v2\/product\/52915\/revisions"}],"wp:featuredmedia":[{"embeddable":true,"href":"https:\/\/chessgamesemporium.com\/de\/wp-json\/wp\/v2\/media\/56042"}],"wp:attachment":[{"href":"https:\/\/chessgamesemporium.com\/de\/wp-json\/wp\/v2\/media?parent=52915"}],"wp:term":[{"taxonomy":"product_brand","embeddable":true,"href":"https:\/\/chessgamesemporium.com\/de\/wp-json\/wp\/v2\/product_brand?post=52915"},{"taxonomy":"product_cat","embeddable":true,"href":"https:\/\/chessgamesemporium.com\/de\/wp-json\/wp\/v2\/product_cat?post=52915"},{"taxonomy":"product_tag","embeddable":true,"href":"https:\/\/chessgamesemporium.com\/de\/wp-json\/wp\/v2\/product_tag?post=52915"}],"curies":[{"name":"wp","href":"https:\/\/api.w.org\/{rel}","templated":true}]}}