{"id":52960,"date":"2023-10-18T08:33:50","date_gmt":"2023-10-18T08:33:50","guid":{"rendered":"https:\/\/chessgamesemporium.com\/?post_type=product&#038;p=52960"},"modified":"2025-06-10T06:02:33","modified_gmt":"2025-06-10T06:02:33","slug":"kobra-wurfel","status":"publish","type":"product","link":"https:\/\/chessgamesemporium.com\/de\/shop\/gedankenspiele\/gedankenspiele-aus-holz-und-schaumstoff\/kobra-wurfel\/","title":{"rendered":"KOBRA-W\u00fcrfel"},"content":{"rendered":"<p>Abmessungen: 60 x 60 x 60 mm,<br \/>\n27 Teile<\/p>\n<p>Spieldauer: Ca. 15 Minuten<\/p>\n<p>Der W\u00fcrfel ist in 27 Segmente unterteilt, die durch eine Schnur verbunden sind. Wenn man ihn auseinander nimmt, sieht der W\u00fcrfel wie eine Schlange aus. Es erfordert etwas Einfallsreichtum, den W\u00fcrfel wieder zusammenzusetzen.<\/p>\n<p>Warnung! Nicht geeignet f\u00fcr Kinder unter 3 Jahren wegen Kleinteilen! Es besteht Erstickungsgefahr.<\/p>","protected":false},"excerpt":{"rendered":"<p>Dimenzije 60 x 60 x 60 mm. , 27 kosov Igralni \u010das: ca. 15 minut 27 kosov (3 x 3 x 3) je povezanih med seboj z vrvico. Ko se kocko razstavi izgleda kot ka\u010da. Za ponovno sestavo v kocko pa je potrebno kar nekaj iznajdljivosti. OPOZORILO! Ni primerno za otroke pod tretjim letom starosti.<\/p>","protected":false},"featured_media":52978,"comment_status":"closed","ping_status":"closed","template":"","meta":{"_seopress_robots_primary_cat":"none","_seopress_titles_title":"","_seopress_titles_desc":"","_seopress_robots_index":""},"product_brand":[],"product_cat":[663,616],"product_tag":[],"class_list":{"0":"post-52960","1":"product","2":"type-product","3":"status-publish","4":"has-post-thumbnail","6":"product_cat-lesene-penaste-miselne","7":"product_cat-miselne-igre","9":"entry","10":"has-media","12":"first","13":"outofstock","14":"taxable","15":"shipping-taxable","16":"purchasable","17":"product-type-simple","18":"has-product-nav","19":"col","20":"span_1_of_4","21":"owp-content-center","22":"item-entry","23":"owp-thumbs-layout-horizontal","24":"owp-btn-normal","25":"owp-tabs-layout-section"},"wcpa_form_fields":null,"_links":{"self":[{"href":"https:\/\/chessgamesemporium.com\/de\/wp-json\/wp\/v2\/product\/52960","targetHints":{"allow":["GET"]}}],"collection":[{"href":"https:\/\/chessgamesemporium.com\/de\/wp-json\/wp\/v2\/product"}],"about":[{"href":"https:\/\/chessgamesemporium.com\/de\/wp-json\/wp\/v2\/types\/product"}],"replies":[{"embeddable":true,"href":"https:\/\/chessgamesemporium.com\/de\/wp-json\/wp\/v2\/comments?post=52960"}],"version-history":[{"count":0,"href":"https:\/\/chessgamesemporium.com\/de\/wp-json\/wp\/v2\/product\/52960\/revisions"}],"wp:featuredmedia":[{"embeddable":true,"href":"https:\/\/chessgamesemporium.com\/de\/wp-json\/wp\/v2\/media\/52978"}],"wp:attachment":[{"href":"https:\/\/chessgamesemporium.com\/de\/wp-json\/wp\/v2\/media?parent=52960"}],"wp:term":[{"taxonomy":"product_brand","embeddable":true,"href":"https:\/\/chessgamesemporium.com\/de\/wp-json\/wp\/v2\/product_brand?post=52960"},{"taxonomy":"product_cat","embeddable":true,"href":"https:\/\/chessgamesemporium.com\/de\/wp-json\/wp\/v2\/product_cat?post=52960"},{"taxonomy":"product_tag","embeddable":true,"href":"https:\/\/chessgamesemporium.com\/de\/wp-json\/wp\/v2\/product_tag?post=52960"}],"curies":[{"name":"wp","href":"https:\/\/api.w.org\/{rel}","templated":true}]}}