{"id":52964,"date":"2023-10-18T10:59:10","date_gmt":"2023-10-18T10:59:10","guid":{"rendered":"https:\/\/chessgamesemporium.com\/?post_type=product&#038;p=52964"},"modified":"2024-11-17T18:45:57","modified_gmt":"2024-11-17T18:45:57","slug":"satz-mit-6-puzzles-happy-cube-little-genius","status":"publish","type":"product","link":"https:\/\/chessgamesemporium.com\/de\/shop\/gedankenspiele\/gedankenspiele-aus-holz-und-schaumstoff\/satz-mit-6-puzzles-happy-cube-little-genius\/","title":{"rendered":"Satz mit 6 Puzzles HAPPY CUBE \u2013 LITTLE GENIUS"},"content":{"rendered":"<p>Kleine Genius - Happy Cube \u2013 3-99 Jahre<\/p>\n<p>Die einfachste Version<\/p>\n<p>Happy Cube Puzzles sind langlebig, sicher hergestellt in Belgien - nach den strengsten Sicherheits- und Qualit\u00e4tsvorschriften. Spielen, basteln und lernen!<\/p>\n<p>*Satz mit 6<br \/>\n*Spa\u00df f\u00fcr die ganze Familie<br \/>\n*Kann von einem oder mehreren Spielern zusammengebaut werden<br \/>\n*Hergestellt in Europa<br \/>\n*\u00d6ko-Verpackung<br \/>\n*Hilft bei der Vertrauensbildung<br \/>\n*Hilft bei der Entwicklung des r\u00e4umlichen Vorstellungsverm\u00f6gens<br \/>\n*F\u00f6rdert die Feinmotorik<br \/>\n*Hergestellt aus 100% sicherem Schaumstoff<br \/>\n*Weich und unzerbrechlich<br \/>\n*Waschbar bei 30\u00b0C<\/p>\n<p>Warnung! Nicht geeignet f\u00fcr Kinder unter 3 Jahren wegen Kleinteilen! Es besteht Erstickungsgefahr.<\/p>","protected":false},"excerpt":{"rendered":"<p>Mali genij &#8211; Happy Cube &#8211; 3-99 let Najla\u017eja od verzij Sestavljanke Happy Cube so trajne, varno izdelane v Belgiji in ustrezajo najstro\u017ejim predpisom glede kakovosti in varnosti. Ustvjaj, igraj se in se u\u010di! *V kompletu 6 kosov *Zabava za vso dru\u017eino *Ker jih lahko sestavlja eden ali ve\u010d igralcev *Izdelane v Evropi *Eko embala\u017ea [&hellip;]<\/p>","protected":false},"featured_media":52990,"comment_status":"closed","ping_status":"closed","template":"","meta":{"_seopress_robots_primary_cat":"none","_seopress_titles_title":"","_seopress_titles_desc":"","_seopress_robots_index":""},"product_brand":[],"product_cat":[663,616],"product_tag":[],"class_list":{"0":"post-52964","1":"product","2":"type-product","3":"status-publish","4":"has-post-thumbnail","6":"product_cat-lesene-penaste-miselne","7":"product_cat-miselne-igre","9":"entry","10":"has-media","12":"first","13":"instock","14":"taxable","15":"shipping-taxable","16":"purchasable","17":"product-type-simple","18":"has-product-nav","19":"col","20":"span_1_of_4","21":"owp-content-center","22":"item-entry","23":"owp-thumbs-layout-horizontal","24":"owp-btn-normal","25":"owp-tabs-layout-section","26":"has-no-thumbnails"},"wcpa_form_fields":null,"_links":{"self":[{"href":"https:\/\/chessgamesemporium.com\/de\/wp-json\/wp\/v2\/product\/52964","targetHints":{"allow":["GET"]}}],"collection":[{"href":"https:\/\/chessgamesemporium.com\/de\/wp-json\/wp\/v2\/product"}],"about":[{"href":"https:\/\/chessgamesemporium.com\/de\/wp-json\/wp\/v2\/types\/product"}],"replies":[{"embeddable":true,"href":"https:\/\/chessgamesemporium.com\/de\/wp-json\/wp\/v2\/comments?post=52964"}],"version-history":[{"count":0,"href":"https:\/\/chessgamesemporium.com\/de\/wp-json\/wp\/v2\/product\/52964\/revisions"}],"wp:featuredmedia":[{"embeddable":true,"href":"https:\/\/chessgamesemporium.com\/de\/wp-json\/wp\/v2\/media\/52990"}],"wp:attachment":[{"href":"https:\/\/chessgamesemporium.com\/de\/wp-json\/wp\/v2\/media?parent=52964"}],"wp:term":[{"taxonomy":"product_brand","embeddable":true,"href":"https:\/\/chessgamesemporium.com\/de\/wp-json\/wp\/v2\/product_brand?post=52964"},{"taxonomy":"product_cat","embeddable":true,"href":"https:\/\/chessgamesemporium.com\/de\/wp-json\/wp\/v2\/product_cat?post=52964"},{"taxonomy":"product_tag","embeddable":true,"href":"https:\/\/chessgamesemporium.com\/de\/wp-json\/wp\/v2\/product_tag?post=52964"}],"curies":[{"name":"wp","href":"https:\/\/api.w.org\/{rel}","templated":true}]}}