{"id":53004,"date":"2023-10-18T11:13:54","date_gmt":"2023-10-18T11:13:54","guid":{"rendered":"https:\/\/chessgamesemporium.com\/?post_type=product&#038;p=53004"},"modified":"2024-10-03T09:00:23","modified_gmt":"2024-10-03T09:00:23","slug":"sestavljanka-happy-cube","status":"publish","type":"product","link":"https:\/\/chessgamesemporium.com\/de\/shop\/gedankenspiele\/gedankenspiele-aus-holz-und-schaumstoff\/sestavljanka-happy-cube\/","title":{"rendered":"HAPPY CUBE Puzzle"},"content":{"rendered":"<p>Happy Cube \u2013 5-99 Jahre<\/p>\n<p>Standardversion<br \/>\nDie Farbe des Puzzles kann von der auf dem Foto abweichen; das Produkt enth\u00e4lt 1 St\u00fcck.<\/p>\n<p>Happy Cube Puzzles sind langlebig, sicher hergestellt in Belgien - nach den strengsten Sicherheits- und Qualit\u00e4tsvorschriften. Spielen, basteln und lernen!<\/p>\n<p>*Spa\u00df f\u00fcr die ganze Familie<br \/>\n*Kann von einem oder mehreren Spielern zusammengebaut werden<br \/>\n*Hergestellt in Europa<br \/>\n*\u00d6ko-Verpackung<br \/>\n*Hilft bei der Vertrauensbildung<br \/>\n*Hilft bei der Entwicklung des r\u00e4umlichen Vorstellungsverm\u00f6gens<br \/>\n*F\u00f6rdert die Feinmotorik<br \/>\n*Hergestellt aus 100% sicherem Schaumstoff<br \/>\n*Weich und unzerbrechlich<br \/>\n*Waschbar bei 30\u00b0C<\/p>\n<p>Warnung! Nicht geeignet f\u00fcr Kinder unter 3 Jahren wegen Kleinteilen! Es besteht Erstickungsgefahr.<\/p>","protected":false},"excerpt":{"rendered":"<p>Happy Cube &#8211; 5-99 let Standardna verzija. Barva sestavljanke je lahko druga\u010dna kot na fotografiji, gre za 1 kos. Sestavljanke Happy Cube so trajne, varno izdelane v Belgiji in &#8211; -Ustrezajo najstro\u017ejim predpisom glede kakovosti in varnosti. Ustvari, igraj se in se u\u010di! *Zabava za vso dru\u017eino *Ker jih lahko sestavlja eden ali ve\u010d igralcev [&hellip;]<\/p>","protected":false},"featured_media":53018,"comment_status":"closed","ping_status":"closed","template":"","meta":{"_seopress_robots_primary_cat":"none","_seopress_titles_title":"","_seopress_titles_desc":"","_seopress_robots_index":""},"product_brand":[],"product_cat":[663,616],"product_tag":[],"class_list":{"0":"post-53004","1":"product","2":"type-product","3":"status-publish","4":"has-post-thumbnail","6":"product_cat-lesene-penaste-miselne","7":"product_cat-miselne-igre","9":"entry","10":"has-media","12":"first","13":"instock","14":"taxable","15":"shipping-taxable","16":"purchasable","17":"product-type-simple","18":"has-product-nav","19":"col","20":"span_1_of_4","21":"owp-content-center","22":"item-entry","23":"owp-thumbs-layout-horizontal","24":"owp-btn-normal","25":"owp-tabs-layout-section","26":"has-no-thumbnails"},"wcpa_form_fields":null,"_links":{"self":[{"href":"https:\/\/chessgamesemporium.com\/de\/wp-json\/wp\/v2\/product\/53004","targetHints":{"allow":["GET"]}}],"collection":[{"href":"https:\/\/chessgamesemporium.com\/de\/wp-json\/wp\/v2\/product"}],"about":[{"href":"https:\/\/chessgamesemporium.com\/de\/wp-json\/wp\/v2\/types\/product"}],"replies":[{"embeddable":true,"href":"https:\/\/chessgamesemporium.com\/de\/wp-json\/wp\/v2\/comments?post=53004"}],"version-history":[{"count":0,"href":"https:\/\/chessgamesemporium.com\/de\/wp-json\/wp\/v2\/product\/53004\/revisions"}],"wp:featuredmedia":[{"embeddable":true,"href":"https:\/\/chessgamesemporium.com\/de\/wp-json\/wp\/v2\/media\/53018"}],"wp:attachment":[{"href":"https:\/\/chessgamesemporium.com\/de\/wp-json\/wp\/v2\/media?parent=53004"}],"wp:term":[{"taxonomy":"product_brand","embeddable":true,"href":"https:\/\/chessgamesemporium.com\/de\/wp-json\/wp\/v2\/product_brand?post=53004"},{"taxonomy":"product_cat","embeddable":true,"href":"https:\/\/chessgamesemporium.com\/de\/wp-json\/wp\/v2\/product_cat?post=53004"},{"taxonomy":"product_tag","embeddable":true,"href":"https:\/\/chessgamesemporium.com\/de\/wp-json\/wp\/v2\/product_tag?post=53004"}],"curies":[{"name":"wp","href":"https:\/\/api.w.org\/{rel}","templated":true}]}}