{"id":53319,"date":"2023-11-02T12:54:48","date_gmt":"2023-11-02T12:54:48","guid":{"rendered":"https:\/\/chessgamesemporium.com\/?post_type=product&#038;p=53319"},"modified":"2023-11-10T08:49:06","modified_gmt":"2023-11-10T08:49:06","slug":"zaubertrick-die-grosse-flucht","status":"publish","type":"product","link":"https:\/\/chessgamesemporium.com\/de\/shop\/brettspiele\/zaubertrick-die-grosse-flucht\/","title":{"rendered":"Zaubertrick Die gro\u00dfe Flucht"},"content":{"rendered":"<p>Ein Beobachter fesselt die Handgelenke des Zauberers mit einem Metallschloss und einer Kette. Der Zauberer hat jedoch einen Trick in petto, mit dem er innerhalb eines Sekundenbruchteils entkommt. Einer der ber\u00fchmtesten Fluchttricks dieser Tage!<\/p>\n<p>Nicht f\u00fcr Kinder unter 3 Jahren geeignet.<\/p>","protected":false},"excerpt":{"rendered":"<p>Opazovalec varno zaklene \u010darovnikova zapestja s kovinsko verigo in klju\u010davnico. \u010carovnik ima v rokavu fantasti\u010dno skrivnost, katera se mu pomaga osvoboditi le v del\u010dku sekunde. Eden najbolj znanih trikov pobega znanih danes. Ni primerno za otroke do tretjega leta starosti.<\/p>","protected":false},"featured_media":53338,"comment_status":"closed","ping_status":"closed","template":"","meta":{"_seopress_robots_primary_cat":"none","_seopress_titles_title":"","_seopress_titles_desc":"","_seopress_robots_index":""},"product_brand":[],"product_cat":[677],"product_tag":[],"class_list":{"0":"post-53319","1":"product","2":"type-product","3":"status-publish","4":"has-post-thumbnail","6":"product_cat-druzabne-igre","8":"entry","9":"has-media","11":"first","12":"instock","13":"taxable","14":"shipping-taxable","15":"purchasable","16":"product-type-simple","17":"has-product-nav","18":"col","19":"span_1_of_4","20":"owp-content-center","21":"item-entry","22":"owp-thumbs-layout-horizontal","23":"owp-btn-normal","24":"owp-tabs-layout-section","25":"has-no-thumbnails"},"wcpa_form_fields":null,"_links":{"self":[{"href":"https:\/\/chessgamesemporium.com\/de\/wp-json\/wp\/v2\/product\/53319","targetHints":{"allow":["GET"]}}],"collection":[{"href":"https:\/\/chessgamesemporium.com\/de\/wp-json\/wp\/v2\/product"}],"about":[{"href":"https:\/\/chessgamesemporium.com\/de\/wp-json\/wp\/v2\/types\/product"}],"replies":[{"embeddable":true,"href":"https:\/\/chessgamesemporium.com\/de\/wp-json\/wp\/v2\/comments?post=53319"}],"version-history":[{"count":0,"href":"https:\/\/chessgamesemporium.com\/de\/wp-json\/wp\/v2\/product\/53319\/revisions"}],"wp:featuredmedia":[{"embeddable":true,"href":"https:\/\/chessgamesemporium.com\/de\/wp-json\/wp\/v2\/media\/53338"}],"wp:attachment":[{"href":"https:\/\/chessgamesemporium.com\/de\/wp-json\/wp\/v2\/media?parent=53319"}],"wp:term":[{"taxonomy":"product_brand","embeddable":true,"href":"https:\/\/chessgamesemporium.com\/de\/wp-json\/wp\/v2\/product_brand?post=53319"},{"taxonomy":"product_cat","embeddable":true,"href":"https:\/\/chessgamesemporium.com\/de\/wp-json\/wp\/v2\/product_cat?post=53319"},{"taxonomy":"product_tag","embeddable":true,"href":"https:\/\/chessgamesemporium.com\/de\/wp-json\/wp\/v2\/product_tag?post=53319"}],"curies":[{"name":"wp","href":"https:\/\/api.w.org\/{rel}","templated":true}]}}