{"id":53381,"date":"2023-11-03T10:57:06","date_gmt":"2023-11-03T10:57:06","guid":{"rendered":"https:\/\/chessgamesemporium.com\/?post_type=product&#038;p=53381"},"modified":"2023-11-15T12:26:40","modified_gmt":"2023-11-15T12:26:40","slug":"brettspiel-shut-the-box-12-kunstleder","status":"publish","type":"product","link":"https:\/\/chessgamesemporium.com\/de\/shop\/brettspiele\/brettspiel-shut-the-box-12-kunstleder\/","title":{"rendered":"Brettspiel SHUT The BOX 12 Kunstleder"},"content":{"rendered":"<p>Shut the box ist ein einfaches, aber lustiges Spiel. Die Spieler w\u00fcrfeln und schlie\u00dfen dann ein oder mehrere nummerierte Felder, die der Summe der gew\u00fcrfelten Zahlen entsprechen.<br \/>\nGewinner ist derjenige, der die niedrigste verbleibende Summe auf den sichtbaren Feldern hat.<\/p>\n<p>Abmessungen: 29,5 x 29,5 x 4 cm<br \/>\nMaterial: Teepflanzenholz, schwarz lackiert, und Kunstleder.<\/p>\n<p>Warnung! Nicht geeignet f\u00fcr Kinder unter 3 Jahren wegen Kleinteilen! Es besteht Erstickungsgefahr.<\/p>","protected":false},"excerpt":{"rendered":"<p>Shut the Box je enostavna, a zelo zabavna igra. Igralca me\u010deta kocke in zapirata eno ali ve\u010d \u0161tevilk, ki so se\u0161tevek cifer na kockah. Zmaga igralec, ki ima na koncu najmanj\u0161i se\u0161tevek vseh odprtih \u0161tevilk. Mere (v cm): 29,5 x 29,5 x 4 cm Material: \u010cajevec, \u010drno pobarvan in umetno usnje. OPOZORILO! Ni primerno za [&hellip;]<\/p>","protected":false},"featured_media":53420,"comment_status":"closed","ping_status":"closed","template":"","meta":{"_seopress_robots_primary_cat":"none","_seopress_titles_title":"","_seopress_titles_desc":"","_seopress_robots_index":""},"product_brand":[],"product_cat":[677],"product_tag":[],"class_list":{"0":"post-53381","1":"product","2":"type-product","3":"status-publish","4":"has-post-thumbnail","6":"product_cat-druzabne-igre","8":"entry","9":"has-media","11":"first","12":"instock","13":"taxable","14":"shipping-taxable","15":"purchasable","16":"product-type-simple","17":"has-product-nav","18":"col","19":"span_1_of_4","20":"owp-content-center","21":"item-entry","22":"owp-thumbs-layout-horizontal","23":"owp-btn-normal","24":"owp-tabs-layout-section","25":"has-no-thumbnails"},"wcpa_form_fields":null,"_links":{"self":[{"href":"https:\/\/chessgamesemporium.com\/de\/wp-json\/wp\/v2\/product\/53381","targetHints":{"allow":["GET"]}}],"collection":[{"href":"https:\/\/chessgamesemporium.com\/de\/wp-json\/wp\/v2\/product"}],"about":[{"href":"https:\/\/chessgamesemporium.com\/de\/wp-json\/wp\/v2\/types\/product"}],"replies":[{"embeddable":true,"href":"https:\/\/chessgamesemporium.com\/de\/wp-json\/wp\/v2\/comments?post=53381"}],"version-history":[{"count":0,"href":"https:\/\/chessgamesemporium.com\/de\/wp-json\/wp\/v2\/product\/53381\/revisions"}],"wp:featuredmedia":[{"embeddable":true,"href":"https:\/\/chessgamesemporium.com\/de\/wp-json\/wp\/v2\/media\/53420"}],"wp:attachment":[{"href":"https:\/\/chessgamesemporium.com\/de\/wp-json\/wp\/v2\/media?parent=53381"}],"wp:term":[{"taxonomy":"product_brand","embeddable":true,"href":"https:\/\/chessgamesemporium.com\/de\/wp-json\/wp\/v2\/product_brand?post=53381"},{"taxonomy":"product_cat","embeddable":true,"href":"https:\/\/chessgamesemporium.com\/de\/wp-json\/wp\/v2\/product_cat?post=53381"},{"taxonomy":"product_tag","embeddable":true,"href":"https:\/\/chessgamesemporium.com\/de\/wp-json\/wp\/v2\/product_tag?post=53381"}],"curies":[{"name":"wp","href":"https:\/\/api.w.org\/{rel}","templated":true}]}}