{"id":53384,"date":"2023-11-03T10:37:27","date_gmt":"2023-11-03T10:37:27","guid":{"rendered":"https:\/\/chessgamesemporium.com\/?post_type=product&#038;p=53384"},"modified":"2023-11-10T12:13:20","modified_gmt":"2023-11-10T12:13:20","slug":"brettspiel-mini-basketball","status":"publish","type":"product","link":"https:\/\/chessgamesemporium.com\/de\/shop\/brettspiele\/brettspiel-mini-basketball\/","title":{"rendered":"Brettspiel MINI BASKETBALL"},"content":{"rendered":"<p>Inhalt:<br \/>\nGummibaum Holzrahmen, Katapult, Ball<\/p>\n<p>Abmessungen: 24,5 x 24,5 x 25,5 cm<\/p>\n<p>Ein lustiges Miniatur-Sportspiel, das Reisen, Wohnungen oder B\u00fcros auflockert. Stellen Sie das Spiel auf einen Tisch, und der Spa\u00df kann beginnen!<br \/>\nSpa\u00df und Spannung garantiert!<\/p>\n<p>Warnung! Nicht geeignet f\u00fcr Kinder unter 3 Jahren wegen Kleinteilen! Es besteht Erstickungsgefahr.<\/p>","protected":false},"excerpt":{"rendered":"<p>Vsebuje: Ogrodje iz Kav\u010dukovca, katapult, \u017eogica. Dimenzije: 24,5 x 24,5 x 25,5 cm Zabavna namizna razli\u010dica ko\u0161arke, primerna za dom, pisarno ali za na pot. Igro postavimo na mizo in \u017ee se igra lahko za\u010dne. Vznemirjenje in zabava zagotovljena. OPOZORILO! Ni primerno za otroke pod tretjim letom starosti.<\/p>","protected":false},"featured_media":53414,"comment_status":"closed","ping_status":"closed","template":"","meta":{"_seopress_robots_primary_cat":"none","_seopress_titles_title":"","_seopress_titles_desc":"","_seopress_robots_index":""},"product_brand":[],"product_cat":[677],"product_tag":[],"class_list":{"0":"post-53384","1":"product","2":"type-product","3":"status-publish","4":"has-post-thumbnail","6":"product_cat-druzabne-igre","8":"entry","9":"has-media","11":"first","12":"instock","13":"taxable","14":"shipping-taxable","15":"purchasable","16":"product-type-simple","17":"has-product-nav","18":"col","19":"span_1_of_4","20":"owp-content-center","21":"item-entry","22":"owp-thumbs-layout-horizontal","23":"owp-btn-normal","24":"owp-tabs-layout-section","25":"has-no-thumbnails"},"wcpa_form_fields":null,"_links":{"self":[{"href":"https:\/\/chessgamesemporium.com\/de\/wp-json\/wp\/v2\/product\/53384","targetHints":{"allow":["GET"]}}],"collection":[{"href":"https:\/\/chessgamesemporium.com\/de\/wp-json\/wp\/v2\/product"}],"about":[{"href":"https:\/\/chessgamesemporium.com\/de\/wp-json\/wp\/v2\/types\/product"}],"replies":[{"embeddable":true,"href":"https:\/\/chessgamesemporium.com\/de\/wp-json\/wp\/v2\/comments?post=53384"}],"version-history":[{"count":0,"href":"https:\/\/chessgamesemporium.com\/de\/wp-json\/wp\/v2\/product\/53384\/revisions"}],"wp:featuredmedia":[{"embeddable":true,"href":"https:\/\/chessgamesemporium.com\/de\/wp-json\/wp\/v2\/media\/53414"}],"wp:attachment":[{"href":"https:\/\/chessgamesemporium.com\/de\/wp-json\/wp\/v2\/media?parent=53384"}],"wp:term":[{"taxonomy":"product_brand","embeddable":true,"href":"https:\/\/chessgamesemporium.com\/de\/wp-json\/wp\/v2\/product_brand?post=53384"},{"taxonomy":"product_cat","embeddable":true,"href":"https:\/\/chessgamesemporium.com\/de\/wp-json\/wp\/v2\/product_cat?post=53384"},{"taxonomy":"product_tag","embeddable":true,"href":"https:\/\/chessgamesemporium.com\/de\/wp-json\/wp\/v2\/product_tag?post=53384"}],"curies":[{"name":"wp","href":"https:\/\/api.w.org\/{rel}","templated":true}]}}