{"id":53610,"date":"2023-11-06T11:49:27","date_gmt":"2023-11-06T11:49:27","guid":{"rendered":"https:\/\/chessgamesemporium.com\/?post_type=product&#038;p=53610"},"modified":"2023-11-10T08:25:45","modified_gmt":"2023-11-10T08:25:45","slug":"brettspiel-roulette-zahlenrad-aus-bakalit","status":"publish","type":"product","link":"https:\/\/chessgamesemporium.com\/de\/shop\/brettspiele\/brettspiel-roulette-zahlenrad-aus-bakalit\/","title":{"rendered":"Brettspiel ROULETTE Zahlenrad aus Bakalit"},"content":{"rendered":"<p>Inhalt:<br \/>\nZahlenrad aus Bakalit und Metallspinner, 300 mm Durchmesser<br \/>\n700 x 400 mm gro\u00dfer Spielbogen, 2 Metallkugeln, 100 Spielsteine, Roulette-Schl\u00e4ger.<\/p>\n<p>Roulette ist ein unterhaltsames und spannendes Spiel, das es schon seit \u00fcber 300 Jahren gibt.<br \/>\nDer Name stammt aus dem Franz\u00f6sischen - \"la rou\u00e9\" - das Rad.<\/p>\n<p>Warnung! Nicht geeignet f\u00fcr Kinder unter 3 Jahren wegen Kleinteilen! Es besteht Erstickungsgefahr.<\/p>","protected":false},"excerpt":{"rendered":"<p>Vsebina: Bakalitna \u0160tevil\u010dnica in kovinska vrtavka, premer 300 mm. Dimenzije stavnega tepiha: ca. 700 x 400 mm, 2 kovinski kroglici, 100 plasti\u010dnih stavnih \u017eetovnov, Ruletni lopar\u010dek. Ruleta je zabavna in vznemirljiva igra \u017ee ve\u010d kot 300 let. Ime izhaja iz franco\u0161\u010dine in pomeni majhno kolo iz besede \u201cla rou\u00e9\u201d &#8211; kolo. OPOZORILO! Ni primerno za [&hellip;]<\/p>","protected":false},"featured_media":53623,"comment_status":"closed","ping_status":"closed","template":"","meta":{"_seopress_robots_primary_cat":"none","_seopress_titles_title":"","_seopress_titles_desc":"","_seopress_robots_index":""},"product_brand":[],"product_cat":[677],"product_tag":[],"class_list":{"0":"post-53610","1":"product","2":"type-product","3":"status-publish","4":"has-post-thumbnail","6":"product_cat-druzabne-igre","8":"entry","9":"has-media","11":"first","12":"instock","13":"taxable","14":"shipping-taxable","15":"purchasable","16":"product-type-simple","17":"has-product-nav","18":"col","19":"span_1_of_4","20":"owp-content-center","21":"item-entry","22":"owp-thumbs-layout-horizontal","23":"owp-btn-normal","24":"owp-tabs-layout-section","25":"has-no-thumbnails"},"wcpa_form_fields":null,"_links":{"self":[{"href":"https:\/\/chessgamesemporium.com\/de\/wp-json\/wp\/v2\/product\/53610","targetHints":{"allow":["GET"]}}],"collection":[{"href":"https:\/\/chessgamesemporium.com\/de\/wp-json\/wp\/v2\/product"}],"about":[{"href":"https:\/\/chessgamesemporium.com\/de\/wp-json\/wp\/v2\/types\/product"}],"replies":[{"embeddable":true,"href":"https:\/\/chessgamesemporium.com\/de\/wp-json\/wp\/v2\/comments?post=53610"}],"version-history":[{"count":0,"href":"https:\/\/chessgamesemporium.com\/de\/wp-json\/wp\/v2\/product\/53610\/revisions"}],"wp:featuredmedia":[{"embeddable":true,"href":"https:\/\/chessgamesemporium.com\/de\/wp-json\/wp\/v2\/media\/53623"}],"wp:attachment":[{"href":"https:\/\/chessgamesemporium.com\/de\/wp-json\/wp\/v2\/media?parent=53610"}],"wp:term":[{"taxonomy":"product_brand","embeddable":true,"href":"https:\/\/chessgamesemporium.com\/de\/wp-json\/wp\/v2\/product_brand?post=53610"},{"taxonomy":"product_cat","embeddable":true,"href":"https:\/\/chessgamesemporium.com\/de\/wp-json\/wp\/v2\/product_cat?post=53610"},{"taxonomy":"product_tag","embeddable":true,"href":"https:\/\/chessgamesemporium.com\/de\/wp-json\/wp\/v2\/product_tag?post=53610"}],"curies":[{"name":"wp","href":"https:\/\/api.w.org\/{rel}","templated":true}]}}