{"id":53809,"date":"2023-11-09T07:55:56","date_gmt":"2023-11-09T07:55:56","guid":{"rendered":"https:\/\/chessgamesemporium.com\/?post_type=product&#038;p=53809"},"modified":"2025-01-10T09:21:55","modified_gmt":"2025-01-10T09:21:55","slug":"einzigartige-schach-socken","status":"publish","type":"product","link":"https:\/\/chessgamesemporium.com\/de\/shop\/schachzubehor-2\/schachzubehor-schachzubehor\/einzigartige-schach-socken\/","title":{"rendered":"Einzigartige Schach-SOCKEN"},"content":{"rendered":"<p>Einzigartige Schach-SOCKEN<\/p>\n<p>Verschiedene Gr\u00f6\u00dfen<\/p>\n<p>Material:<\/p>\n<p>Baumwolle: 80 %<br \/>\nPolyamid: 17 %<br \/>\nElastan: 3 %<\/p>\n<p>Hochwertige Baumwolle und ein originelles Design. Mit einer Prise Fantasie und viel positiver Energie entsteht ein ideales Rezept f\u00fcr Socken, die man einfach ausprobieren muss!<\/p>","protected":false},"excerpt":{"rendered":"<p>Unikatne \u0161ahovske NOGAVICE Razli\u010dne dimenzije Material: Bomba\u017e: 80 % Poliamid: 17 % Elastan: 3 % Kveliteten bomba\u017e in originalni dizajn. \u0160\u010depec \u010darovnije in veliko pozitivne energije je idealen recept za nogavice, katere enostavno morate obuti.<\/p>","protected":false},"featured_media":53812,"comment_status":"closed","ping_status":"closed","template":"","meta":{"_seopress_robots_primary_cat":"none","_seopress_titles_title":"","_seopress_titles_desc":"","_seopress_robots_index":""},"product_brand":[],"product_cat":[547,548],"product_tag":[],"class_list":{"0":"post-53809","1":"product","2":"type-product","3":"status-publish","4":"has-post-thumbnail","6":"product_cat-razno-za-sah","7":"product_cat-razno-za-sah-razno-za-sah","9":"entry","10":"has-media","12":"first","13":"instock","14":"taxable","15":"shipping-taxable","16":"purchasable","17":"product-type-variable","18":"has-product-nav","19":"col","20":"span_1_of_4","21":"owp-content-center","22":"item-entry","23":"owp-thumbs-layout-horizontal","24":"owp-btn-normal","25":"owp-tabs-layout-section","26":"has-no-thumbnails"},"wcpa_form_fields":null,"_links":{"self":[{"href":"https:\/\/chessgamesemporium.com\/de\/wp-json\/wp\/v2\/product\/53809","targetHints":{"allow":["GET"]}}],"collection":[{"href":"https:\/\/chessgamesemporium.com\/de\/wp-json\/wp\/v2\/product"}],"about":[{"href":"https:\/\/chessgamesemporium.com\/de\/wp-json\/wp\/v2\/types\/product"}],"replies":[{"embeddable":true,"href":"https:\/\/chessgamesemporium.com\/de\/wp-json\/wp\/v2\/comments?post=53809"}],"version-history":[{"count":0,"href":"https:\/\/chessgamesemporium.com\/de\/wp-json\/wp\/v2\/product\/53809\/revisions"}],"wp:featuredmedia":[{"embeddable":true,"href":"https:\/\/chessgamesemporium.com\/de\/wp-json\/wp\/v2\/media\/53812"}],"wp:attachment":[{"href":"https:\/\/chessgamesemporium.com\/de\/wp-json\/wp\/v2\/media?parent=53809"}],"wp:term":[{"taxonomy":"product_brand","embeddable":true,"href":"https:\/\/chessgamesemporium.com\/de\/wp-json\/wp\/v2\/product_brand?post=53809"},{"taxonomy":"product_cat","embeddable":true,"href":"https:\/\/chessgamesemporium.com\/de\/wp-json\/wp\/v2\/product_cat?post=53809"},{"taxonomy":"product_tag","embeddable":true,"href":"https:\/\/chessgamesemporium.com\/de\/wp-json\/wp\/v2\/product_tag?post=53809"}],"curies":[{"name":"wp","href":"https:\/\/api.w.org\/{rel}","templated":true}]}}