{"id":53854,"date":"2023-11-09T10:24:24","date_gmt":"2023-11-09T10:24:24","guid":{"rendered":"https:\/\/chessgamesemporium.com\/?post_type=product&#038;p=53854"},"modified":"2023-11-15T12:36:45","modified_gmt":"2023-11-15T12:36:45","slug":"geschenkset-puzzles","status":"publish","type":"product","link":"https:\/\/chessgamesemporium.com\/de\/shop\/gedankenspiele\/gedankenspiele-aus-holz-und-schaumstoff\/geschenkset-puzzles\/","title":{"rendered":"Geschenkset Puzzles"},"content":{"rendered":"<p>Abmessungen der Schachtel: 325 x 135 x 45 mm<\/p>\n<p>Spieler: 1<br \/>\nEmpfohlenes Alter: 6+ Jahre<br \/>\nSpieldauer: Ca. 10 Minuten<br \/>\nSchwierigkeitsgrad: 2<\/p>\n<p>Ein Set mit 10 verschiedenen Holzpuzzles<\/p>\n<p>Warnung! Nicht geeignet f\u00fcr Kinder unter 3 Jahren wegen Kleinteilen! Es besteht Erstickungsgefahr.<\/p>","protected":false},"excerpt":{"rendered":"<p>Dimenzije \u0161katle 325 x 135 x 45 mm, \u0160tevilo igralcev: 1 Priporo\u010dena starost: nad 6 let Igralni \u010das: ca. 10 minut Ocena te\u017eavnosti:2 10 razli\u010dnih lesenih miselnih sestavljank OPOZORILO! Ni primerno za otroke pod tretjim letom starosti.<\/p>","protected":false},"featured_media":53857,"comment_status":"closed","ping_status":"closed","template":"","meta":{"_seopress_robots_primary_cat":"none","_seopress_titles_title":"","_seopress_titles_desc":"","_seopress_robots_index":""},"product_brand":[],"product_cat":[663,616],"product_tag":[],"class_list":{"0":"post-53854","1":"product","2":"type-product","3":"status-publish","4":"has-post-thumbnail","6":"product_cat-lesene-penaste-miselne","7":"product_cat-miselne-igre","9":"entry","10":"has-media","12":"first","13":"instock","14":"taxable","15":"shipping-taxable","16":"purchasable","17":"product-type-simple","18":"has-product-nav","19":"col","20":"span_1_of_4","21":"owp-content-center","22":"item-entry","23":"owp-thumbs-layout-horizontal","24":"owp-btn-normal","25":"owp-tabs-layout-section","26":"has-no-thumbnails"},"wcpa_form_fields":null,"_links":{"self":[{"href":"https:\/\/chessgamesemporium.com\/de\/wp-json\/wp\/v2\/product\/53854","targetHints":{"allow":["GET"]}}],"collection":[{"href":"https:\/\/chessgamesemporium.com\/de\/wp-json\/wp\/v2\/product"}],"about":[{"href":"https:\/\/chessgamesemporium.com\/de\/wp-json\/wp\/v2\/types\/product"}],"replies":[{"embeddable":true,"href":"https:\/\/chessgamesemporium.com\/de\/wp-json\/wp\/v2\/comments?post=53854"}],"version-history":[{"count":0,"href":"https:\/\/chessgamesemporium.com\/de\/wp-json\/wp\/v2\/product\/53854\/revisions"}],"wp:featuredmedia":[{"embeddable":true,"href":"https:\/\/chessgamesemporium.com\/de\/wp-json\/wp\/v2\/media\/53857"}],"wp:attachment":[{"href":"https:\/\/chessgamesemporium.com\/de\/wp-json\/wp\/v2\/media?parent=53854"}],"wp:term":[{"taxonomy":"product_brand","embeddable":true,"href":"https:\/\/chessgamesemporium.com\/de\/wp-json\/wp\/v2\/product_brand?post=53854"},{"taxonomy":"product_cat","embeddable":true,"href":"https:\/\/chessgamesemporium.com\/de\/wp-json\/wp\/v2\/product_cat?post=53854"},{"taxonomy":"product_tag","embeddable":true,"href":"https:\/\/chessgamesemporium.com\/de\/wp-json\/wp\/v2\/product_tag?post=53854"}],"curies":[{"name":"wp","href":"https:\/\/api.w.org\/{rel}","templated":true}]}}