{"id":54043,"date":"2023-11-10T11:40:17","date_gmt":"2023-11-10T11:40:17","guid":{"rendered":"https:\/\/chessgamesemporium.com\/?post_type=product&#038;p=54043"},"modified":"2023-11-10T11:50:16","modified_gmt":"2023-11-10T11:50:16","slug":"holz-rummy-set-premium","status":"publish","type":"product","link":"https:\/\/chessgamesemporium.com\/de\/shop\/brettspiele\/holz-rummy-set-premium\/","title":{"rendered":"Holz Rummy-Set PREMIUM"},"content":{"rendered":"<p>Inhalt: 4 Holzst\u00e4nder, 4 Stoffbeutel, 106 hochwertige Kunststoff-Fliesen in einem Kunststoffbecher, 1 W\u00fcrfel, Reisetasche.<\/p>\n<p>ST\u00c4NDER:<br \/>\nMaterial: Holz<br \/>\nAbmessungen: 43 x 6,5 x 7 cm<\/p>\n<p>SPIELKACHELN:<br \/>\nMaterial: Kunststoff<br \/>\nAbmessungen: 4,2 x 2,8 cm<\/p>\n<p>Dieses wunderbare Spiel ist aus hochwertigem Holz gefertigt, was ihm ein rustikales Aussehen und hohe Qualit\u00e4t verleiht.<\/p>\n<p>Warnung! Nicht geeignet f\u00fcr Kinder unter 3 Jahren wegen Kleinteilen! Es besteht Erstickungsgefahr.<\/p>","protected":false},"excerpt":{"rendered":"<p>Vsebina: 4 lesena stojala, vsako v svoji torbici iz tkanine, 106 plo\u0161\u010dic vrhunske kakovosti v plasti\u010dni posodici, 1 kocko, visokokakovostno potovalno torbo, ki olaj\u0161a prena\u0161anje in shranjevanje. STOJALO: Material: les Dimenzije: 43 x 6,5 x 7 cm PLO\u0160\u010cICE: Material: Plastika Dimenzije: 4,2 x 2,8 cm Ta \u010dudovita igra je narejena iz\u00a0 lesa. To daje rustikalen [&hellip;]<\/p>","protected":false},"featured_media":54046,"comment_status":"closed","ping_status":"closed","template":"","meta":{"_seopress_robots_primary_cat":"none","_seopress_titles_title":"","_seopress_titles_desc":"","_seopress_robots_index":""},"product_brand":[],"product_cat":[677],"product_tag":[],"class_list":{"0":"post-54043","1":"product","2":"type-product","3":"status-publish","4":"has-post-thumbnail","6":"product_cat-druzabne-igre","8":"entry","9":"has-media","11":"first","12":"instock","13":"taxable","14":"shipping-taxable","15":"purchasable","16":"product-type-simple","17":"has-product-nav","18":"col","19":"span_1_of_4","20":"owp-content-center","21":"item-entry","22":"owp-thumbs-layout-horizontal","23":"owp-btn-normal","24":"owp-tabs-layout-section"},"wcpa_form_fields":null,"_links":{"self":[{"href":"https:\/\/chessgamesemporium.com\/de\/wp-json\/wp\/v2\/product\/54043","targetHints":{"allow":["GET"]}}],"collection":[{"href":"https:\/\/chessgamesemporium.com\/de\/wp-json\/wp\/v2\/product"}],"about":[{"href":"https:\/\/chessgamesemporium.com\/de\/wp-json\/wp\/v2\/types\/product"}],"replies":[{"embeddable":true,"href":"https:\/\/chessgamesemporium.com\/de\/wp-json\/wp\/v2\/comments?post=54043"}],"version-history":[{"count":0,"href":"https:\/\/chessgamesemporium.com\/de\/wp-json\/wp\/v2\/product\/54043\/revisions"}],"wp:featuredmedia":[{"embeddable":true,"href":"https:\/\/chessgamesemporium.com\/de\/wp-json\/wp\/v2\/media\/54046"}],"wp:attachment":[{"href":"https:\/\/chessgamesemporium.com\/de\/wp-json\/wp\/v2\/media?parent=54043"}],"wp:term":[{"taxonomy":"product_brand","embeddable":true,"href":"https:\/\/chessgamesemporium.com\/de\/wp-json\/wp\/v2\/product_brand?post=54043"},{"taxonomy":"product_cat","embeddable":true,"href":"https:\/\/chessgamesemporium.com\/de\/wp-json\/wp\/v2\/product_cat?post=54043"},{"taxonomy":"product_tag","embeddable":true,"href":"https:\/\/chessgamesemporium.com\/de\/wp-json\/wp\/v2\/product_tag?post=54043"}],"curies":[{"name":"wp","href":"https:\/\/api.w.org\/{rel}","templated":true}]}}