{"id":54185,"date":"2023-11-14T13:35:58","date_gmt":"2023-11-14T13:35:58","guid":{"rendered":"https:\/\/chessgamesemporium.com\/?post_type=product&#038;p=54185"},"modified":"2023-11-14T13:35:59","modified_gmt":"2023-11-14T13:35:59","slug":"mini-domino","status":"publish","type":"product","link":"https:\/\/chessgamesemporium.com\/de\/shop\/brettspiele\/mini-domino\/","title":{"rendered":"Mini DOMINO"},"content":{"rendered":"<p>Mini-Domino-Set aus Holz.<br \/>\nDoppelt 6<\/p>\n<p>Inhalt:<br \/>\n28 Holzsteine<br \/>\nHolzkiste zur Aufbewahrung der Dominosteine<\/p>\n<p>Abmessungen der Schachtel: 15 x 5,5 x 3,5 cm<br \/>\nAbmessungen der Dominosteine: 4 x 2 x 0,3 cm<\/p>\n<p>Warnung! Nicht geeignet f\u00fcr Kinder unter 3 Jahren wegen Kleinteilen! Es besteht Erstickungsgefahr.<\/p>\n<p>&nbsp;<\/p>","protected":false},"excerpt":{"rendered":"<p>Mini leseni Domino set. Dvojna 6 Vsebina: 28 lesenih plo\u0161\u010dic Lesena \u0161katla za shranjevanje domin Dimenzije \u0161katle (v cm): 15 x 5,5 x 3,5 Dimenzije domine (v cm): 4 x 2 x 0,3 OPOZORILO! Ni primerno za otroke pod tretjim letom starosti. &nbsp;<\/p>","protected":false},"featured_media":54189,"comment_status":"open","ping_status":"closed","template":"","meta":{"_seopress_robots_primary_cat":"","_seopress_titles_title":"","_seopress_titles_desc":"","_seopress_robots_index":""},"product_brand":[],"product_cat":[677],"product_tag":[],"class_list":{"0":"post-54185","1":"product","2":"type-product","3":"status-publish","4":"has-post-thumbnail","6":"product_cat-druzabne-igre","8":"entry","9":"has-media","11":"first","12":"instock","13":"taxable","14":"shipping-taxable","15":"purchasable","16":"product-type-simple","17":"has-product-nav","18":"col","19":"span_1_of_4","20":"owp-content-center","21":"item-entry","22":"owp-thumbs-layout-horizontal","23":"owp-btn-normal","24":"owp-tabs-layout-section","25":"has-no-thumbnails"},"wcpa_form_fields":null,"_links":{"self":[{"href":"https:\/\/chessgamesemporium.com\/de\/wp-json\/wp\/v2\/product\/54185","targetHints":{"allow":["GET"]}}],"collection":[{"href":"https:\/\/chessgamesemporium.com\/de\/wp-json\/wp\/v2\/product"}],"about":[{"href":"https:\/\/chessgamesemporium.com\/de\/wp-json\/wp\/v2\/types\/product"}],"replies":[{"embeddable":true,"href":"https:\/\/chessgamesemporium.com\/de\/wp-json\/wp\/v2\/comments?post=54185"}],"version-history":[{"count":0,"href":"https:\/\/chessgamesemporium.com\/de\/wp-json\/wp\/v2\/product\/54185\/revisions"}],"wp:featuredmedia":[{"embeddable":true,"href":"https:\/\/chessgamesemporium.com\/de\/wp-json\/wp\/v2\/media\/54189"}],"wp:attachment":[{"href":"https:\/\/chessgamesemporium.com\/de\/wp-json\/wp\/v2\/media?parent=54185"}],"wp:term":[{"taxonomy":"product_brand","embeddable":true,"href":"https:\/\/chessgamesemporium.com\/de\/wp-json\/wp\/v2\/product_brand?post=54185"},{"taxonomy":"product_cat","embeddable":true,"href":"https:\/\/chessgamesemporium.com\/de\/wp-json\/wp\/v2\/product_cat?post=54185"},{"taxonomy":"product_tag","embeddable":true,"href":"https:\/\/chessgamesemporium.com\/de\/wp-json\/wp\/v2\/product_tag?post=54185"}],"curies":[{"name":"wp","href":"https:\/\/api.w.org\/{rel}","templated":true}]}}