{"id":54201,"date":"2023-11-15T12:20:25","date_gmt":"2023-11-15T12:20:25","guid":{"rendered":"https:\/\/chessgamesemporium.com\/?post_type=product&#038;p=54201"},"modified":"2025-11-21T08:00:46","modified_gmt":"2025-11-21T08:00:46","slug":"kendama","status":"publish","type":"product","link":"https:\/\/chessgamesemporium.com\/de\/shop\/brettspiele\/kendama\/","title":{"rendered":"Kendama"},"content":{"rendered":"<p>Kendama ist ein traditionelles japanisches Geschicklichkeitsspiel. Ziel ist es, den Ball, der mit einer Schnur verbunden ist, in einem der drei Becher oder auf der Spitze des Griffs zu fangen.<\/p>\n<p>Mit \u00fcber 1000 verschiedenen Tricks kann man seiner Fantasie freien Lauf lassen, wenn man den Ball herumschwingt.<br \/>\nDieses einfache Spiel regt nicht nur die Fantasie an, sondern f\u00f6rdert auch die Ausdauer, die Konzentration, die Hand-Augen-Koordination und die motorischen F\u00e4higkeiten.<\/p>\n<p>Abmessungen: 60 x 70 x 180 mm<br \/>\nMaterial: Schwarzes Robinienholz<\/p>\n<p>&nbsp;<\/p>","protected":false},"excerpt":{"rendered":"<p>Kendama je tradicionalna japonska igra spretnosti. Cilj igre je ujeti \u017eogico, ki je pritrjena na vrvico, z eno od treh skodelic ali konice na lesenem ro\u010daju. \u010ceprav obstaja okoli 1000 razli\u010dnih mo\u017enosti trikov, va\u0161a domi\u0161ljija ne bo imela meja pri zamahu \u017eogice. Ta preprosta igra ne samo, da vzbudi va\u0161e navdu\u0161enje, ampak tudi pove\u010da va\u0161o [&hellip;]<\/p>","protected":false},"featured_media":54296,"comment_status":"open","ping_status":"closed","template":"","meta":{"_seopress_robots_primary_cat":"none","_seopress_titles_title":"","_seopress_titles_desc":"","_seopress_robots_index":""},"product_brand":[],"product_cat":[677],"product_tag":[],"class_list":{"0":"post-54201","1":"product","2":"type-product","3":"status-publish","4":"has-post-thumbnail","6":"product_cat-druzabne-igre","8":"entry","9":"has-media","11":"first","12":"outofstock","13":"taxable","14":"shipping-taxable","15":"product-type-variable","16":"has-product-nav","17":"col","18":"span_1_of_4","19":"owp-content-center","20":"item-entry","21":"owp-thumbs-layout-horizontal","22":"owp-btn-normal","23":"owp-tabs-layout-section"},"wcpa_form_fields":null,"_links":{"self":[{"href":"https:\/\/chessgamesemporium.com\/de\/wp-json\/wp\/v2\/product\/54201","targetHints":{"allow":["GET"]}}],"collection":[{"href":"https:\/\/chessgamesemporium.com\/de\/wp-json\/wp\/v2\/product"}],"about":[{"href":"https:\/\/chessgamesemporium.com\/de\/wp-json\/wp\/v2\/types\/product"}],"replies":[{"embeddable":true,"href":"https:\/\/chessgamesemporium.com\/de\/wp-json\/wp\/v2\/comments?post=54201"}],"version-history":[{"count":0,"href":"https:\/\/chessgamesemporium.com\/de\/wp-json\/wp\/v2\/product\/54201\/revisions"}],"wp:featuredmedia":[{"embeddable":true,"href":"https:\/\/chessgamesemporium.com\/de\/wp-json\/wp\/v2\/media\/54296"}],"wp:attachment":[{"href":"https:\/\/chessgamesemporium.com\/de\/wp-json\/wp\/v2\/media?parent=54201"}],"wp:term":[{"taxonomy":"product_brand","embeddable":true,"href":"https:\/\/chessgamesemporium.com\/de\/wp-json\/wp\/v2\/product_brand?post=54201"},{"taxonomy":"product_cat","embeddable":true,"href":"https:\/\/chessgamesemporium.com\/de\/wp-json\/wp\/v2\/product_cat?post=54201"},{"taxonomy":"product_tag","embeddable":true,"href":"https:\/\/chessgamesemporium.com\/de\/wp-json\/wp\/v2\/product_tag?post=54201"}],"curies":[{"name":"wp","href":"https:\/\/api.w.org\/{rel}","templated":true}]}}