{"id":54343,"date":"2023-11-16T10:09:45","date_gmt":"2023-11-16T10:09:45","guid":{"rendered":"https:\/\/chessgamesemporium.com\/?post_type=product&#038;p=54343"},"modified":"2023-11-16T11:31:43","modified_gmt":"2023-11-16T11:31:43","slug":"wurfelbecher-mit-wurfel","status":"publish","type":"product","link":"https:\/\/chessgamesemporium.com\/de\/shop\/brettspiele\/wurfelbecher-mit-wurfel\/","title":{"rendered":"W\u00fcrfelbecher mit W\u00fcrfel"},"content":{"rendered":"<p>Ein W\u00fcrfelbecher ist ein Becher, mit dem eine gr\u00f6\u00dfere Anzahl von W\u00fcrfeln auf einmal gew\u00fcrfelt werden kann.<\/p>\n<p>Inhalt:<br \/>\n6 W\u00fcrfel, W\u00fcrfelbecher<\/p>\n<p>Material:<br \/>\nW\u00fcrfel: Kunststoff<br \/>\nBecher: Kunstleder<\/p>\n<p>Abmessungen: 90 x 75 x 60 mm<\/p>\n<p>Warnung! Nicht geeignet f\u00fcr Kinder unter 3 Jahren wegen Kleinteilen! Es besteht Erstickungsgefahr.<\/p>","protected":false},"excerpt":{"rendered":"<p>Lon\u010dek za kocke je lon\u010dek, v katerega se med igrami s kockami strese ve\u010d kock in jih nato strese na mizo. Uporablja se za prepre\u010devanje nepravilnosti med metanjem kocke. Vsebina: 6 kock, lon\u010dek za metanje kock Material: Kocke: plastika Lon\u010dek: umetno usnje Dimenzije: 90 x 75 x 60 mm OPOZORILO! Ni primerno za otroke pod [&hellip;]<\/p>","protected":false},"featured_media":54347,"comment_status":"open","ping_status":"closed","template":"","meta":{"_seopress_robots_primary_cat":"none","_seopress_titles_title":"","_seopress_titles_desc":"","_seopress_robots_index":""},"product_brand":[],"product_cat":[677],"product_tag":[],"class_list":{"0":"post-54343","1":"product","2":"type-product","3":"status-publish","4":"has-post-thumbnail","6":"product_cat-druzabne-igre","8":"entry","9":"has-media","11":"first","12":"instock","13":"taxable","14":"shipping-taxable","15":"purchasable","16":"product-type-simple","17":"has-product-nav","18":"col","19":"span_1_of_4","20":"owp-content-center","21":"item-entry","22":"owp-thumbs-layout-horizontal","23":"owp-btn-normal","24":"owp-tabs-layout-section"},"wcpa_form_fields":null,"_links":{"self":[{"href":"https:\/\/chessgamesemporium.com\/de\/wp-json\/wp\/v2\/product\/54343","targetHints":{"allow":["GET"]}}],"collection":[{"href":"https:\/\/chessgamesemporium.com\/de\/wp-json\/wp\/v2\/product"}],"about":[{"href":"https:\/\/chessgamesemporium.com\/de\/wp-json\/wp\/v2\/types\/product"}],"replies":[{"embeddable":true,"href":"https:\/\/chessgamesemporium.com\/de\/wp-json\/wp\/v2\/comments?post=54343"}],"version-history":[{"count":0,"href":"https:\/\/chessgamesemporium.com\/de\/wp-json\/wp\/v2\/product\/54343\/revisions"}],"wp:featuredmedia":[{"embeddable":true,"href":"https:\/\/chessgamesemporium.com\/de\/wp-json\/wp\/v2\/media\/54347"}],"wp:attachment":[{"href":"https:\/\/chessgamesemporium.com\/de\/wp-json\/wp\/v2\/media?parent=54343"}],"wp:term":[{"taxonomy":"product_brand","embeddable":true,"href":"https:\/\/chessgamesemporium.com\/de\/wp-json\/wp\/v2\/product_brand?post=54343"},{"taxonomy":"product_cat","embeddable":true,"href":"https:\/\/chessgamesemporium.com\/de\/wp-json\/wp\/v2\/product_cat?post=54343"},{"taxonomy":"product_tag","embeddable":true,"href":"https:\/\/chessgamesemporium.com\/de\/wp-json\/wp\/v2\/product_tag?post=54343"}],"curies":[{"name":"wp","href":"https:\/\/api.w.org\/{rel}","templated":true}]}}