{"id":55057,"date":"2023-12-01T06:55:24","date_gmt":"2023-12-01T06:55:24","guid":{"rendered":"https:\/\/chessgamesemporium.com\/?post_type=product&#038;p=55057"},"modified":"2023-12-01T06:55:25","modified_gmt":"2023-12-01T06:55:25","slug":"grosses-jenga-2","status":"publish","type":"product","link":"https:\/\/chessgamesemporium.com\/de\/shop\/brettspiele\/grosses-jenga-2\/","title":{"rendered":"Gro\u00dfes Jenga"},"content":{"rendered":"<p>Abmessungen 150 x 150 x 600 mm<\/p>\n<p>Spieler: 2-6<br \/>\nEmpfohlenes Alter: 6+ Jahre<br \/>\nSpieldauer: Ca. 10 Minuten<\/p>\n<p>Ein Turmspiel f\u00fcr mehrere Spieler. Wer hat die besten Nerven und die ruhigste Hand, um die Kl\u00f6tze aus dem Turm zu holen, ohne dass er umkippt?<\/p>","protected":false},"excerpt":{"rendered":"<p>Dimenzije 150 x 150 x 600 mm \u0160tevilo igralcev: 2-6 Priporo\u010dena starost: nad 6 let Igralni \u010das: ca. 10 minut Razstavljanje stolpa za ve\u010d igralcev. Kdo ima ve\u010d \u017eivcev in bolj spretno roko pri jemanju posameznih kosov iz stolpa, brez da se le ta podre.<\/p>","protected":false},"featured_media":54944,"comment_status":"open","ping_status":"closed","template":"","meta":{"_seopress_robots_primary_cat":"","_seopress_titles_title":"","_seopress_titles_desc":"","_seopress_robots_index":""},"product_brand":[],"product_cat":[677],"product_tag":[],"class_list":{"0":"post-55057","1":"product","2":"type-product","3":"status-publish","4":"has-post-thumbnail","6":"product_cat-druzabne-igre","8":"entry","9":"has-media","11":"first","12":"instock","13":"taxable","14":"shipping-taxable","15":"purchasable","16":"product-type-simple","17":"has-product-nav","18":"col","19":"span_1_of_4","20":"owp-content-center","21":"item-entry","22":"owp-thumbs-layout-horizontal","23":"owp-btn-normal","24":"owp-tabs-layout-section"},"wcpa_form_fields":null,"_links":{"self":[{"href":"https:\/\/chessgamesemporium.com\/de\/wp-json\/wp\/v2\/product\/55057","targetHints":{"allow":["GET"]}}],"collection":[{"href":"https:\/\/chessgamesemporium.com\/de\/wp-json\/wp\/v2\/product"}],"about":[{"href":"https:\/\/chessgamesemporium.com\/de\/wp-json\/wp\/v2\/types\/product"}],"replies":[{"embeddable":true,"href":"https:\/\/chessgamesemporium.com\/de\/wp-json\/wp\/v2\/comments?post=55057"}],"version-history":[{"count":0,"href":"https:\/\/chessgamesemporium.com\/de\/wp-json\/wp\/v2\/product\/55057\/revisions"}],"wp:featuredmedia":[{"embeddable":true,"href":"https:\/\/chessgamesemporium.com\/de\/wp-json\/wp\/v2\/media\/54944"}],"wp:attachment":[{"href":"https:\/\/chessgamesemporium.com\/de\/wp-json\/wp\/v2\/media?parent=55057"}],"wp:term":[{"taxonomy":"product_brand","embeddable":true,"href":"https:\/\/chessgamesemporium.com\/de\/wp-json\/wp\/v2\/product_brand?post=55057"},{"taxonomy":"product_cat","embeddable":true,"href":"https:\/\/chessgamesemporium.com\/de\/wp-json\/wp\/v2\/product_cat?post=55057"},{"taxonomy":"product_tag","embeddable":true,"href":"https:\/\/chessgamesemporium.com\/de\/wp-json\/wp\/v2\/product_tag?post=55057"}],"curies":[{"name":"wp","href":"https:\/\/api.w.org\/{rel}","templated":true}]}}