{"id":55079,"date":"2023-12-01T13:31:39","date_gmt":"2023-12-01T13:31:39","guid":{"rendered":"https:\/\/chessgamesemporium.com\/?post_type=product&#038;p=55079"},"modified":"2023-12-01T13:31:39","modified_gmt":"2023-12-01T13:31:39","slug":"mancala-holz","status":"publish","type":"product","link":"https:\/\/chessgamesemporium.com\/de\/shop\/brettspiele\/mancala-holz\/","title":{"rendered":"Mancala - aus Holz"},"content":{"rendered":"<p>Mancala, auch bekannt als Kalaha, ist ein sehr altes Strategiespiel f\u00fcr zwei Spieler. Es hat einfache Regeln und viele M\u00f6glichkeiten.<br \/>\nDer Gewinner ist derjenige, der mehr Steine in seiner \"Mancala\" f\u00e4ngt.<\/p>\n<p>Abmessungen: 245 x 130 x 50 mm<br \/>\nAbmessungen (offen): 490 x 130 x 25 mm<br \/>\nMaterial: Samanea-Holz<\/p>\n<p>&nbsp;<\/p>","protected":false},"excerpt":{"rendered":"<p>Mancala ali Kalaha je zelo stara strate\u0161ka igra za dva igralca. Igra ima zelo enostavna pravila in veliko mo\u017enosti. Zmagovalec je igralec, ki poje najve\u010d kamnov v svoji \u201cMancali\u201d. Dimenzije: 245 x 130 x 50 mm Dimenzije odprte igre: 490 x 130 x 25 mm Material: les (samanea wood) &nbsp;<\/p>","protected":false},"featured_media":55088,"comment_status":"open","ping_status":"closed","template":"","meta":{"_seopress_robots_primary_cat":"","_seopress_titles_title":"","_seopress_titles_desc":"","_seopress_robots_index":""},"product_brand":[],"product_cat":[677],"product_tag":[],"class_list":{"0":"post-55079","1":"product","2":"type-product","3":"status-publish","4":"has-post-thumbnail","6":"product_cat-druzabne-igre","8":"entry","9":"has-media","11":"first","12":"instock","13":"taxable","14":"shipping-taxable","15":"purchasable","16":"product-type-simple","17":"has-product-nav","18":"col","19":"span_1_of_4","20":"owp-content-center","21":"item-entry","22":"owp-thumbs-layout-horizontal","23":"owp-btn-normal","24":"owp-tabs-layout-section"},"wcpa_form_fields":null,"_links":{"self":[{"href":"https:\/\/chessgamesemporium.com\/de\/wp-json\/wp\/v2\/product\/55079","targetHints":{"allow":["GET"]}}],"collection":[{"href":"https:\/\/chessgamesemporium.com\/de\/wp-json\/wp\/v2\/product"}],"about":[{"href":"https:\/\/chessgamesemporium.com\/de\/wp-json\/wp\/v2\/types\/product"}],"replies":[{"embeddable":true,"href":"https:\/\/chessgamesemporium.com\/de\/wp-json\/wp\/v2\/comments?post=55079"}],"version-history":[{"count":0,"href":"https:\/\/chessgamesemporium.com\/de\/wp-json\/wp\/v2\/product\/55079\/revisions"}],"wp:featuredmedia":[{"embeddable":true,"href":"https:\/\/chessgamesemporium.com\/de\/wp-json\/wp\/v2\/media\/55088"}],"wp:attachment":[{"href":"https:\/\/chessgamesemporium.com\/de\/wp-json\/wp\/v2\/media?parent=55079"}],"wp:term":[{"taxonomy":"product_brand","embeddable":true,"href":"https:\/\/chessgamesemporium.com\/de\/wp-json\/wp\/v2\/product_brand?post=55079"},{"taxonomy":"product_cat","embeddable":true,"href":"https:\/\/chessgamesemporium.com\/de\/wp-json\/wp\/v2\/product_cat?post=55079"},{"taxonomy":"product_tag","embeddable":true,"href":"https:\/\/chessgamesemporium.com\/de\/wp-json\/wp\/v2\/product_tag?post=55079"}],"curies":[{"name":"wp","href":"https:\/\/api.w.org\/{rel}","templated":true}]}}