{"id":55231,"date":"2023-12-11T09:40:40","date_gmt":"2023-12-11T09:40:40","guid":{"rendered":"https:\/\/chessgamesemporium.com\/shop\/nekategorizirano\/54367-copy-2\/"},"modified":"2023-12-11T09:43:02","modified_gmt":"2023-12-11T09:43:02","slug":"54367-copy-2","status":"publish","type":"product","link":"https:\/\/chessgamesemporium.com\/de\/shop\/gedankenspiele\/gedankenspiele-aus-holz-und-schaumstoff\/54367-copy-2\/","title":{"rendered":"Geschenkset mit lustigen Spielen"},"content":{"rendered":"<p>Diese Sammlung enth\u00e4lt 5 verschiedene lustige Spiele:<\/p>\n<p>Labirynth: Dieses faszinierende Spiel ist ein Test f\u00fcr deine Geschicklichkeit und Geduld. Eine kleine Metallkugel muss entlang eines vorgegebenen Weges gelenkt werden, wobei die vielen L\u00f6cher auf dem Weg vermieden werden m\u00fcssen. Es liegt an Ihnen, das Spielbrett so zu neigen, dass die Kugel an den gef\u00e4hrlichen Stellen vorbei rollt.<\/p>\n<p>Solitaire: Solitaire ist ein Spiel f\u00fcr einen Spieler. Es wird auf einem Spielbrett mit 33 L\u00f6chern gespielt. Zu Beginn des Spiels sind alle L\u00f6cher bis auf das mittlere mit einer Spielfigur besetzt. Das Ziel des Spiels ist es, alle Spielsteine bis auf einen zu entfernen. Die Spielsteine k\u00f6nnen horizontal oder vertikal verschoben werden, wobei sie \u00fcber einen anderen Stein springen und diesen entfernen.<\/p>\n<p>Holzpuzzle: Das Auseinandernehmen und Zusammensetzen dieses Puzzles erfordert sorgf\u00e4ltige \u00dcberlegung und pr\u00e4zises Geschick.<\/p>\n<p>Jenga: Alle Holzteile werden zu Beginn des Spiels zu einem Turm gestapelt. Die Spieler nehmen abwechselnd einen Klotz aus dem Turm und setzen ihn auf die Spitze. Die Spieler m\u00fcssen Nervenst\u00e4rke und Geschicklichkeit beweisen, denn der Turm wird immer wackeliger. Das Spiel endet, wenn der Turm umkippt.<\/p>\n<p>Metallpuzzle: Das Ziel ist es, den Metallknoten auseinanderzunehmen und wieder zusammenzusetzen.<\/p>\n<p>Inhalt:<br \/>\n5 Spiele<\/p>\n<p>Material:<br \/>\nLabirynth, Solitaire, Holzpuzzle, Jenga: Holz<br \/>\nMetallknoten: Metall<\/p>\n<p>Abmessungen: 320 x 265 x 75 mm<\/p>\n<p>Warnung! Nicht geeignet f\u00fcr Kinder unter 3 Jahren wegen Kleinteilen! Es besteht Erstickungsgefahr.<\/p>","protected":false},"excerpt":{"rendered":"<p>Ta zbirka iger vklju\u010duje 5 razli\u010dnih zabavnih iger: Labirint: Ta fascinantna igra je zelo odvisna od va\u0161e lastne spretnosti, potrpe\u017eljivosti in sposobnosti. Majhna \u017eelezna krogla mora iti skozi dano pot, ki vsebuje veliko lukenj. Od va\u0161e spretnosti je odvisno, kdaj premakniti tablo, da se bo krogla kotalila skozi nevarna obmo\u010dja. Solitaire: Solitaire je igra za [&hellip;]<\/p>","protected":false},"featured_media":54374,"comment_status":"open","ping_status":"closed","template":"","meta":{"_seopress_robots_primary_cat":"none","_seopress_titles_title":"","_seopress_titles_desc":"","_seopress_robots_index":""},"product_brand":[],"product_cat":[663,616],"product_tag":[],"class_list":{"0":"post-55231","1":"product","2":"type-product","3":"status-publish","4":"has-post-thumbnail","6":"product_cat-lesene-penaste-miselne","7":"product_cat-miselne-igre","9":"entry","10":"has-media","12":"first","13":"instock","14":"taxable","15":"shipping-taxable","16":"purchasable","17":"product-type-simple","18":"has-product-nav","19":"col","20":"span_1_of_4","21":"owp-content-center","22":"item-entry","23":"owp-thumbs-layout-horizontal","24":"owp-btn-normal","25":"owp-tabs-layout-section"},"wcpa_form_fields":null,"_links":{"self":[{"href":"https:\/\/chessgamesemporium.com\/de\/wp-json\/wp\/v2\/product\/55231","targetHints":{"allow":["GET"]}}],"collection":[{"href":"https:\/\/chessgamesemporium.com\/de\/wp-json\/wp\/v2\/product"}],"about":[{"href":"https:\/\/chessgamesemporium.com\/de\/wp-json\/wp\/v2\/types\/product"}],"replies":[{"embeddable":true,"href":"https:\/\/chessgamesemporium.com\/de\/wp-json\/wp\/v2\/comments?post=55231"}],"version-history":[{"count":0,"href":"https:\/\/chessgamesemporium.com\/de\/wp-json\/wp\/v2\/product\/55231\/revisions"}],"wp:featuredmedia":[{"embeddable":true,"href":"https:\/\/chessgamesemporium.com\/de\/wp-json\/wp\/v2\/media\/54374"}],"wp:attachment":[{"href":"https:\/\/chessgamesemporium.com\/de\/wp-json\/wp\/v2\/media?parent=55231"}],"wp:term":[{"taxonomy":"product_brand","embeddable":true,"href":"https:\/\/chessgamesemporium.com\/de\/wp-json\/wp\/v2\/product_brand?post=55231"},{"taxonomy":"product_cat","embeddable":true,"href":"https:\/\/chessgamesemporium.com\/de\/wp-json\/wp\/v2\/product_cat?post=55231"},{"taxonomy":"product_tag","embeddable":true,"href":"https:\/\/chessgamesemporium.com\/de\/wp-json\/wp\/v2\/product_tag?post=55231"}],"curies":[{"name":"wp","href":"https:\/\/api.w.org\/{rel}","templated":true}]}}