{"id":55269,"date":"2023-12-14T10:54:23","date_gmt":"2023-12-14T10:54:23","guid":{"rendered":"https:\/\/chessgamesemporium.com\/?post_type=product&#038;p=55269"},"modified":"2026-02-06T08:59:02","modified_gmt":"2026-02-06T08:59:02","slug":"schachset-dgt-plastik","status":"publish","type":"product","link":"https:\/\/chessgamesemporium.com\/de\/shop\/schachsets\/kombi-schachspiele\/schachset-dgt-plastik\/","title":{"rendered":"Schachset DGT Plastik"},"content":{"rendered":"<p>Plastik-Schachfiguren DGT TOURNAMENT<br \/>\nBeschwert, gefilzt<\/p>\n<p>Abmessungen: (H\u00f6he der Figur | Durchmesser der Basis)<br \/>\nK\u00f6nig: 9,4 cm | 4,2 cm<br \/>\nDame: 8,1 cm | 3,9 cm<br \/>\nTurm: 5,7 cm | 3,6 cm<br \/>\nL\u00e4ufer: 7,4 cm | 3,6 cm<br \/>\nSpringer: 6,4 cm | 3,6 cm<br \/>\nBauer: 5,0 cm | 2,8 cm<\/p>\n<p>AUFROLLBARES Schachbrett 57 mm<\/p>\n<p>Material: PVC, Leinwand<br \/>\nFeld: 57 x 57 mm<br \/>\nMa\u00dfe Schachbrett: 50 x 50 cm<br \/>\nAbwaschbare<\/p>\n<p>Dieses Schachbrett mit Feldern von 57 x 57 mm eignet sich ideal f\u00fcr Schachfiguren mit einer K\u00f6nigsh\u00f6he von 95-98 mm.<\/p>\n<p>Warnung! Nicht geeignet f\u00fcr Kinder unter 3 Jahren wegen Kleinteilen! Es besteht Erstickungsgefahr.<\/p>\n<p>Nicht sicher, ob dieses Schachset die richtige Wahl ist?<br \/>\nLies unseren Leitfaden, <a href=\"https:\/\/chessgamesemporium.com\/de\/kako-izbrati-pravi-sahovski-komplet-les-velikost-figure-darilo\/\">zur Auswahl des richtigen Schachsets<\/a> nach Verwendungszweck, Gr\u00f6\u00dfe und Figuren.<\/p>","protected":false},"excerpt":{"rendered":"<p>Plasti\u010dne \u0160ahovske Figure DGT TOURNAMENT Obte\u017eene, podlo\u017eene Dimenzije: (vi\u0161ina figure| premer podlage) Kralj: 9,4 cm | 4,2 cm Dama: 8,1 cm | 3,9 cm Top: 5,7 cm | 3,6 cm Lovec: 7,4 cm | 3,6 cm Skaka\u010d: 6,4 cm | 3,6 cm Kmet: 5,0 cm | 2,8 cm \u0160ahovnica za ZVIJANJE 57 mm Material: PVC, [&hellip;]<\/p>","protected":false},"featured_media":55273,"comment_status":"open","ping_status":"closed","template":"","meta":{"_seopress_robots_primary_cat":"none","_seopress_titles_title":"","_seopress_titles_desc":"","_seopress_robots_index":""},"product_brand":[],"product_cat":[510,581],"product_tag":[],"class_list":{"0":"post-55269","1":"product","2":"type-product","3":"status-publish","4":"has-post-thumbnail","6":"product_cat-sahovski-kompleti","7":"product_cat-sestavljeni-kompleti","9":"entry","10":"has-media","12":"first","13":"instock","14":"taxable","15":"shipping-taxable","16":"purchasable","17":"product-type-simple","18":"has-product-nav","19":"col","20":"span_1_of_4","21":"owp-content-center","22":"item-entry","23":"owp-thumbs-layout-horizontal","24":"owp-btn-normal","25":"owp-tabs-layout-section"},"wcpa_form_fields":null,"_links":{"self":[{"href":"https:\/\/chessgamesemporium.com\/de\/wp-json\/wp\/v2\/product\/55269","targetHints":{"allow":["GET"]}}],"collection":[{"href":"https:\/\/chessgamesemporium.com\/de\/wp-json\/wp\/v2\/product"}],"about":[{"href":"https:\/\/chessgamesemporium.com\/de\/wp-json\/wp\/v2\/types\/product"}],"replies":[{"embeddable":true,"href":"https:\/\/chessgamesemporium.com\/de\/wp-json\/wp\/v2\/comments?post=55269"}],"version-history":[{"count":0,"href":"https:\/\/chessgamesemporium.com\/de\/wp-json\/wp\/v2\/product\/55269\/revisions"}],"wp:featuredmedia":[{"embeddable":true,"href":"https:\/\/chessgamesemporium.com\/de\/wp-json\/wp\/v2\/media\/55273"}],"wp:attachment":[{"href":"https:\/\/chessgamesemporium.com\/de\/wp-json\/wp\/v2\/media?parent=55269"}],"wp:term":[{"taxonomy":"product_brand","embeddable":true,"href":"https:\/\/chessgamesemporium.com\/de\/wp-json\/wp\/v2\/product_brand?post=55269"},{"taxonomy":"product_cat","embeddable":true,"href":"https:\/\/chessgamesemporium.com\/de\/wp-json\/wp\/v2\/product_cat?post=55269"},{"taxonomy":"product_tag","embeddable":true,"href":"https:\/\/chessgamesemporium.com\/de\/wp-json\/wp\/v2\/product_tag?post=55269"}],"curies":[{"name":"wp","href":"https:\/\/api.w.org\/{rel}","templated":true}]}}