{"id":55787,"date":"2024-02-07T08:13:38","date_gmt":"2024-02-07T08:13:38","guid":{"rendered":"https:\/\/chessgamesemporium.com\/?post_type=product&#038;p=55787"},"modified":"2026-03-06T13:06:29","modified_gmt":"2026-03-06T13:06:29","slug":"learn-from-bent-larsen","status":"publish","type":"product","link":"https:\/\/chessgamesemporium.com\/de\/shop\/schachbucher\/biografien\/learn-from-bent-larsen\/","title":{"rendered":"Learn from Bent Larsen"},"content":{"rendered":"<p>Autor: Mihail Marin<br \/>\nErscheinungsjahr: 2022<br \/>\nSprache: Englisch<br \/>\nSeiten: 304<br \/>\nFormat: 24 x 17 cm<br \/>\nEinband: Soft<\/p>\n<p>Bent Larsen ist einer der ber\u00fchmtesten Schachspieler des zwanzigsten Jahrhunderts. Larsen ist der Mann, der Bobby Fischer 1970 auf Brett 2 des Rest of the World-Teams verdr\u00e4ngte. Der d\u00e4nische Gro\u00dfmeister erzielte spektakul\u00e4re Ergebnisse, aber die Schachfans sch\u00e4tzten noch mehr seine Kreativit\u00e4t und seinen Kampfgeist. F\u00fcr Larsen war eine remisliche Stellung kein Grund, eine Partie abzubrechen, da er die F\u00e4higkeit besa\u00df, aus dem Nichts Magie zu schaffen.<\/p>\n<p>Learn from Bent Larsen ist ein Werk der Liebe des preisgekr\u00f6nten Autors Mihail Marin. Dieses Projekt war urspr\u00fcnglich als ein Kapitel in einem Buch \u00fcber mehrere Spieler geplant, aber als immer mehr Perlen auftauchten, wurde klar, dass Bent Larsen ein eigenes Buch verdient.<\/p>","protected":false},"excerpt":{"rendered":"<p><a href=\"https:\/\/chessgamesemporium.com\/wp-content\/uploads\/2024\/02\/LearnfromBentLarsen-excerpt.pdf\" target=\"_blank\" rel=\"noopener\">pdf-Auszug<\/a><\/p>","protected":false},"featured_media":55799,"comment_status":"open","ping_status":"closed","template":"","meta":{"_seopress_robots_primary_cat":"none","_seopress_titles_title":"","_seopress_titles_desc":"","_seopress_robots_index":""},"product_brand":[],"product_cat":[610,512],"product_tag":[],"class_list":{"0":"post-55787","1":"product","2":"type-product","3":"status-publish","4":"has-post-thumbnail","6":"product_cat-biografije","7":"product_cat-sahovske-knjige","8":"pa_avtor-mihail-marin","9":"pa_leto-izdaje-747","10":"pa_nivo-knjige-srednji","11":"pa_stran-oboje-nevtralno","12":"pa_tip-knjige-biografije-zgodovina","13":"pa_zalozba-quality-chess","15":"entry","16":"has-media","18":"first","19":"instock","20":"taxable","21":"shipping-taxable","22":"purchasable","23":"product-type-simple","24":"has-product-nav","25":"col","26":"span_1_of_4","27":"owp-content-center","28":"item-entry","29":"owp-thumbs-layout-horizontal","30":"owp-btn-normal","31":"owp-tabs-layout-section"},"wcpa_form_fields":null,"_links":{"self":[{"href":"https:\/\/chessgamesemporium.com\/de\/wp-json\/wp\/v2\/product\/55787","targetHints":{"allow":["GET"]}}],"collection":[{"href":"https:\/\/chessgamesemporium.com\/de\/wp-json\/wp\/v2\/product"}],"about":[{"href":"https:\/\/chessgamesemporium.com\/de\/wp-json\/wp\/v2\/types\/product"}],"replies":[{"embeddable":true,"href":"https:\/\/chessgamesemporium.com\/de\/wp-json\/wp\/v2\/comments?post=55787"}],"version-history":[{"count":0,"href":"https:\/\/chessgamesemporium.com\/de\/wp-json\/wp\/v2\/product\/55787\/revisions"}],"wp:featuredmedia":[{"embeddable":true,"href":"https:\/\/chessgamesemporium.com\/de\/wp-json\/wp\/v2\/media\/55799"}],"wp:attachment":[{"href":"https:\/\/chessgamesemporium.com\/de\/wp-json\/wp\/v2\/media?parent=55787"}],"wp:term":[{"taxonomy":"product_brand","embeddable":true,"href":"https:\/\/chessgamesemporium.com\/de\/wp-json\/wp\/v2\/product_brand?post=55787"},{"taxonomy":"product_cat","embeddable":true,"href":"https:\/\/chessgamesemporium.com\/de\/wp-json\/wp\/v2\/product_cat?post=55787"},{"taxonomy":"product_tag","embeddable":true,"href":"https:\/\/chessgamesemporium.com\/de\/wp-json\/wp\/v2\/product_tag?post=55787"}],"curies":[{"name":"wp","href":"https:\/\/api.w.org\/{rel}","templated":true}]}}