{"id":56536,"date":"2024-03-25T11:53:14","date_gmt":"2024-03-25T11:53:14","guid":{"rendered":"https:\/\/chessgamesemporium.com\/?post_type=product&#038;p=56536"},"modified":"2024-03-26T09:04:34","modified_gmt":"2024-03-26T09:04:34","slug":"covek-protiv-masine","status":"publish","type":"product","link":"https:\/\/chessgamesemporium.com\/de\/shop\/alle-produkte\/covek-protiv-masine\/","title":{"rendered":"\u010covek protiv Ma\u0161ine"},"content":{"rendered":"<p>Avtor: F. Fridel, D. King, G. \u0160varcman<br \/>\nErscheinungsjahr: 2005<br \/>\nSprache: Serbisch<br \/>\nSeiten: 75<br \/>\nFormat: 21,0 x 14,8 cm<br \/>\nEinband: Soft<\/p>\n<p>Knjiga opisuje legendarni dvoboj Garija Kasparova proti ra\u010dunalniku. V tem dvoboju je postajo jasno, da se \u010dlovek proti ra\u010dunalnikom ne more kosati.<\/p>","protected":false},"excerpt":{"rendered":"<p>Avtor: F. Fridel, D. King, G. \u0160varcman Leto izdaje: 2005 Jezik: Srbski \u0160t. strani: 75 Format: 21,0 x 14,8 cm Platnice: mehke Knjiga opisuje legendarni dvoboj Garija Kasparova proti ra\u010dunalniku. V tem dvoboju je postajo jasno, da se \u010dlovek proti ra\u010dunalnikom ne more kosati.<\/p>","protected":false},"featured_media":56539,"comment_status":"open","ping_status":"closed","template":"","meta":{"_seopress_robots_primary_cat":"none","_seopress_titles_title":"","_seopress_titles_desc":"","_seopress_robots_index":""},"product_brand":[],"product_cat":[194],"product_tag":[],"class_list":{"0":"post-56536","1":"product","2":"type-product","3":"status-publish","4":"has-post-thumbnail","6":"product_cat-vsi-izdelki","8":"entry","9":"has-media","11":"first","12":"instock","13":"taxable","14":"shipping-taxable","15":"purchasable","16":"product-type-simple","17":"has-product-nav","18":"col","19":"span_1_of_4","20":"owp-content-center","21":"item-entry","22":"owp-thumbs-layout-horizontal","23":"owp-btn-normal","24":"owp-tabs-layout-section","25":"has-no-thumbnails"},"wcpa_form_fields":null,"_links":{"self":[{"href":"https:\/\/chessgamesemporium.com\/de\/wp-json\/wp\/v2\/product\/56536","targetHints":{"allow":["GET"]}}],"collection":[{"href":"https:\/\/chessgamesemporium.com\/de\/wp-json\/wp\/v2\/product"}],"about":[{"href":"https:\/\/chessgamesemporium.com\/de\/wp-json\/wp\/v2\/types\/product"}],"replies":[{"embeddable":true,"href":"https:\/\/chessgamesemporium.com\/de\/wp-json\/wp\/v2\/comments?post=56536"}],"version-history":[{"count":0,"href":"https:\/\/chessgamesemporium.com\/de\/wp-json\/wp\/v2\/product\/56536\/revisions"}],"wp:featuredmedia":[{"embeddable":true,"href":"https:\/\/chessgamesemporium.com\/de\/wp-json\/wp\/v2\/media\/56539"}],"wp:attachment":[{"href":"https:\/\/chessgamesemporium.com\/de\/wp-json\/wp\/v2\/media?parent=56536"}],"wp:term":[{"taxonomy":"product_brand","embeddable":true,"href":"https:\/\/chessgamesemporium.com\/de\/wp-json\/wp\/v2\/product_brand?post=56536"},{"taxonomy":"product_cat","embeddable":true,"href":"https:\/\/chessgamesemporium.com\/de\/wp-json\/wp\/v2\/product_cat?post=56536"},{"taxonomy":"product_tag","embeddable":true,"href":"https:\/\/chessgamesemporium.com\/de\/wp-json\/wp\/v2\/product_tag?post=56536"}],"curies":[{"name":"wp","href":"https:\/\/api.w.org\/{rel}","templated":true}]}}