{"id":56781,"date":"2024-04-04T10:46:26","date_gmt":"2024-04-04T10:46:26","guid":{"rendered":"https:\/\/chessgamesemporium.com\/?post_type=product&#038;p=56781"},"modified":"2025-02-25T12:29:18","modified_gmt":"2025-02-25T12:29:18","slug":"schachset-etna","status":"publish","type":"product","link":"https:\/\/chessgamesemporium.com\/de\/shop\/schachsets\/kombi-schachspiele\/schachset-etna\/","title":{"rendered":"Schachset Etna"},"content":{"rendered":"<p>Schachfiguren:<br \/>\nAbmessungen: (H\u00f6he der Figur | Durchmesser der Basis)<br \/>\nK\u00f6nig: 8,0 cm | 3,2 cm<br \/>\nDame: 7,8 cm | 3,2 cm<br \/>\nTurm: 4,6 cm | 3,0 cm<br \/>\nL\u00e4ufer: 6,4 cm | 3,0 cm<br \/>\nSpringer: 5,7 cm | 3,0 cm<br \/>\nBauer: 4,1 cm | 2,5 cm<\/p>\n<p>Holzschachbrett Essen 50<br \/>\nEingelegt, ohne Notation, gefilzte Basis<\/p>\n<p>Feld: 50 x 50 mm<br \/>\nMa\u00dfe Schachbrett: 45 \u00d7 45 cm<br \/>\nBrettdicke: 1,3 cm<\/p>\n<p>Dieses 45 x 45 cm gro\u00dfe Furnier-Schachbrett ist aus Walnuss- und Ahornholz gefertigt. Dieses feine Schachbrett hat eine quadratische Gr\u00f6\u00dfe von 50 x 50 mm.<\/p>\n<p>Warnung! Nicht geeignet f\u00fcr Kinder unter 3 Jahren wegen Kleinteilen! Es besteht Erstickungsgefahr.<\/p>\n<p>&nbsp;<\/p>","protected":false},"excerpt":{"rendered":"<p>Figure: Dimenzije: (vi\u0161ina figure | premer podlage) Kralj: 8,0 cm | 3,2 cm Dama: 7,8 cm | 3,2 cm Top: 4,6 cm | 3,0 cm Lovec: 6,4 cm | 3,0 cm Skaka\u010d: 5,7 cm | 3,0 cm Kmet: 4,1 cm | 2,5 cm Lesena \u0161ahovnica ESSEN 50 Intarzija, brez notacije, podlo\u017eena Dimenzije polja: 50 mm [&hellip;]<\/p>","protected":false},"featured_media":56784,"comment_status":"open","ping_status":"closed","template":"","meta":{"_seopress_robots_primary_cat":"none","_seopress_titles_title":"","_seopress_titles_desc":"","_seopress_robots_index":""},"product_brand":[],"product_cat":[510,581],"product_tag":[],"class_list":{"0":"post-56781","1":"product","2":"type-product","3":"status-publish","4":"has-post-thumbnail","6":"product_cat-sahovski-kompleti","7":"product_cat-sestavljeni-kompleti","8":"wcpa_has_options","10":"entry","11":"has-media","13":"first","14":"instock","15":"taxable","16":"shipping-taxable","17":"purchasable","18":"product-type-simple","19":"has-product-nav","20":"col","21":"span_1_of_4","22":"owp-content-center","23":"item-entry","24":"owp-thumbs-layout-horizontal","25":"owp-btn-normal","26":"owp-tabs-layout-section"},"wcpa_form_fields":{"rules":{"pric_overide_base_price":false,"pric_overide_base_price_if_gt_zero":false,"pric_overide_base_price_fully":false,"pric_cal_option_once":false,"pric_use_as_fee":false,"bind_quantity":false,"quantity_bind_formula":false},"fields":[{"type":"text","elementId":"wcpa-text-1666713333654","label":"Gravura ( opcijsko )","description":"Vpi\u0161ite \u017eeljeni tekst za graviranje (npr. Vse najbolj\u0161e, IME, datum ipd.)","desc_type":true,"enablePrice":true,"pricingType":"fixed","price":"7","name":"text-1666713333654","fee_label":"Za naro\u010dnike izven eu, bo davek od\u0161tet na blagajni.","subtype":"text","maxlength":"16","cl_rule":"show","col":6,"relations":false,"form_id":46231,"form_rules":{"pric_cal_option_once":false,"exclude_from_discount":false,"pric_use_as_fee":false,"fee_label":"Fee","render_after_acb":false,"disp_hide_options_price":false}}]},"_links":{"self":[{"href":"https:\/\/chessgamesemporium.com\/de\/wp-json\/wp\/v2\/product\/56781","targetHints":{"allow":["GET"]}}],"collection":[{"href":"https:\/\/chessgamesemporium.com\/de\/wp-json\/wp\/v2\/product"}],"about":[{"href":"https:\/\/chessgamesemporium.com\/de\/wp-json\/wp\/v2\/types\/product"}],"replies":[{"embeddable":true,"href":"https:\/\/chessgamesemporium.com\/de\/wp-json\/wp\/v2\/comments?post=56781"}],"version-history":[{"count":0,"href":"https:\/\/chessgamesemporium.com\/de\/wp-json\/wp\/v2\/product\/56781\/revisions"}],"wp:featuredmedia":[{"embeddable":true,"href":"https:\/\/chessgamesemporium.com\/de\/wp-json\/wp\/v2\/media\/56784"}],"wp:attachment":[{"href":"https:\/\/chessgamesemporium.com\/de\/wp-json\/wp\/v2\/media?parent=56781"}],"wp:term":[{"taxonomy":"product_brand","embeddable":true,"href":"https:\/\/chessgamesemporium.com\/de\/wp-json\/wp\/v2\/product_brand?post=56781"},{"taxonomy":"product_cat","embeddable":true,"href":"https:\/\/chessgamesemporium.com\/de\/wp-json\/wp\/v2\/product_cat?post=56781"},{"taxonomy":"product_tag","embeddable":true,"href":"https:\/\/chessgamesemporium.com\/de\/wp-json\/wp\/v2\/product_tag?post=56781"}],"curies":[{"name":"wp","href":"https:\/\/api.w.org\/{rel}","templated":true}]}}