{"id":56926,"date":"2024-04-23T09:29:36","date_gmt":"2024-04-23T09:29:36","guid":{"rendered":"https:\/\/chessgamesemporium.com\/?post_type=product&#038;p=56926"},"modified":"2025-09-05T08:53:13","modified_gmt":"2025-09-05T08:53:13","slug":"dgt-koffer-fur-schachuhrer","status":"publish","type":"product","link":"https:\/\/chessgamesemporium.com\/de\/shop\/schachzubehor-2\/schach-schachteln-taschen\/dgt-koffer-fur-schachuhrer\/","title":{"rendered":"DGT-Koffer f\u00fcr Schachuhren"},"content":{"rendered":"<p>Ein Aluminiumkoffer f\u00fcr die Aufbewahrung und den Transport von 10 Schachuhren.<br \/>\nDas Innere des Koffers ist mit sch\u00fctzendem Schaumstoff ausgestattet, der die Uhren vor Besch\u00e4digung sch\u00fctzt.<\/p>\n<p>Ma\u00dfe: 440 x 370 x 170 mm<br \/>\nMaterial: Aluminium\/Kunststoff<br \/>\nFarbe: Silber\/Grau<\/p>\n<p>Der Koffer ist f\u00fcr die folgenden Schachuhren geeignet:<\/p>\n<p>DGT3000<br \/>\nDGT2500<br \/>\nDGT Echo<br \/>\nDGT2010<br \/>\nDGT XL<br \/>\nDGT North American<br \/>\nDGT Easy<\/p>","protected":false},"excerpt":{"rendered":"<p>Aluminijast kov\u010dek za shrambo in prena\u0161anje 10 \u0161ahovskih ur. Notranjost kov\u010dka je za\u0161\u010ditena s peno, ki prepre\u010duje po\u0161kodbe. Mere: 440 x 370 x 170 mm Material: Aluminij\/plastika Barva: srebrna\/siva Kov\u010dek je primeren za hrambo naslednjih ur: DGT3000 DGT2500 DGT Echo DGT2010 DGT XL DGT North American DGT Easy<\/p>","protected":false},"featured_media":56929,"comment_status":"open","ping_status":"closed","template":"","meta":{"_seopress_robots_primary_cat":"none","_seopress_titles_title":"","_seopress_titles_desc":"","_seopress_robots_index":""},"product_brand":[],"product_cat":[578,547],"product_tag":[],"class_list":{"0":"post-56926","1":"product","2":"type-product","3":"status-publish","4":"has-post-thumbnail","6":"product_cat-sahovske-skatle-torbe","7":"product_cat-razno-za-sah","9":"entry","10":"has-media","12":"first","13":"instock","14":"taxable","15":"shipping-taxable","16":"purchasable","17":"product-type-simple","18":"has-product-nav","19":"col","20":"span_1_of_4","21":"owp-content-center","22":"item-entry","23":"owp-thumbs-layout-horizontal","24":"owp-btn-normal","25":"owp-tabs-layout-section"},"wcpa_form_fields":null,"_links":{"self":[{"href":"https:\/\/chessgamesemporium.com\/de\/wp-json\/wp\/v2\/product\/56926","targetHints":{"allow":["GET"]}}],"collection":[{"href":"https:\/\/chessgamesemporium.com\/de\/wp-json\/wp\/v2\/product"}],"about":[{"href":"https:\/\/chessgamesemporium.com\/de\/wp-json\/wp\/v2\/types\/product"}],"replies":[{"embeddable":true,"href":"https:\/\/chessgamesemporium.com\/de\/wp-json\/wp\/v2\/comments?post=56926"}],"version-history":[{"count":0,"href":"https:\/\/chessgamesemporium.com\/de\/wp-json\/wp\/v2\/product\/56926\/revisions"}],"wp:featuredmedia":[{"embeddable":true,"href":"https:\/\/chessgamesemporium.com\/de\/wp-json\/wp\/v2\/media\/56929"}],"wp:attachment":[{"href":"https:\/\/chessgamesemporium.com\/de\/wp-json\/wp\/v2\/media?parent=56926"}],"wp:term":[{"taxonomy":"product_brand","embeddable":true,"href":"https:\/\/chessgamesemporium.com\/de\/wp-json\/wp\/v2\/product_brand?post=56926"},{"taxonomy":"product_cat","embeddable":true,"href":"https:\/\/chessgamesemporium.com\/de\/wp-json\/wp\/v2\/product_cat?post=56926"},{"taxonomy":"product_tag","embeddable":true,"href":"https:\/\/chessgamesemporium.com\/de\/wp-json\/wp\/v2\/product_tag?post=56926"}],"curies":[{"name":"wp","href":"https:\/\/api.w.org\/{rel}","templated":true}]}}