{"id":57071,"date":"2024-05-22T10:33:05","date_gmt":"2024-05-22T10:33:05","guid":{"rendered":"https:\/\/chessgamesemporium.com\/?post_type=product&#038;p=57071"},"modified":"2024-07-08T08:25:40","modified_gmt":"2024-07-08T08:25:40","slug":"schachbrett-6p-brown-5pack-sonderangebot","status":"publish","type":"product","link":"https:\/\/chessgamesemporium.com\/de\/shop\/schachbretter\/holz-schachbretter\/schachbrett-6p-brown-5pack-sonderangebot\/","title":{"rendered":"Schachbrett 6P Brown - 5Pack - Sonderangebot"},"content":{"rendered":"<p><strong>Ein Satz von 5 Schachbrettern mit umgekehrter Notation.\u00a0<\/strong><\/p>\n<p>Schachbrett Tournament 6P Brown<br \/>\nMit Notation<\/p>\n<p>Material: Polyester-beschichtetes Holz.<\/p>\n<p>Feld: 57 x 57 mm<br \/>\nMa\u00dfe Schachbrett: 54 \u00d7 54 cm<br \/>\nBrettdicke: 1,5 cm<\/p>\n<p>Dieses 54 x 54 cm gro\u00dfe Schachbrett hat eine Spielfeldgr\u00f6\u00dfe von 57 x 57 mm und ist ideal f\u00fcr Schachfiguren mit einer K\u00f6nigsh\u00f6he von 95-98 mm.<\/p>\n<p><strong>Der Preis gilt f\u00fcr 5 St\u00fcck!<\/strong><\/p>","protected":false},"excerpt":{"rendered":"<p>5 kosov \u0161ahovnic z obrnjeno notacijo.\u00a0 Lesena \u0160ahovnica Tournament 6P Brown Z notacijo Material: S poliestrom oble\u010den les Dimenzije polja: 57 mm Dimenzije \u0161ahovnice: 54 cm Debelina \u0161ahovnice: 1,5 cm Ta 54 x 54 cm velika \u0161ahovnica ima polja velika 57 x 57 mm in je kot nala\u0161\u010d za figure s kraljem vi\u0161ine 95-98 mm. [&hellip;]<\/p>","protected":false},"featured_media":57074,"comment_status":"open","ping_status":"closed","template":"","meta":{"_seopress_robots_primary_cat":"none","_seopress_titles_title":"","_seopress_titles_desc":"","_seopress_robots_index":""},"product_brand":[],"product_cat":[514,524],"product_tag":[],"class_list":{"0":"post-57071","1":"product","2":"type-product","3":"status-publish","4":"has-post-thumbnail","6":"product_cat-sahovnice","7":"product_cat-lesene-sahovnice","9":"entry","10":"has-media","12":"first","13":"outofstock","14":"sale","15":"taxable","16":"shipping-taxable","17":"purchasable","18":"product-type-simple","19":"has-product-nav","20":"col","21":"span_1_of_4","22":"owp-content-center","23":"item-entry","24":"owp-thumbs-layout-horizontal","25":"owp-btn-normal","26":"owp-tabs-layout-section","27":"has-no-thumbnails"},"wcpa_form_fields":null,"_links":{"self":[{"href":"https:\/\/chessgamesemporium.com\/de\/wp-json\/wp\/v2\/product\/57071","targetHints":{"allow":["GET"]}}],"collection":[{"href":"https:\/\/chessgamesemporium.com\/de\/wp-json\/wp\/v2\/product"}],"about":[{"href":"https:\/\/chessgamesemporium.com\/de\/wp-json\/wp\/v2\/types\/product"}],"replies":[{"embeddable":true,"href":"https:\/\/chessgamesemporium.com\/de\/wp-json\/wp\/v2\/comments?post=57071"}],"version-history":[{"count":0,"href":"https:\/\/chessgamesemporium.com\/de\/wp-json\/wp\/v2\/product\/57071\/revisions"}],"wp:featuredmedia":[{"embeddable":true,"href":"https:\/\/chessgamesemporium.com\/de\/wp-json\/wp\/v2\/media\/57074"}],"wp:attachment":[{"href":"https:\/\/chessgamesemporium.com\/de\/wp-json\/wp\/v2\/media?parent=57071"}],"wp:term":[{"taxonomy":"product_brand","embeddable":true,"href":"https:\/\/chessgamesemporium.com\/de\/wp-json\/wp\/v2\/product_brand?post=57071"},{"taxonomy":"product_cat","embeddable":true,"href":"https:\/\/chessgamesemporium.com\/de\/wp-json\/wp\/v2\/product_cat?post=57071"},{"taxonomy":"product_tag","embeddable":true,"href":"https:\/\/chessgamesemporium.com\/de\/wp-json\/wp\/v2\/product_tag?post=57071"}],"curies":[{"name":"wp","href":"https:\/\/api.w.org\/{rel}","templated":true}]}}