{"id":57791,"date":"2024-09-03T09:25:42","date_gmt":"2024-09-03T09:25:42","guid":{"rendered":"https:\/\/chessgamesemporium.com\/?post_type=product&#038;p=57791"},"modified":"2026-03-12T07:53:51","modified_gmt":"2026-03-12T07:53:51","slug":"key-elements-of-chess-tactics","status":"publish","type":"product","link":"https:\/\/chessgamesemporium.com\/de\/shop\/schachbucher\/strategie-und-taktik\/key-elements-of-chess-tactics\/","title":{"rendered":"Key Elements of Chess Tactics"},"content":{"rendered":"<p>Autor: Georgy Lisitsin<br \/>\nErscheinungsjahr: 2024<br \/>\nSprache: Englisch<br \/>\nSeiten: 392<br \/>\nFormat: 24 x 17 cm<\/p>\n<p>Georgy Lisitsin (1909-72) war ein bekannter sowjetischer Schachmeister, Theoretiker und Schriftsteller. Im Jahr 1958 ver\u00f6ffentlichte er die \u00fcberarbeitete Ausgabe seines ehrgeizigsten Werkes mit dem Titel Strategy and Tactics of Chess, das zu einem der legend\u00e4rsten Schachhandb\u00fccher in der Geschichte der sowjetischen Schachschule wurde und zweifellos eines der B\u00fccher war, die den jungen Bobby Fischer motivierten, Russisch zu lernen.<\/p>\n<div class=\"elementor-element elementor-element-ac961a3 internallinks wd-single-content elementor-widget elementor-widget-wd_single_product_content\" data-id=\"ac961a3\" data-element_type=\"widget\" data-widget_type=\"wd_single_product_content.default\">\n<div class=\"elementor-widget-container\">\n<p>Lisitsin zerlegt Strategie und Taktik in ihre Schl\u00fcsselelemente, so dass Schachspieler aller Niveaus systematisch aus sorgf\u00e4ltig ausgew\u00e4hlten Partien und Studien lernen k\u00f6nnen. Key Elements of Chess Tactics und sein Schwesterband, Key Elements of Chess Strategy, sind die ersten vollst\u00e4ndigen englischen \u00dcbersetzungen von Lisitsins Klassikern.<\/p>\n<p>In Key Elements of Chess Tactics stellt Lisitsin taktische Schl\u00fcsselkonzepte vor, wie z.B. Pinning, entdeckte Angriffe, Ablenkung und mehr. Das Buch baut die Grundlagen auf, um dann zu komplexeren und sch\u00f6neren taktischen Themen \u00fcberzugehen.<\/p>\n<\/div>\n<\/div>","protected":false},"excerpt":{"rendered":"<p><a href=\"https:\/\/chessgamesemporium.com\/wp-content\/uploads\/2024\/09\/KeyElementsofChessTacticsExcerpt.pdf\">pdf-Auszug<\/a><\/p>","protected":false},"featured_media":57795,"comment_status":"open","ping_status":"closed","template":"","meta":{"_seopress_robots_primary_cat":"none","_seopress_titles_title":"","_seopress_titles_desc":"%%post_content%%","_seopress_robots_index":""},"product_brand":[],"product_cat":[512,608],"product_tag":[],"class_list":{"0":"post-57791","1":"product","2":"type-product","3":"status-publish","4":"has-post-thumbnail","6":"product_cat-sahovske-knjige","7":"product_cat-strategija-in-taktika","8":"pa_avtor-georgy-lisitsin","9":"pa_leto-izdaje-1023","10":"pa_nivo-knjige-srednji","11":"pa_stran-oboje-nevtralno","12":"pa_tip-knjige-taktika","13":"pa_zalozba-quality-chess","15":"entry","16":"has-media","18":"first","19":"instock","20":"taxable","21":"shipping-taxable","22":"purchasable","23":"product-type-variable","24":"has-product-nav","25":"col","26":"span_1_of_4","27":"owp-content-center","28":"item-entry","29":"owp-thumbs-layout-horizontal","30":"owp-btn-normal","31":"owp-tabs-layout-section","32":"has-no-thumbnails"},"wcpa_form_fields":null,"_links":{"self":[{"href":"https:\/\/chessgamesemporium.com\/de\/wp-json\/wp\/v2\/product\/57791","targetHints":{"allow":["GET"]}}],"collection":[{"href":"https:\/\/chessgamesemporium.com\/de\/wp-json\/wp\/v2\/product"}],"about":[{"href":"https:\/\/chessgamesemporium.com\/de\/wp-json\/wp\/v2\/types\/product"}],"replies":[{"embeddable":true,"href":"https:\/\/chessgamesemporium.com\/de\/wp-json\/wp\/v2\/comments?post=57791"}],"version-history":[{"count":0,"href":"https:\/\/chessgamesemporium.com\/de\/wp-json\/wp\/v2\/product\/57791\/revisions"}],"wp:featuredmedia":[{"embeddable":true,"href":"https:\/\/chessgamesemporium.com\/de\/wp-json\/wp\/v2\/media\/57795"}],"wp:attachment":[{"href":"https:\/\/chessgamesemporium.com\/de\/wp-json\/wp\/v2\/media?parent=57791"}],"wp:term":[{"taxonomy":"product_brand","embeddable":true,"href":"https:\/\/chessgamesemporium.com\/de\/wp-json\/wp\/v2\/product_brand?post=57791"},{"taxonomy":"product_cat","embeddable":true,"href":"https:\/\/chessgamesemporium.com\/de\/wp-json\/wp\/v2\/product_cat?post=57791"},{"taxonomy":"product_tag","embeddable":true,"href":"https:\/\/chessgamesemporium.com\/de\/wp-json\/wp\/v2\/product_tag?post=57791"}],"curies":[{"name":"wp","href":"https:\/\/api.w.org\/{rel}","templated":true}]}}