{"id":57830,"date":"2024-09-09T06:47:33","date_gmt":"2024-09-09T06:47:33","guid":{"rendered":"https:\/\/chessgamesemporium.com\/?post_type=product&#038;p=57830"},"modified":"2026-03-11T08:51:05","modified_gmt":"2026-03-11T08:51:05","slug":"the-woodpecker-method-2","status":"publish","type":"product","link":"https:\/\/chessgamesemporium.com\/de\/shop\/schachbucher\/strategie-und-taktik\/the-woodpecker-method-2\/","title":{"rendered":"The Woodpecker Method 2"},"content":{"rendered":"<p>Autor: Axel Smith<br \/>\nErscheinungsjahr: 2024<br \/>\nSprache: Englisch<br \/>\nSeiten: 384<br \/>\nFormat: 24 x 17 cm<\/p>\n<p>Seit ihrer Ver\u00f6ffentlichung im Jahr 2018 hat sich The Woodpecker Method zu einem der gr\u00f6\u00dften und bekanntesten Handb\u00fccher unter Schachspielern entwickelt, die sich nach taktischen Verbesserungen sehnen. The Woodpecker Method 2 baut auf dem ersten Band auf und zielt darauf ab, die positionelle Entscheidungsfindung zu verbessern.<\/p>\n<p class=\"v1MsoNormal\">Die \u201eWoodpecker-Methode\u201c beinhaltet das L\u00f6sen einer gro\u00dfen Anzahl von R\u00e4tseln \u00fcber mehrere Wochen hinweg und die Wiederholung des Prozesses in immer k\u00fcrzer werdenden Zeitabschnitten. Dadurch wird das Unterbewusstsein konditioniert, um die Geschwindigkeit und Pr\u00e4zision der Entscheidungsfindung zu verbessern.<\/p>\n<p class=\"v1MsoNormal\">The Woodpecker Method 2 enth\u00e4lt 1000 Stellungsbeispiele und deren L\u00f6sungen, mit Anleitungen, wie man m\u00f6glichst viel aus ihnen herausholen kann. Alle \u00dcbungen wurden mehrfach mit modernen Schachengines durchgesehen und von professionellen Schachspielern \u00fcberpr\u00fcft, u.a. von GM Nodirbek Abdusattotov, der nach dem Durcharbeiten dieses Buches auf Platz 4 der Weltrangliste aufstieg.<\/p>","protected":false},"excerpt":{"rendered":"<p><a href=\"https:\/\/chessgamesemporium.com\/wp-content\/uploads\/2024\/09\/Woodpecker-2-\u2013-excerpt.pdf\" target=\"_blank\" rel=\"noopener\">pdf-Auszug<\/a><\/p>","protected":false},"featured_media":57834,"comment_status":"open","ping_status":"closed","template":"","meta":{"_seopress_robots_primary_cat":"none","_seopress_titles_title":"","_seopress_titles_desc":"","_seopress_robots_index":""},"product_brand":[],"product_cat":[608,512],"product_tag":[],"class_list":{"0":"post-57830","1":"product","2":"type-product","3":"status-publish","4":"has-post-thumbnail","6":"product_cat-strategija-in-taktika","7":"product_cat-sahovske-knjige","8":"pa_avtor-axel-smith","9":"pa_leto-izdaje-1023","10":"pa_nivo-knjige-srednji","11":"pa_stran-oboje-nevtralno","12":"pa_tip-knjige-trening-vaje","13":"pa_zalozba-quality-chess","15":"entry","16":"has-media","18":"first","19":"instock","20":"taxable","21":"shipping-taxable","22":"purchasable","23":"product-type-variable","24":"has-product-nav","25":"col","26":"span_1_of_4","27":"owp-content-center","28":"item-entry","29":"owp-thumbs-layout-horizontal","30":"owp-btn-normal","31":"owp-tabs-layout-section"},"wcpa_form_fields":null,"_links":{"self":[{"href":"https:\/\/chessgamesemporium.com\/de\/wp-json\/wp\/v2\/product\/57830","targetHints":{"allow":["GET"]}}],"collection":[{"href":"https:\/\/chessgamesemporium.com\/de\/wp-json\/wp\/v2\/product"}],"about":[{"href":"https:\/\/chessgamesemporium.com\/de\/wp-json\/wp\/v2\/types\/product"}],"replies":[{"embeddable":true,"href":"https:\/\/chessgamesemporium.com\/de\/wp-json\/wp\/v2\/comments?post=57830"}],"version-history":[{"count":0,"href":"https:\/\/chessgamesemporium.com\/de\/wp-json\/wp\/v2\/product\/57830\/revisions"}],"wp:featuredmedia":[{"embeddable":true,"href":"https:\/\/chessgamesemporium.com\/de\/wp-json\/wp\/v2\/media\/57834"}],"wp:attachment":[{"href":"https:\/\/chessgamesemporium.com\/de\/wp-json\/wp\/v2\/media?parent=57830"}],"wp:term":[{"taxonomy":"product_brand","embeddable":true,"href":"https:\/\/chessgamesemporium.com\/de\/wp-json\/wp\/v2\/product_brand?post=57830"},{"taxonomy":"product_cat","embeddable":true,"href":"https:\/\/chessgamesemporium.com\/de\/wp-json\/wp\/v2\/product_cat?post=57830"},{"taxonomy":"product_tag","embeddable":true,"href":"https:\/\/chessgamesemporium.com\/de\/wp-json\/wp\/v2\/product_tag?post=57830"}],"curies":[{"name":"wp","href":"https:\/\/api.w.org\/{rel}","templated":true}]}}