{"id":59154,"date":"2025-01-17T07:40:44","date_gmt":"2025-01-17T07:40:44","guid":{"rendered":"https:\/\/chessgamesemporium.com\/?post_type=product&#038;p=59154"},"modified":"2026-03-06T14:04:14","modified_gmt":"2026-03-06T14:04:14","slug":"magic-chess-moves","status":"publish","type":"product","link":"https:\/\/chessgamesemporium.com\/de\/shop\/schachbucher\/strategie-und-taktik\/magic-chess-moves\/","title":{"rendered":"MAGIC CHESS MOVES"},"content":{"rendered":"<p>Autor: Michal Konopka<br \/>\nErscheinungsjahr: 2024<br \/>\nSprache: Englisch<br \/>\nSeiten: 368<br \/>\nFormat: 24 x 17 cm<br \/>\nEinband: Soft<\/p>\n<p>Magic Chess Moves ist ein Buch, das Sie fesseln und gleichzeitig Ihre schachlichen F\u00e4higkeiten testen und verbessern wird. Sie werden aufgefordert, eine Sammlung von \u00dcbungsstellungen zu l\u00f6sen, aber der begleitende Text enth\u00e4lt weit mehr als nur die L\u00f6sungen. Der Autor bietet seine \u00dcberlegungen zu allen m\u00f6glichen anderen faszinierenden Themen an, z. B. wie Taktik trainiert werden kann und Details aus der Lebensgeschichte des Komponisten.<\/p>\n<p>Magic Chess Moves enth\u00e4lt die komprimierte Weisheit eines erfahrenen Schachtrainers mit dem Schwerpunkt auf praktischer Verbesserung. Die 317 Stellungen in diesem Buch sind von unterschiedlichem Schwierigkeitsgrad, mit Beispielen aus dem Spiel am Brett und aus Schachkompositionen. Jede einzelne \u00dcbung wurde sorgf\u00e4ltig nach ihrem lehrreichen Wert f\u00fcr den praktischen Spieler ausgew\u00e4hlt.<\/p>","protected":false},"excerpt":{"rendered":"<p><a href=\"https:\/\/chessgamesemporium.com\/wp-content\/uploads\/2025\/01\/Magic-Chess-Moves-129-Excerpt.pdf\" target=\"_blank\" rel=\"noopener\">pdf-Auszug<\/a><\/p>","protected":false},"featured_media":59157,"comment_status":"open","ping_status":"closed","template":"","meta":{"_seopress_robots_primary_cat":"none","_seopress_titles_title":"","_seopress_titles_desc":"","_seopress_robots_index":""},"product_brand":[],"product_cat":[512,608],"product_tag":[],"class_list":{"0":"post-59154","1":"product","2":"type-product","3":"status-publish","4":"has-post-thumbnail","6":"product_cat-sahovske-knjige","7":"product_cat-strategija-in-taktika","8":"pa_avtor-michal-konopka","9":"pa_leto-izdaje-1023","10":"pa_nivo-knjige-srednji","11":"pa_stran-oboje-nevtralno","12":"pa_tip-knjige-taktika","13":"pa_zalozba-quality-chess","15":"entry","16":"has-media","18":"first","19":"instock","20":"taxable","21":"shipping-taxable","22":"purchasable","23":"product-type-simple","24":"has-product-nav","25":"col","26":"span_1_of_4","27":"owp-content-center","28":"item-entry","29":"owp-thumbs-layout-horizontal","30":"owp-btn-normal","31":"owp-tabs-layout-section","32":"has-no-thumbnails"},"wcpa_form_fields":null,"_links":{"self":[{"href":"https:\/\/chessgamesemporium.com\/de\/wp-json\/wp\/v2\/product\/59154","targetHints":{"allow":["GET"]}}],"collection":[{"href":"https:\/\/chessgamesemporium.com\/de\/wp-json\/wp\/v2\/product"}],"about":[{"href":"https:\/\/chessgamesemporium.com\/de\/wp-json\/wp\/v2\/types\/product"}],"replies":[{"embeddable":true,"href":"https:\/\/chessgamesemporium.com\/de\/wp-json\/wp\/v2\/comments?post=59154"}],"version-history":[{"count":0,"href":"https:\/\/chessgamesemporium.com\/de\/wp-json\/wp\/v2\/product\/59154\/revisions"}],"wp:featuredmedia":[{"embeddable":true,"href":"https:\/\/chessgamesemporium.com\/de\/wp-json\/wp\/v2\/media\/59157"}],"wp:attachment":[{"href":"https:\/\/chessgamesemporium.com\/de\/wp-json\/wp\/v2\/media?parent=59154"}],"wp:term":[{"taxonomy":"product_brand","embeddable":true,"href":"https:\/\/chessgamesemporium.com\/de\/wp-json\/wp\/v2\/product_brand?post=59154"},{"taxonomy":"product_cat","embeddable":true,"href":"https:\/\/chessgamesemporium.com\/de\/wp-json\/wp\/v2\/product_cat?post=59154"},{"taxonomy":"product_tag","embeddable":true,"href":"https:\/\/chessgamesemporium.com\/de\/wp-json\/wp\/v2\/product_tag?post=59154"}],"curies":[{"name":"wp","href":"https:\/\/api.w.org\/{rel}","templated":true}]}}