{"id":59401,"date":"2025-02-07T10:53:16","date_gmt":"2025-02-07T10:53:16","guid":{"rendered":"https:\/\/chessgamesemporium.com\/?post_type=product&#038;p=59401"},"modified":"2025-02-07T12:25:37","modified_gmt":"2025-02-07T12:25:37","slug":"tragetasche-fur-faltbare-schachspiele","status":"publish","type":"product","link":"https:\/\/chessgamesemporium.com\/de\/shop\/schachzubehor-2\/schach-schachteln-taschen\/tragetasche-fur-faltbare-schachspiele\/","title":{"rendered":"Tragetasche f\u00fcr faltbare Schachspiele"},"content":{"rendered":"<p>Filzschachtasche, sch\u00fctzt Ihr Schachspiel vor Kratzern und Besch\u00e4digungen.<\/p>\n<p>Die Tasche ist in verschiedenen Gr\u00f6\u00dfen erh\u00e4ltlich.<\/p>\n<p>Small (S) - Tasche geeignet f\u00fcr Schachspliele (geschlossen) bis zu:<br \/>\nL\u00e4nge 36 cm, Breite 18 cm, H\u00f6he 6 cm<\/p>\n<p>Medium (M) - Tasche geeignet f\u00fcr Schachspliele (geschlossen) bis zu:<br \/>\nL\u00e4nge 42 cm, Breite 21 cm, H\u00f6he 7 cm<\/p>\n<p>Large (L) - Tasche geeignet f\u00fcr Schachspliele (geschlossen) bis zu:<br \/>\nL\u00e4nge 51 cm, Breite 26 cm, H\u00f6he 7 cm<\/p>\n<p>Extra Large (XL) - Tasche geeignet f\u00fcr Schachspliele (geschlossen) bis zu:<br \/>\nL\u00e4nge 55 cm, Breite 27 cm, H\u00f6he 7 cm<\/p>","protected":false},"excerpt":{"rendered":"<p>\u0160ahovska torba iz filca, odli\u010dno \u0161\u010diti \u0161ah pred praskami in po\u0161kodbami. Torba je na voljo v razli\u010dnih dimenzijah. Small (S) &#8211; torba primerna za \u0161ahovske garniture maksimalnih dimenzij (zaprtih): Dol\u017eina 36 cm, \u0161irina 18 cm, vi\u0161ina 6 cm Medium (M) &#8211; torba primerna za \u0161ahovske garniture maksimalnih dimenzij (zaprtih): Dol\u017eina 42 cm, \u0161irina 21 cm, [&hellip;]<\/p>","protected":false},"featured_media":59408,"comment_status":"open","ping_status":"closed","template":"","meta":{"_seopress_robots_primary_cat":"none","_seopress_titles_title":"","_seopress_titles_desc":"","_seopress_robots_index":""},"product_brand":[],"product_cat":[578,547],"product_tag":[],"class_list":{"0":"post-59401","1":"product","2":"type-product","3":"status-publish","4":"has-post-thumbnail","6":"product_cat-sahovske-skatle-torbe","7":"product_cat-razno-za-sah","9":"entry","10":"has-media","12":"first","13":"instock","14":"taxable","15":"shipping-taxable","16":"purchasable","17":"product-type-variable","18":"has-product-nav","19":"col","20":"span_1_of_4","21":"owp-content-center","22":"item-entry","23":"owp-thumbs-layout-horizontal","24":"owp-btn-normal","25":"owp-tabs-layout-section"},"wcpa_form_fields":null,"_links":{"self":[{"href":"https:\/\/chessgamesemporium.com\/de\/wp-json\/wp\/v2\/product\/59401","targetHints":{"allow":["GET"]}}],"collection":[{"href":"https:\/\/chessgamesemporium.com\/de\/wp-json\/wp\/v2\/product"}],"about":[{"href":"https:\/\/chessgamesemporium.com\/de\/wp-json\/wp\/v2\/types\/product"}],"replies":[{"embeddable":true,"href":"https:\/\/chessgamesemporium.com\/de\/wp-json\/wp\/v2\/comments?post=59401"}],"version-history":[{"count":0,"href":"https:\/\/chessgamesemporium.com\/de\/wp-json\/wp\/v2\/product\/59401\/revisions"}],"wp:featuredmedia":[{"embeddable":true,"href":"https:\/\/chessgamesemporium.com\/de\/wp-json\/wp\/v2\/media\/59408"}],"wp:attachment":[{"href":"https:\/\/chessgamesemporium.com\/de\/wp-json\/wp\/v2\/media?parent=59401"}],"wp:term":[{"taxonomy":"product_brand","embeddable":true,"href":"https:\/\/chessgamesemporium.com\/de\/wp-json\/wp\/v2\/product_brand?post=59401"},{"taxonomy":"product_cat","embeddable":true,"href":"https:\/\/chessgamesemporium.com\/de\/wp-json\/wp\/v2\/product_cat?post=59401"},{"taxonomy":"product_tag","embeddable":true,"href":"https:\/\/chessgamesemporium.com\/de\/wp-json\/wp\/v2\/product_tag?post=59401"}],"curies":[{"name":"wp","href":"https:\/\/api.w.org\/{rel}","templated":true}]}}