{"id":59754,"date":"2025-03-05T10:56:12","date_gmt":"2025-03-05T10:56:12","guid":{"rendered":"https:\/\/chessgamesemporium.com\/?post_type=product&#038;p=59754"},"modified":"2025-03-26T08:32:42","modified_gmt":"2025-03-26T08:32:42","slug":"lesene-sahovske-figure-spain-olive-5-2","status":"publish","type":"product","link":"https:\/\/chessgamesemporium.com\/de\/shop\/schachfiguren\/holzfiguren\/lesene-sahovske-figure-spain-olive-5-2\/","title":{"rendered":"HOLZ-SCHACHFIGUREN SPAIN OLIVE 5"},"content":{"rendered":"<p data-start=\"0\" data-end=\"216\">Diese Schachfiguren sind aus wundersch\u00f6nem Olivenholz gefertigt, was dem Set ein einzigartiges Aussehen verleiht, da keine zwei Figuren ganz gleich sind. Sie sind mit einem gl\u00e4nzenden Lack \u00fcberzogen, der ihre Details hervorhebt. Diese Figuren sind ein wahrer Genuss zum Anschauen und Spielen.<\/p>\n<p data-start=\"218\" data-end=\"710\">Diese Figuren entsprechen dem beliebten, genormten und international anerkannten Staunton-Design, das bei offiziellen Turnieren verwendet wird. Historisch gesehen wurden diese Designs entwickelt, um den Bedarf an einem universell erkennbaren Satz von Schachfiguren zu decken, den jeder Schachspieler identifizieren kann. Diese Sonderausgabe des Staunton-Sets ist ein Entwurf der spanischen Firma Ind\u00fastrias del Ajedrez, die seit Jahrzehnten Schachsets herstellt und bis heute ein wichtiger Bestandteil der Schachwelt ist. Einige Spieler bezeichnen dieses Design auch als den \u201eiberischen\u201c Stil.<\/p>\n<p data-start=\"712\" data-end=\"1016\" data-is-last-node=\"\" data-is-only-node=\"\">Ein besonderes Merkmal dieses Sets ist der unverkennbare Springer mit seinen komplizierten Details, der in mehr als 30 Arbeitsschritten vollst\u00e4ndig von Hand gefertigt wurde. Au\u00dferdem enth\u00e4lt das Set Figuren aus Buchsbaum, einer Holzart, die gro\u00dfes Geschick erfordert, da der kleine Durchmesser der B\u00fcsche keinen Raum f\u00fcr Fehler l\u00e4sst. Der Besitz eines solchen Satzes von Figuren bedeutet, einen Teil der Schachgeschichte zu besitzen.<\/p>\n<p data-start=\"712\" data-end=\"1016\" data-is-last-node=\"\" data-is-only-node=\"\">Die Figuren werden in einer h\u00fcbschen Holzkiste aufbewahrt.<\/p>\n<p data-start=\"676\" data-end=\"834\" data-is-last-node=\"\" data-is-only-node=\"\">K\u00f6nigsh\u00f6he: 92 mm<\/p>\n<p data-start=\"0\" data-end=\"216\">","protected":false},"excerpt":{"rendered":"<p>Te \u0161ahovske figure so izdelane iz \u010dudovitega olj\u010dnega lesa, ki igri daje edinstven videz, saj ni dveh enakih figur. Premazane so s sijo\u010dim lakom, ki \u0161e bolj poudari njihove detajle\u2026 So pravi u\u017eitek za o\u010di in dotik. Gre za \u0161ahovske figure najbolj priljubljenega, standardnega in mednarodno priznanega modela Staunton, ki se uporablja na uradnih tekmovanjih. [&hellip;]<\/p>","protected":false},"featured_media":59739,"comment_status":"open","ping_status":"closed","template":"","meta":{"_seopress_robots_primary_cat":"none","_seopress_titles_title":"","_seopress_titles_desc":"","_seopress_robots_index":""},"product_brand":[],"product_cat":[511,522,194],"product_tag":[],"class_list":{"0":"post-59754","1":"product","2":"type-product","3":"status-publish","4":"has-post-thumbnail","6":"product_cat-sahovske-figure","7":"product_cat-lesene-figure","8":"product_cat-vsi-izdelki","10":"entry","11":"has-media","13":"first","14":"instock","15":"taxable","16":"shipping-taxable","17":"purchasable","18":"product-type-simple","19":"has-product-nav","20":"col","21":"span_1_of_4","22":"owp-content-center","23":"item-entry","24":"owp-thumbs-layout-horizontal","25":"owp-btn-normal","26":"owp-tabs-layout-section"},"wcpa_form_fields":null,"_links":{"self":[{"href":"https:\/\/chessgamesemporium.com\/de\/wp-json\/wp\/v2\/product\/59754","targetHints":{"allow":["GET"]}}],"collection":[{"href":"https:\/\/chessgamesemporium.com\/de\/wp-json\/wp\/v2\/product"}],"about":[{"href":"https:\/\/chessgamesemporium.com\/de\/wp-json\/wp\/v2\/types\/product"}],"replies":[{"embeddable":true,"href":"https:\/\/chessgamesemporium.com\/de\/wp-json\/wp\/v2\/comments?post=59754"}],"version-history":[{"count":0,"href":"https:\/\/chessgamesemporium.com\/de\/wp-json\/wp\/v2\/product\/59754\/revisions"}],"wp:featuredmedia":[{"embeddable":true,"href":"https:\/\/chessgamesemporium.com\/de\/wp-json\/wp\/v2\/media\/59739"}],"wp:attachment":[{"href":"https:\/\/chessgamesemporium.com\/de\/wp-json\/wp\/v2\/media?parent=59754"}],"wp:term":[{"taxonomy":"product_brand","embeddable":true,"href":"https:\/\/chessgamesemporium.com\/de\/wp-json\/wp\/v2\/product_brand?post=59754"},{"taxonomy":"product_cat","embeddable":true,"href":"https:\/\/chessgamesemporium.com\/de\/wp-json\/wp\/v2\/product_cat?post=59754"},{"taxonomy":"product_tag","embeddable":true,"href":"https:\/\/chessgamesemporium.com\/de\/wp-json\/wp\/v2\/product_tag?post=59754"}],"curies":[{"name":"wp","href":"https:\/\/api.w.org\/{rel}","templated":true}]}}