{"id":59866,"date":"2025-03-24T12:10:51","date_gmt":"2025-03-24T12:10:51","guid":{"rendered":"https:\/\/chessgamesemporium.com\/?post_type=product&#038;p=59866"},"modified":"2026-03-06T14:04:15","modified_gmt":"2026-03-06T14:04:15","slug":"1001-chess-exercises-for-club-players","status":"publish","type":"product","link":"https:\/\/chessgamesemporium.com\/de\/shop\/schachbucher\/strategie-und-taktik\/1001-chess-exercises-for-club-players\/","title":{"rendered":"1001 Chess Exercises for Club Players"},"content":{"rendered":"<p>Autor: Frank Erwich<br \/>\nErscheinungsjahr: 2024<br \/>\nSprache: Englisch<br \/>\nSeiten: 272<br \/>\nFormat: 24 x 17 cm<br \/>\nEinband: Kartoniert<\/p>\n<p>Aktualisierte Ausgabe mit 6 Diagrammen pro Seite.<\/p>\n<p>Schach ist zu 99% Taktik. Diese ber\u00fchmte Feststellung gilt nicht nur f\u00fcr Anf\u00e4nger, sondern auch f\u00fcr Klubspieler (Elo 1500 - 2000). Wenn Sie mehr Partien gewinnen wollen, funktioniert nichts besser als das Training Ihrer Kombinationsf\u00e4higkeiten.<\/p>\n<p>Es gibt zwei Arten von Taktikb\u00fcchern: solche, die in die Konzepte einf\u00fchren, gefolgt von einigen Beispielen, und Arbeitsb\u00fccher, die viele \u00dcbungen enthalten. FIDE-Meister Frank Erwich hat beides gemacht: Er erkl\u00e4rt alle wichtigen taktischen Ideen UND bietet eine enorme Menge an \u00dcbungen f\u00fcr jedes einzelne Thema.<\/p>\n<p>Erwich hat ein komplettes Taktikbuch f\u00fcr ambitionierte Vereins- und Turnierspieler geschaffen. Er bringt Sie auf die n\u00e4chste Stufe, wenn es darum geht, Schwachstellen in der Stellung des Gegners zu erkennen, Kombinationsmuster zu erkennen, Tricks zu visualisieren und effektiv zu kalkulieren. Erwich hat auch ein neues und wichtiges Element aufgenommen: Tests, die Ihre Verteidigungsf\u00e4higkeiten verbessern werden.<\/p>\n<p>1001Chess Exercises for Club Players ist keine freilaufende Sammlung von R\u00e4tseln. Es dient als Lehrbuch, denn es werden nur die didaktisch ergiebigsten \u00dcbungen vorgestellt. Jedes Kapitel beginnt mit einfachen Beispielen, aber keine Sorge: der Schwierigkeitsgrad steigt stetig an.<\/p>","protected":false},"excerpt":{"rendered":"<p><a href=\"https:\/\/chessgamesemporium.com\/wp-content\/uploads\/2025\/03\/9226.pdf\" target=\"_blank\" rel=\"noopener\">pdf-Auszug<\/a><\/p>","protected":false},"featured_media":59850,"comment_status":"open","ping_status":"closed","template":"","meta":{"_seopress_robots_primary_cat":"none","_seopress_titles_title":"","_seopress_titles_desc":"","_seopress_robots_index":""},"product_brand":[],"product_cat":[608,512],"product_tag":[],"class_list":{"0":"post-59866","1":"product","2":"type-product","3":"status-publish","4":"has-post-thumbnail","6":"product_cat-strategija-in-taktika","7":"product_cat-sahovske-knjige","8":"pa_avtor-franco-masetti-roberto-messa","9":"pa_leto-izdaje-977","10":"pa_nivo-knjige-srednji","11":"pa_stran-oboje-nevtralno","12":"pa_tip-knjige-taktika","13":"pa_zalozba-new-in-chess","15":"entry","16":"has-media","18":"first","19":"outofstock","20":"taxable","21":"shipping-taxable","22":"purchasable","23":"product-type-simple","24":"has-product-nav","25":"col","26":"span_1_of_4","27":"owp-content-center","28":"item-entry","29":"owp-thumbs-layout-horizontal","30":"owp-btn-normal","31":"owp-tabs-layout-section","32":"has-no-thumbnails"},"wcpa_form_fields":null,"_links":{"self":[{"href":"https:\/\/chessgamesemporium.com\/de\/wp-json\/wp\/v2\/product\/59866","targetHints":{"allow":["GET"]}}],"collection":[{"href":"https:\/\/chessgamesemporium.com\/de\/wp-json\/wp\/v2\/product"}],"about":[{"href":"https:\/\/chessgamesemporium.com\/de\/wp-json\/wp\/v2\/types\/product"}],"replies":[{"embeddable":true,"href":"https:\/\/chessgamesemporium.com\/de\/wp-json\/wp\/v2\/comments?post=59866"}],"version-history":[{"count":0,"href":"https:\/\/chessgamesemporium.com\/de\/wp-json\/wp\/v2\/product\/59866\/revisions"}],"wp:featuredmedia":[{"embeddable":true,"href":"https:\/\/chessgamesemporium.com\/de\/wp-json\/wp\/v2\/media\/59850"}],"wp:attachment":[{"href":"https:\/\/chessgamesemporium.com\/de\/wp-json\/wp\/v2\/media?parent=59866"}],"wp:term":[{"taxonomy":"product_brand","embeddable":true,"href":"https:\/\/chessgamesemporium.com\/de\/wp-json\/wp\/v2\/product_brand?post=59866"},{"taxonomy":"product_cat","embeddable":true,"href":"https:\/\/chessgamesemporium.com\/de\/wp-json\/wp\/v2\/product_cat?post=59866"},{"taxonomy":"product_tag","embeddable":true,"href":"https:\/\/chessgamesemporium.com\/de\/wp-json\/wp\/v2\/product_tag?post=59866"}],"curies":[{"name":"wp","href":"https:\/\/api.w.org\/{rel}","templated":true}]}}