{"id":59909,"date":"2025-03-25T11:22:17","date_gmt":"2025-03-25T11:22:17","guid":{"rendered":"https:\/\/chessgamesemporium.com\/?post_type=product&#038;p=59909"},"modified":"2026-03-20T10:58:09","modified_gmt":"2026-03-20T10:58:09","slug":"chess-imbalances","status":"publish","type":"product","link":"https:\/\/chessgamesemporium.com\/de\/shop\/schachbucher\/strategie-und-taktik\/chess-imbalances\/","title":{"rendered":"Chess Imbalances"},"content":{"rendered":"<p>Autor: Mauricio Flores Rios<br \/>\nErscheinungsjahr: 2025<br \/>\nSprache: Englisch<br \/>\nSeiten: 504<br \/>\nFormat: 24 x 17 cm<\/p>\n<p>Materielle Ungleichgewichte sind ein grundlegender Bestandteil fast jeder Schachpartie, haben aber in der Schachliteratur nicht viel Beachtung gefunden.<br \/>\nIn diesem erhellenden Buch schl\u00fcsselt GM Mauricio Flores Rios dieses universelle Thema in Kategorien wie L\u00e4ufer gegen Springer, L\u00e4ufer mit anderen Farben, Besitz und Spiel gegen das L\u00e4uferpaar und verschiedene Szenarien auf, in denen eine Dame oder ein Turm gegen eine Reihe von Figuren getauscht wird.<\/p>\n<p>Mit sorgf\u00e4ltig ausgew\u00e4hlten Beispielen, aufschlussreichen Kommentaren und \u00dcbungen, mit denen Sie Ihr neu erworbenes Verst\u00e4ndnis aller Arten von materiellem Ungleichgewicht testen k\u00f6nnen, ist Chess Imbalances ein unverzichtbares Werkzeug zur Verbesserung des Schachs.<\/p>","protected":false},"excerpt":{"rendered":"<p><a href=\"https:\/\/chessgamesemporium.com\/wp-content\/uploads\/2025\/03\/82117.pdf\" target=\"_blank\" rel=\"noopener\">pdf-Auszug<\/a><\/p>","protected":false},"featured_media":59855,"comment_status":"open","ping_status":"closed","template":"","meta":{"_seopress_robots_primary_cat":"none","_seopress_titles_title":"","_seopress_titles_desc":"","_seopress_robots_index":""},"product_brand":[],"product_cat":[512,608],"product_tag":[],"class_list":{"0":"post-59909","1":"product","2":"type-product","3":"status-publish","4":"has-post-thumbnail","6":"product_cat-sahovske-knjige","7":"product_cat-strategija-in-taktika","8":"pa_avtor-mauricio-flores-rios","9":"pa_leto-izdaje-1034","10":"pa_nivo-knjige-napredni","11":"pa_tip-knjige-srednja-igra-strategija","12":"pa_zalozba-chess-evolution","14":"entry","15":"has-media","17":"first","18":"instock","19":"taxable","20":"shipping-taxable","21":"purchasable","22":"product-type-variable","23":"has-product-nav","24":"col","25":"span_1_of_4","26":"owp-content-center","27":"item-entry","28":"owp-thumbs-layout-horizontal","29":"owp-btn-normal","30":"owp-tabs-layout-section","31":"has-no-thumbnails"},"wcpa_form_fields":null,"_links":{"self":[{"href":"https:\/\/chessgamesemporium.com\/de\/wp-json\/wp\/v2\/product\/59909","targetHints":{"allow":["GET"]}}],"collection":[{"href":"https:\/\/chessgamesemporium.com\/de\/wp-json\/wp\/v2\/product"}],"about":[{"href":"https:\/\/chessgamesemporium.com\/de\/wp-json\/wp\/v2\/types\/product"}],"replies":[{"embeddable":true,"href":"https:\/\/chessgamesemporium.com\/de\/wp-json\/wp\/v2\/comments?post=59909"}],"version-history":[{"count":0,"href":"https:\/\/chessgamesemporium.com\/de\/wp-json\/wp\/v2\/product\/59909\/revisions"}],"wp:featuredmedia":[{"embeddable":true,"href":"https:\/\/chessgamesemporium.com\/de\/wp-json\/wp\/v2\/media\/59855"}],"wp:attachment":[{"href":"https:\/\/chessgamesemporium.com\/de\/wp-json\/wp\/v2\/media?parent=59909"}],"wp:term":[{"taxonomy":"product_brand","embeddable":true,"href":"https:\/\/chessgamesemporium.com\/de\/wp-json\/wp\/v2\/product_brand?post=59909"},{"taxonomy":"product_cat","embeddable":true,"href":"https:\/\/chessgamesemporium.com\/de\/wp-json\/wp\/v2\/product_cat?post=59909"},{"taxonomy":"product_tag","embeddable":true,"href":"https:\/\/chessgamesemporium.com\/de\/wp-json\/wp\/v2\/product_tag?post=59909"}],"curies":[{"name":"wp","href":"https:\/\/api.w.org\/{rel}","templated":true}]}}