{"id":61100,"date":"2025-12-04T09:39:33","date_gmt":"2025-12-04T09:39:33","guid":{"rendered":"https:\/\/chessgamesemporium.com\/?post_type=product&#038;p=61100"},"modified":"2026-03-09T11:11:16","modified_gmt":"2026-03-09T11:11:16","slug":"exploiting-the-bishop-pair","status":"publish","type":"product","link":"https:\/\/chessgamesemporium.com\/de\/shop\/schachbucher\/strategie-und-taktik\/exploiting-the-bishop-pair\/","title":{"rendered":"Exploiting the Bishop pair"},"content":{"rendered":"<p>Autor: Cyrus Lakdawala<br \/>\nErscheinungsjahr: 2025<br \/>\nSprache: Englisch<br \/>\nSeiten: 224<br \/>\nFormat: 24 x 17 cm<\/p>\n<p>Alle Schachspieler haben von der Macht des L\u00e4uferpaares geh\u00f6rt - aber viele wissen nicht, wann die beiden L\u00e4ufer \u00fcberlegen sind, noch warum sie \u00fcberlegen sind, wenn sie es sind, und am allerwenigsten, was man mit dem Vorteil der beiden L\u00e4ufer macht, wenn er erreicht ist.<\/p>\n<p>Fragen wie diese stehen im Mittelpunkt dieses erfrischenden neuen Projekts, das von dem vielseitigen und bew\u00e4hrten Autor Cyrus Lakdawala geleitet wird. Indem er die Varianten auf ein Minimum reduziert, aber ausf\u00fchrliche Erkl\u00e4rungen mit seinem Markenzeichen, der Prosa, kombiniert, seziert der amerikanische Internationale Meister dieses bekannte, aber selten verstandene Thema in einer Weise, die es Spielern auf allen Ebenen ihrer Schachentwicklung zug\u00e4nglich macht. Exploiting the Bishop Pair ist sowohl eine spannende und angenehme Lekt\u00fcre als auch ein sehr lehrreiches Lehrbuch, das dem ambitionierten Spieler alles bietet, was er braucht, um eine unsch\u00e4tzbare Gewinnstrategie in sein Arsenal aufzunehmen.<\/p>\n<p>Cyrus Lakdawala ist ein Internationaler Meister, ein ehemaliger Nationaler und Amerikanischer Offener Meister und sechsfacher Staatsmeister. Er unterrichtet Schach seit \u00fcber 40 Jahren und trainiert die besten US-Junioren.<\/p>","protected":false},"excerpt":{"rendered":"<p><a href=\"https:\/\/chessgamesemporium.com\/wp-content\/uploads\/2025\/12\/bishop_pair.pdf\" target=\"_blank\" rel=\"noopener\">pdf-Auszug<\/a><\/p>","protected":false},"featured_media":61104,"comment_status":"open","ping_status":"closed","template":"","meta":{"_seopress_robots_primary_cat":"none","_seopress_titles_title":"","_seopress_titles_desc":"","_seopress_robots_index":""},"product_brand":[],"product_cat":[608,512],"product_tag":[],"class_list":{"0":"post-61100","1":"product","2":"type-product","3":"status-publish","4":"has-post-thumbnail","6":"product_cat-strategija-in-taktika","7":"product_cat-sahovske-knjige","8":"pa_avtor-cyrus-lakdawala","9":"pa_leto-izdaje-1034","10":"pa_nivo-knjige-srednji","11":"pa_stran-oboje-nevtralno","12":"pa_tip-knjige-srednja-igra-strategija","13":"pa_zalozba-popular-chess","15":"entry","16":"has-media","18":"first","19":"instock","20":"taxable","21":"shipping-taxable","22":"purchasable","23":"product-type-simple","24":"has-product-nav","25":"col","26":"span_1_of_4","27":"owp-content-center","28":"item-entry","29":"owp-thumbs-layout-horizontal","30":"owp-btn-normal","31":"owp-tabs-layout-section","32":"has-no-thumbnails"},"wcpa_form_fields":null,"_links":{"self":[{"href":"https:\/\/chessgamesemporium.com\/de\/wp-json\/wp\/v2\/product\/61100","targetHints":{"allow":["GET"]}}],"collection":[{"href":"https:\/\/chessgamesemporium.com\/de\/wp-json\/wp\/v2\/product"}],"about":[{"href":"https:\/\/chessgamesemporium.com\/de\/wp-json\/wp\/v2\/types\/product"}],"replies":[{"embeddable":true,"href":"https:\/\/chessgamesemporium.com\/de\/wp-json\/wp\/v2\/comments?post=61100"}],"version-history":[{"count":0,"href":"https:\/\/chessgamesemporium.com\/de\/wp-json\/wp\/v2\/product\/61100\/revisions"}],"wp:featuredmedia":[{"embeddable":true,"href":"https:\/\/chessgamesemporium.com\/de\/wp-json\/wp\/v2\/media\/61104"}],"wp:attachment":[{"href":"https:\/\/chessgamesemporium.com\/de\/wp-json\/wp\/v2\/media?parent=61100"}],"wp:term":[{"taxonomy":"product_brand","embeddable":true,"href":"https:\/\/chessgamesemporium.com\/de\/wp-json\/wp\/v2\/product_brand?post=61100"},{"taxonomy":"product_cat","embeddable":true,"href":"https:\/\/chessgamesemporium.com\/de\/wp-json\/wp\/v2\/product_cat?post=61100"},{"taxonomy":"product_tag","embeddable":true,"href":"https:\/\/chessgamesemporium.com\/de\/wp-json\/wp\/v2\/product_tag?post=61100"}],"curies":[{"name":"wp","href":"https:\/\/api.w.org\/{rel}","templated":true}]}}