{"id":61372,"date":"2025-12-29T12:33:12","date_gmt":"2025-12-29T12:33:12","guid":{"rendered":"https:\/\/chessgamesemporium.com\/?post_type=product&#038;p=61372"},"modified":"2026-03-12T08:00:39","modified_gmt":"2026-03-12T08:00:39","slug":"the-real-paul-morphy","status":"publish","type":"product","link":"https:\/\/chessgamesemporium.com\/de\/shop\/schachbucher\/biografien\/the-real-paul-morphy\/","title":{"rendered":"THE REAL PAUL MORPHY"},"content":{"rendered":"<p data-start=\"27\" data-end=\"496\">Autor: Charles Hertan<br \/>\nErscheinungsjahr: 2024<br \/>\nSprache: Englisch<br \/>\nSeiten: 384<br \/>\nFormat: 24 x 17 cm<br \/>\nEinband: Soft<\/p>\n<p data-start=\"27\" data-end=\"496\">Paul Morphy ist vielleicht der brillanteste und r\u00e4tselhafteste Schachmeister aller Zeiten. Er trat 1857 als 20-J\u00e4hriger auf den Plan und beherrschte die Schachwelt zwei Jahre lang, indem er alle st\u00e4rksten Spieler \u00fcberzeugend besiegte. Nachdem er die europ\u00e4ische Schachszene erobert hatte, wurde Morphy allgemein als der gr\u00f6\u00dfte Spieler aller Zeiten anerkannt. Doch im Alter von 22 Jahren zog er sich pl\u00f6tzlich und f\u00fcr immer von ernsthaften Wettk\u00e4mpfen zur\u00fcck.<\/p>\n<p data-start=\"498\" data-end=\"906\">Morphys Gr\u00f6\u00dfe leuchtete so hell, dass er noch 75 Jahre sp\u00e4ter von den Weltmeistern Lasker und Capablanca als der Gr\u00f6\u00dfte angesehen wurde. Er wird immer noch f\u00fcr seine brillanten Kombinationen und andere Beitr\u00e4ge zum Schach verehrt. Bobby Fischer nannte ihn \u201eden vielleicht genauesten Spieler, der je gelebt hat\u201c. Garry Kasparov betrachtete ihn als \u201eden Prototyp des starken Gro\u00dfmeisters des 20. Jahrhunderts\u201c und \u201eden Urvater des modernen Schachs\u201c.<\/p>\n<p data-start=\"908\" data-end=\"1279\">Es gibt viele wichtige Biographien und Partiesammlungen \u00fcber Morphy. Der preisgekr\u00f6nte Schachautor Charles Hertan bringt uns etwas Neues - eine umfassende moderne Biographie, die tief in seine faszinierende Geschichte eintaucht und neue Informationen \u00fcber Morphys Urspr\u00fcnge zutage f\u00f6rdert, verbunden mit einer eingehenden Untersuchung von Morphys Partien, die oft mehr als 160 Jahre fr\u00fcherer Analysen umst\u00fcrzen.<\/p>\n<p data-start=\"1281\" data-end=\"1642\">Hertan nutzt seine Erfahrung als professioneller Psychotherapeut, um ein neues Licht auf Morphys tragischen geistigen Verfall zu werfen. Der Autor untersucht auch den Zustand des Schachs vor Morphy und st\u00fcrzt sich in die aktuelle Debatte \u00fcber die Rolle der gro\u00dfen Meister Howard Staunton und Adolf Anderssen in der Schachgeschichte und dar\u00fcber, ob Morphys Zeit zu Recht als \u201eRomantisches Zeitalter\u201c bezeichnet werden sollte.<\/p>\n<p data-start=\"1644\" data-end=\"1770\"><em data-start=\"1644\" data-end=\"1673\">The Real Paul Morphy<\/em> bringt Ihnen alles, was Sie \u00fcber Paul Morphys Leben, sein Schach und sein Verm\u00e4chtnis wissen m\u00fcssen, in einem einzigen Band.<\/p>\n<p data-start=\"1772\" data-end=\"1961\" data-is-last-node=\"\" data-is-only-node=\"\">Charles Hertan ist ein FIDE-Meister aus Massachusetts mit mehreren Jahrzehnten Erfahrung als Schachtrainer. Er ist der Autor des preisgekr\u00f6nten Buches <em data-start=\"1894\" data-end=\"1915\">Forcing Chess Moves<\/em> und des Bestsellers <em data-start=\"1938\" data-end=\"1960\">Power Chess for Kids<\/em>.<\/p>","protected":false},"excerpt":{"rendered":"<p><a href=\"https:\/\/chessgamesemporium.com\/wp-content\/uploads\/2025\/12\/9185.pdf\" target=\"_blank\" rel=\"noopener\">pdf-Auszug<\/a><\/p>","protected":false},"featured_media":61376,"comment_status":"open","ping_status":"closed","template":"","meta":{"_seopress_robots_primary_cat":"none","_seopress_titles_title":"","_seopress_titles_desc":"","_seopress_robots_index":""},"product_brand":[],"product_cat":[610,512],"product_tag":[],"class_list":{"0":"post-61372","1":"product","2":"type-product","3":"status-publish","4":"has-post-thumbnail","6":"product_cat-biografije","7":"product_cat-sahovske-knjige","8":"pa_avtor-paul-morphy","9":"pa_leto-izdaje-1023","10":"pa_nivo-knjige-srednji","11":"pa_stran-oboje-nevtralno","12":"pa_tip-knjige-biografije-zgodovina","13":"pa_zalozba-new-in-chess","15":"entry","16":"has-media","18":"first","19":"instock","20":"taxable","21":"shipping-taxable","22":"purchasable","23":"product-type-simple","24":"has-product-nav","25":"col","26":"span_1_of_4","27":"owp-content-center","28":"item-entry","29":"owp-thumbs-layout-horizontal","30":"owp-btn-normal","31":"owp-tabs-layout-section","32":"has-no-thumbnails"},"wcpa_form_fields":null,"_links":{"self":[{"href":"https:\/\/chessgamesemporium.com\/de\/wp-json\/wp\/v2\/product\/61372","targetHints":{"allow":["GET"]}}],"collection":[{"href":"https:\/\/chessgamesemporium.com\/de\/wp-json\/wp\/v2\/product"}],"about":[{"href":"https:\/\/chessgamesemporium.com\/de\/wp-json\/wp\/v2\/types\/product"}],"replies":[{"embeddable":true,"href":"https:\/\/chessgamesemporium.com\/de\/wp-json\/wp\/v2\/comments?post=61372"}],"version-history":[{"count":0,"href":"https:\/\/chessgamesemporium.com\/de\/wp-json\/wp\/v2\/product\/61372\/revisions"}],"wp:featuredmedia":[{"embeddable":true,"href":"https:\/\/chessgamesemporium.com\/de\/wp-json\/wp\/v2\/media\/61376"}],"wp:attachment":[{"href":"https:\/\/chessgamesemporium.com\/de\/wp-json\/wp\/v2\/media?parent=61372"}],"wp:term":[{"taxonomy":"product_brand","embeddable":true,"href":"https:\/\/chessgamesemporium.com\/de\/wp-json\/wp\/v2\/product_brand?post=61372"},{"taxonomy":"product_cat","embeddable":true,"href":"https:\/\/chessgamesemporium.com\/de\/wp-json\/wp\/v2\/product_cat?post=61372"},{"taxonomy":"product_tag","embeddable":true,"href":"https:\/\/chessgamesemporium.com\/de\/wp-json\/wp\/v2\/product_tag?post=61372"}],"curies":[{"name":"wp","href":"https:\/\/api.w.org\/{rel}","templated":true}]}}