{"id":61438,"date":"2026-01-07T07:57:53","date_gmt":"2026-01-07T07:57:53","guid":{"rendered":"https:\/\/chessgamesemporium.com\/?post_type=product&#038;p=61438"},"modified":"2026-03-09T11:20:58","modified_gmt":"2026-03-09T11:20:58","slug":"the-how-to-study-chess-on-your-own-workbook-3","status":"publish","type":"product","link":"https:\/\/chessgamesemporium.com\/de\/shop\/schachbucher\/strategie-und-taktik\/the-how-to-study-chess-on-your-own-workbook-3\/","title":{"rendered":"The how to study chess on your own workbook 3"},"content":{"rendered":"<p>Volume 3<br \/>\nExercises and Training for Ambitious Chess Players (2100+ ELO)<\/p>\n<p>Autor: Davorin Kuljasevic<br \/>\nErscheinungsjahr: 2025<br \/>\nSprache: Englisch<br \/>\nSeiten: 232<br \/>\nFormat: 24 x 17 cm<br \/>\nEinband: Soft<\/p>\n<p data-start=\"41\" data-end=\"227\">Der verbl\u00fcffende Erfolg von How To Study Chess on Your Own hat deutlich gemacht, dass es Tausende von Schachspielern gibt, die ihr Spiel verbessern wollen. Und Schachspieler arbeiten gerne an ihrem Training, zumindest teilweise, in Eigenregie.<\/p>\n<p data-start=\"229\" data-end=\"488\">Das Bestseller-Buch von GM Kuljasevic bot einen strukturierten Ansatz und Trainingspl\u00e4ne. Aufgrund der gro\u00dfen Nachfrage hat Kuljasevic eine Reihe von begleitenden Arbeitsb\u00fcchern mit \u00dcbungen und Werkzeugen geschaffen, die ein Schachsch\u00fcler verwenden kann, um sein Training sofort zu beginnen.<\/p>\n<p data-start=\"490\" data-end=\"699\">Die meisten Arbeitsb\u00fccher bieten nur Puzzles und R\u00e4tsel. Aber Kuljasevic hat seine Erfahrung als Trainer genutzt, um einen breiteren und spannenderen Trainingsplan zu erstellen. Aufgaben wie diese werden Sie herausfordern:<\/p>\n<ul data-start=\"701\" data-end=\"1042\">\n<li data-start=\"701\" data-end=\"747\">\n<p data-start=\"703\" data-end=\"747\">L\u00f6sen Sie tiefe Visualisierungsr\u00e4tsel<\/p>\n<\/li>\n<li data-start=\"748\" data-end=\"803\">\n<p data-start=\"750\" data-end=\"803\">Finden Sie eine \u201eversteckte Taktik\u201c - und einen Miniplan<\/p>\n<\/li>\n<li data-start=\"804\" data-end=\"929\">\n<p data-start=\"806\" data-end=\"929\">Spielen Sie eine scharfe taktische Stellung - gegen einen Freund oder eine Engine, stellen Sie sorgf\u00e4ltig ein angemessenes Niveau ein<\/p>\n<\/li>\n<li data-start=\"930\" data-end=\"998\">\n<p data-start=\"932\" data-end=\"998\">Simulation - studieren und spielen Sie eine strategische Modellpartie nach<\/p>\n<\/li>\n<li data-start=\"999\" data-end=\"1042\">\n<p data-start=\"1001\" data-end=\"1042\">Analysieren Sie - versuchen Sie, eine thematische Endspielstellung zu verstehen<\/p>\n<\/li>\n<\/ul>\n<p data-start=\"1044\" data-end=\"1293\">Band 2 ist f\u00fcr Schachspieler mit einer Elo-Zahl zwischen 1500 und 1800 optimiert, ist aber f\u00fcr jeden zwischen 1200 und 2000 hilfreich. Band 1 ist f\u00fcr 1800-2100 Elo, und Band 3 wird die Bed\u00fcrfnisse von fortgeschrittenen Clubspielern erf\u00fcllen.<\/p>\n<p data-start=\"1295\" data-end=\"1632\">Davorin Kuljasevic ist ein internationaler Gro\u00dfmeister, der in Kroatien geboren wurde. Er hat an der Texas Tech University studiert und ist ein erfahrener Trainer. Sein Bestseller Beyond Material: Ignore the Face Value of Your Pieces\" war Finalist f\u00fcr den Boleslavsky-Averbakh-Preis, den Preis f\u00fcr das beste Buch des Internationalen Schachbundes FIDE.<\/p>","protected":false},"excerpt":{"rendered":"<p><a href=\"https:\/\/chessgamesemporium.com\/wp-content\/uploads\/2026\/01\/9219.pdf\" target=\"_blank\" rel=\"noopener\">pdf-Auszug<\/a><\/p>","protected":false},"featured_media":61442,"comment_status":"open","ping_status":"closed","template":"","meta":{"_seopress_robots_primary_cat":"none","_seopress_titles_title":"","_seopress_titles_desc":"","_seopress_robots_index":""},"product_brand":[],"product_cat":[608,512],"product_tag":[],"class_list":{"0":"post-61438","1":"product","2":"type-product","3":"status-publish","4":"has-post-thumbnail","6":"product_cat-strategija-in-taktika","7":"product_cat-sahovske-knjige","8":"pa_avtor-davorin-kuljasevic","9":"pa_leto-izdaje-1034","10":"pa_nivo-knjige-srednji","11":"pa_stran-oboje-nevtralno","12":"pa_tip-knjige-trening-vaje","13":"pa_zalozba-new-in-chess","15":"entry","16":"has-media","18":"first","19":"instock","20":"taxable","21":"shipping-taxable","22":"purchasable","23":"product-type-simple","24":"has-product-nav","25":"col","26":"span_1_of_4","27":"owp-content-center","28":"item-entry","29":"owp-thumbs-layout-horizontal","30":"owp-btn-normal","31":"owp-tabs-layout-section","32":"has-no-thumbnails"},"wcpa_form_fields":null,"_links":{"self":[{"href":"https:\/\/chessgamesemporium.com\/de\/wp-json\/wp\/v2\/product\/61438","targetHints":{"allow":["GET"]}}],"collection":[{"href":"https:\/\/chessgamesemporium.com\/de\/wp-json\/wp\/v2\/product"}],"about":[{"href":"https:\/\/chessgamesemporium.com\/de\/wp-json\/wp\/v2\/types\/product"}],"replies":[{"embeddable":true,"href":"https:\/\/chessgamesemporium.com\/de\/wp-json\/wp\/v2\/comments?post=61438"}],"version-history":[{"count":0,"href":"https:\/\/chessgamesemporium.com\/de\/wp-json\/wp\/v2\/product\/61438\/revisions"}],"wp:featuredmedia":[{"embeddable":true,"href":"https:\/\/chessgamesemporium.com\/de\/wp-json\/wp\/v2\/media\/61442"}],"wp:attachment":[{"href":"https:\/\/chessgamesemporium.com\/de\/wp-json\/wp\/v2\/media?parent=61438"}],"wp:term":[{"taxonomy":"product_brand","embeddable":true,"href":"https:\/\/chessgamesemporium.com\/de\/wp-json\/wp\/v2\/product_brand?post=61438"},{"taxonomy":"product_cat","embeddable":true,"href":"https:\/\/chessgamesemporium.com\/de\/wp-json\/wp\/v2\/product_cat?post=61438"},{"taxonomy":"product_tag","embeddable":true,"href":"https:\/\/chessgamesemporium.com\/de\/wp-json\/wp\/v2\/product_tag?post=61438"}],"curies":[{"name":"wp","href":"https:\/\/api.w.org\/{rel}","templated":true}]}}