{"id":61576,"date":"2026-01-15T07:51:52","date_gmt":"2026-01-15T07:51:52","guid":{"rendered":"https:\/\/chessgamesemporium.com\/?post_type=product&#038;p=61576"},"modified":"2026-03-10T11:36:31","modified_gmt":"2026-03-10T11:36:31","slug":"can-i-take-it","status":"publish","type":"product","link":"https:\/\/chessgamesemporium.com\/de\/shop\/schachbucher\/strategie-und-taktik\/can-i-take-it\/","title":{"rendered":"Can I Take It?"},"content":{"rendered":"<p>Autor: Dan Heisman, Laura Smith<br \/>\nErscheinungsjahr: 2025<br \/>\nSprache: Englisch<br \/>\nSeiten: 88<br \/>\nFormat: 24 x 17 cm<br \/>\nEinband: Soft<\/p>\n<p data-start=\"37\" data-end=\"282\">Du hast die Schachregeln gelernt und wei\u00dft, wie sich die Figuren bewegen. Und was nun? Sie nehmen die Figuren Ihres Gegners, das ist es! Aber wie Sie vielleicht schon in Ihren Partien erlebt haben, kann das Nehmen der falschen Figuren - oder das Nehmen mit der falschen Figur - schrecklich nach hinten losgehen.<\/p>\n<p data-start=\"284\" data-end=\"567\">Hier kommt dieser Kurs ins Spiel. Can I take it? A Beginner's Guide to Capturing in Chess lehrt Sie die grundlegendsten F\u00e4higkeiten der Schachtaktik und -strategie. Sie werden nicht nur lernen, ob Sie eine gegnerische Figur schlagen k\u00f6nnen. Sie werden auch lernen, wie Sie diese Figur schlagen k\u00f6nnen - was den Unterschied zwischen Sieg und Niederlage ausmachen kann!<\/p>\n<p data-start=\"569\" data-end=\"716\">Sie werden insbesondere lernen, wie Sie den Handel mit einer Figur leicht einsch\u00e4tzen k\u00f6nnen. Sie werden auch lernen, wie Sie Angreifer und Verteidiger z\u00e4hlen - und wann das nicht wichtig ist!<\/p>\n<p data-start=\"718\" data-end=\"829\">Dieses Buch wird Ihre Gewinnchancen erheblich verbessern - indem Sie beginnen, die Figuren Ihres Gegners zu schlagen!<\/p>\n<p data-start=\"831\" data-end=\"1062\">Laura Smith ist eine erfahrene Schachspielerin und Lehrerin. Einst war sie die bestplatzierte 13-J\u00e4hrige in den Vereinigten Staaten und nahm regelm\u00e4\u00dfig an mehreren US-Frauenmeisterschaften teil. Heute ist sie Lehrerin und leitet einen Schachklub in Brooklyn in den Vereinigten Staaten.<\/p>\n<p data-start=\"1064\" data-end=\"1289\">Dan Heisman ist einer der bekanntesten Schachtrainer Amerikas. Er ist Ingenieur und arbeitet seit 1996 hauptberuflich als Schachtrainer. Dies ist sein 14. Schachbuch!<\/p>","protected":false},"excerpt":{"rendered":"<p><a href=\"https:\/\/chessgamesemporium.com\/wp-content\/uploads\/2026\/01\/9229-1.pdf\" target=\"_blank\" rel=\"noopener\">pdf-Auszug<\/a><\/p>","protected":false},"featured_media":61583,"comment_status":"open","ping_status":"closed","template":"","meta":{"_seopress_robots_primary_cat":"none","_seopress_titles_title":"","_seopress_titles_desc":"","_seopress_robots_index":""},"product_brand":[],"product_cat":[512,608],"product_tag":[],"class_list":{"0":"post-61576","1":"product","2":"type-product","3":"status-publish","4":"has-post-thumbnail","6":"product_cat-sahovske-knjige","7":"product_cat-strategija-in-taktika","8":"pa_avtor-dan-heisman","9":"pa_avtor-laura-smith","10":"pa_leto-izdaje-1091","11":"pa_nivo-knjige-srednji","12":"pa_nivo-knjige-zacetni","13":"pa_stran-oboje-nevtralno","14":"pa_tip-knjige-srednja-igra-strategija","15":"pa_tip-knjige-taktika","16":"pa_zalozba-new-in-chess","18":"entry","19":"has-media","21":"first","22":"instock","23":"taxable","24":"shipping-taxable","25":"purchasable","26":"product-type-simple","27":"has-product-nav","28":"col","29":"span_1_of_4","30":"owp-content-center","31":"item-entry","32":"owp-thumbs-layout-horizontal","33":"owp-btn-normal","34":"owp-tabs-layout-section","35":"has-no-thumbnails"},"wcpa_form_fields":null,"_links":{"self":[{"href":"https:\/\/chessgamesemporium.com\/de\/wp-json\/wp\/v2\/product\/61576","targetHints":{"allow":["GET"]}}],"collection":[{"href":"https:\/\/chessgamesemporium.com\/de\/wp-json\/wp\/v2\/product"}],"about":[{"href":"https:\/\/chessgamesemporium.com\/de\/wp-json\/wp\/v2\/types\/product"}],"replies":[{"embeddable":true,"href":"https:\/\/chessgamesemporium.com\/de\/wp-json\/wp\/v2\/comments?post=61576"}],"version-history":[{"count":0,"href":"https:\/\/chessgamesemporium.com\/de\/wp-json\/wp\/v2\/product\/61576\/revisions"}],"wp:featuredmedia":[{"embeddable":true,"href":"https:\/\/chessgamesemporium.com\/de\/wp-json\/wp\/v2\/media\/61583"}],"wp:attachment":[{"href":"https:\/\/chessgamesemporium.com\/de\/wp-json\/wp\/v2\/media?parent=61576"}],"wp:term":[{"taxonomy":"product_brand","embeddable":true,"href":"https:\/\/chessgamesemporium.com\/de\/wp-json\/wp\/v2\/product_brand?post=61576"},{"taxonomy":"product_cat","embeddable":true,"href":"https:\/\/chessgamesemporium.com\/de\/wp-json\/wp\/v2\/product_cat?post=61576"},{"taxonomy":"product_tag","embeddable":true,"href":"https:\/\/chessgamesemporium.com\/de\/wp-json\/wp\/v2\/product_tag?post=61576"}],"curies":[{"name":"wp","href":"https:\/\/api.w.org\/{rel}","templated":true}]}}