{"id":64173,"date":"2026-04-28T08:39:21","date_gmt":"2026-04-28T08:39:21","guid":{"rendered":"https:\/\/chessgamesemporium.com\/?post_type=product&#038;p=64173"},"modified":"2026-04-28T08:39:22","modified_gmt":"2026-04-28T08:39:22","slug":"lesene-sahovske-figure-valencia-in-box","status":"publish","type":"product","link":"https:\/\/chessgamesemporium.com\/de\/shop\/schachfiguren\/holzfiguren\/lesene-sahovske-figure-valencia-in-box\/","title":{"rendered":"Holz-Schachfiguren Valencia in Box"},"content":{"rendered":"<p>HOLZ-SCHACHFIGUREN<br \/>\nGefilzter Boden, beschichtet<\/p>\n<p>Abmessungen: (H\u00f6he der Figur | Durchmesser der Basis)<br \/>\nK\u00f6nig: 9,2 cm | 3,3 cm<br \/>\nDame: 8,0 cm | 3,3 cm<br \/>\nTurm: 5,6 cm | 2,9 cm<br \/>\nL\u00e4ufer: 6,7 cm | 2,9 cm<br \/>\nSpringer: 6,0 cm | 3,0 cm<br \/>\nBauer: 4,3 cm | 2,7 cm<\/p>\n<p>Material: Erle<\/p>\n<p>Warnung! Nicht geeignet f\u00fcr Kinder unter 3 Jahren wegen Kleinteilen! Es besteht Erstickungsgefahr.<\/p>","protected":false},"excerpt":{"rendered":"<p>LESENE \u0160AHOVSKE FIGURE Podlo\u017eene, lakirane Dimenzije: (vi\u0161ina figure | premer podlage): Kralj: 9,2 cm | 3,3 cm Dama: 8,0 cm | 3,3 cm Top: 5,6 cm | 2,9 cm Lovec: 6,7 cm | 2,9 cm Skaka\u010d: 6,0 cm | 3,0 cm Kmet: 4,3 cm | 2,7 cm Material: Jel\u0161a OPOZORILO! Ni primerno za otroke pod [&hellip;]<\/p>","protected":false},"featured_media":64177,"comment_status":"open","ping_status":"closed","template":"","meta":{"_seopress_robots_primary_cat":"","_seopress_titles_title":"","_seopress_titles_desc":"","_seopress_robots_index":""},"product_brand":[],"product_cat":[522,511],"product_tag":[],"class_list":{"0":"post-64173","1":"product","2":"type-product","3":"status-publish","4":"has-post-thumbnail","6":"product_cat-lesene-figure","7":"product_cat-sahovske-figure","9":"entry","10":"has-media","12":"first","13":"instock","14":"taxable","15":"shipping-taxable","16":"purchasable","17":"product-type-simple","18":"has-product-nav","19":"col","20":"span_1_of_4","21":"owp-content-center","22":"item-entry","23":"owp-thumbs-layout-horizontal","24":"owp-btn-normal","25":"owp-tabs-layout-section"},"wcpa_form_fields":null,"_links":{"self":[{"href":"https:\/\/chessgamesemporium.com\/de\/wp-json\/wp\/v2\/product\/64173","targetHints":{"allow":["GET"]}}],"collection":[{"href":"https:\/\/chessgamesemporium.com\/de\/wp-json\/wp\/v2\/product"}],"about":[{"href":"https:\/\/chessgamesemporium.com\/de\/wp-json\/wp\/v2\/types\/product"}],"replies":[{"embeddable":true,"href":"https:\/\/chessgamesemporium.com\/de\/wp-json\/wp\/v2\/comments?post=64173"}],"version-history":[{"count":1,"href":"https:\/\/chessgamesemporium.com\/de\/wp-json\/wp\/v2\/product\/64173\/revisions"}],"predecessor-version":[{"id":64179,"href":"https:\/\/chessgamesemporium.com\/de\/wp-json\/wp\/v2\/product\/64173\/revisions\/64179"}],"wp:featuredmedia":[{"embeddable":true,"href":"https:\/\/chessgamesemporium.com\/de\/wp-json\/wp\/v2\/media\/64177"}],"wp:attachment":[{"href":"https:\/\/chessgamesemporium.com\/de\/wp-json\/wp\/v2\/media?parent=64173"}],"wp:term":[{"taxonomy":"product_brand","embeddable":true,"href":"https:\/\/chessgamesemporium.com\/de\/wp-json\/wp\/v2\/product_brand?post=64173"},{"taxonomy":"product_cat","embeddable":true,"href":"https:\/\/chessgamesemporium.com\/de\/wp-json\/wp\/v2\/product_cat?post=64173"},{"taxonomy":"product_tag","embeddable":true,"href":"https:\/\/chessgamesemporium.com\/de\/wp-json\/wp\/v2\/product_tag?post=64173"}],"curies":[{"name":"wp","href":"https:\/\/api.w.org\/{rel}","templated":true}]}}