{"id":45105,"date":"2022-09-06T10:58:05","date_gmt":"2022-09-06T10:58:05","guid":{"rendered":"https:\/\/www.ivh9.si\/Ponudbe\/chess\/?post_type=product&#038;p=45105"},"modified":"2025-12-09T11:37:20","modified_gmt":"2025-12-09T11:37:20","slug":"chess-clock-bhb-black","status":"publish","type":"product","link":"https:\/\/chessgamesemporium.com\/en\/shop\/chess-clocks\/analog-clocks\/chess-clock-bhb-black\/","title":{"rendered":"Analog Chess clock BHB Tournament"},"content":{"rendered":"<p>Mechanical chess clock<br \/>\nPlastic frame<\/p>\n<p>The BHB chess clock is easy to use. With its simple design available in a variety of colors it is sure to fit alongside any chess set. The clock can be wound on its rear end to the desired time.<\/p>\n<p>Made in Germany.<\/p>\n<p>Dimensions: 150 x 80 x 40 mm<\/p>","protected":false},"excerpt":{"rendered":"<p>Mehanizem: kovinski Okvir: plasti\u010den \u0160ahovska ura BHB je preprosta za uporabo, s svojim dizajnom v razli\u010dnih barvah pa se prilega k katerikoli \u0161ahovski garnituri. Uro na hrbtni strani navijete do \u017eelenega \u010dasa. Proizvedeno v Nem\u010diji. Dimenzije: 150 x 80 x 40 mm<\/p>","protected":false},"featured_media":46381,"comment_status":"closed","ping_status":"closed","template":"","meta":{"_seopress_robots_primary_cat":"none","_seopress_titles_title":"","_seopress_titles_desc":"","_seopress_robots_index":""},"product_brand":[],"product_cat":[513,519],"product_tag":[],"class_list":{"0":"post-45105","1":"product","2":"type-product","3":"status-publish","4":"has-post-thumbnail","6":"product_cat-sahovske-ure","7":"product_cat-analogne-ure","9":"entry","10":"has-media","12":"first","13":"instock","14":"taxable","15":"shipping-taxable","16":"purchasable","17":"product-type-variable","18":"has-product-nav","19":"col","20":"span_1_of_4","21":"owp-content-center","22":"item-entry","23":"owp-thumbs-layout-horizontal","24":"owp-btn-normal","25":"owp-tabs-layout-section"},"wcpa_form_fields":null,"_links":{"self":[{"href":"https:\/\/chessgamesemporium.com\/en\/wp-json\/wp\/v2\/product\/45105","targetHints":{"allow":["GET"]}}],"collection":[{"href":"https:\/\/chessgamesemporium.com\/en\/wp-json\/wp\/v2\/product"}],"about":[{"href":"https:\/\/chessgamesemporium.com\/en\/wp-json\/wp\/v2\/types\/product"}],"replies":[{"embeddable":true,"href":"https:\/\/chessgamesemporium.com\/en\/wp-json\/wp\/v2\/comments?post=45105"}],"version-history":[{"count":0,"href":"https:\/\/chessgamesemporium.com\/en\/wp-json\/wp\/v2\/product\/45105\/revisions"}],"wp:featuredmedia":[{"embeddable":true,"href":"https:\/\/chessgamesemporium.com\/en\/wp-json\/wp\/v2\/media\/46381"}],"wp:attachment":[{"href":"https:\/\/chessgamesemporium.com\/en\/wp-json\/wp\/v2\/media?parent=45105"}],"wp:term":[{"taxonomy":"product_brand","embeddable":true,"href":"https:\/\/chessgamesemporium.com\/en\/wp-json\/wp\/v2\/product_brand?post=45105"},{"taxonomy":"product_cat","embeddable":true,"href":"https:\/\/chessgamesemporium.com\/en\/wp-json\/wp\/v2\/product_cat?post=45105"},{"taxonomy":"product_tag","embeddable":true,"href":"https:\/\/chessgamesemporium.com\/en\/wp-json\/wp\/v2\/product_tag?post=45105"}],"curies":[{"name":"wp","href":"https:\/\/api.w.org\/{rel}","templated":true}]}}