{"id":45353,"date":"2022-09-27T11:52:02","date_gmt":"2022-09-27T11:52:02","guid":{"rendered":"https:\/\/www.ivh9.si\/Ponudbe\/chess\/?post_type=product&#038;p=45353"},"modified":"2026-05-05T13:16:36","modified_gmt":"2026-05-05T13:16:36","slug":"plastic-chess-pieces-dubrovnik-zagreb","status":"publish","type":"product","link":"https:\/\/chessgamesemporium.com\/en\/shop\/chess-pieces\/plastic-chess-pieces\/plastic-chess-pieces-dubrovnik-zagreb\/","title":{"rendered":"Plastic chess pieces DUBROVNIK ZAGREB"},"content":{"rendered":"<p>Base: felted<br \/>\nMaterial: Plastic<br \/>\nColor: Beige\/brown<\/p>\n<p><b>Dimensions: (height | base width)<\/b><br \/>\nKing: 8,2 cm | 3,6 cm<br \/>\nQueen: 7,7 cm | 3,6 cm<br \/>\nRook: 5,1 cm | 3,4 cm<br \/>\nBishop: 7,1 cm | 3,4 cm<br \/>\nKnight: 6,1 cm | 3,4 cm<br \/>\nPawn: 4,7 cm | 3,2 cm<\/p>\n<p>This plastic chess set is based on the Dubrovnik model, a famous design with a long tradition. The pieces are weighted and felted, allowing for stable and quick movements during games. The classic clean design without religious iconography makes these pieces excellent for home or professional use. The quality plastic makes the pieces durable and ensures a long life.<\/p>\n<p>Ideal for:<\/p>\n<p>Tournament and school play<\/p>\n<p>Collectors and fans of classic chess designs<\/p>\n<p>Players who value stability and aesthetics<\/p>\n<p>Warning! Not suitable for children under 3 years due to small parts! Danger of suffocation.<\/p>","protected":false},"excerpt":{"rendered":"<p>Podlaga: podlo\u017eene s filcem Material: plastika Barva: be\u017e \/ rjava Dimenzije: (vi\u0161ina figure | premer podlage) Kralj: 8,2 cm | 3,6 cm Dama: 7,7 cm | 3,6 cm Top: 5,1 cm | 3,4 cm Lovec: 7,1 cm | 3,4 cm Skaka\u010d: 6,1 cm | 3,4 cm Kmet: 4,7 cm | 3,2 cm Komplet plasti\u010dnih \u0161ahovskih [&hellip;]<\/p>","protected":false},"featured_media":48252,"comment_status":"closed","ping_status":"closed","template":"","meta":{"_seopress_robots_primary_cat":"none","_seopress_titles_title":"","_seopress_titles_desc":"","_seopress_robots_index":""},"product_brand":[],"product_cat":[511,521],"product_tag":[594],"class_list":{"0":"post-45353","1":"product","2":"type-product","3":"status-publish","4":"has-post-thumbnail","6":"product_cat-sahovske-figure","7":"product_cat-plasticne-figure","8":"product_tag-90mm","10":"entry","11":"has-media","13":"first","14":"instock","15":"taxable","16":"shipping-taxable","17":"purchasable","18":"product-type-simple","19":"has-product-nav","20":"col","21":"span_1_of_4","22":"owp-content-center","23":"item-entry","24":"owp-thumbs-layout-horizontal","25":"owp-btn-normal","26":"owp-tabs-layout-section"},"wcpa_form_fields":null,"_links":{"self":[{"href":"https:\/\/chessgamesemporium.com\/en\/wp-json\/wp\/v2\/product\/45353","targetHints":{"allow":["GET"]}}],"collection":[{"href":"https:\/\/chessgamesemporium.com\/en\/wp-json\/wp\/v2\/product"}],"about":[{"href":"https:\/\/chessgamesemporium.com\/en\/wp-json\/wp\/v2\/types\/product"}],"replies":[{"embeddable":true,"href":"https:\/\/chessgamesemporium.com\/en\/wp-json\/wp\/v2\/comments?post=45353"}],"version-history":[{"count":1,"href":"https:\/\/chessgamesemporium.com\/en\/wp-json\/wp\/v2\/product\/45353\/revisions"}],"predecessor-version":[{"id":64489,"href":"https:\/\/chessgamesemporium.com\/en\/wp-json\/wp\/v2\/product\/45353\/revisions\/64489"}],"wp:featuredmedia":[{"embeddable":true,"href":"https:\/\/chessgamesemporium.com\/en\/wp-json\/wp\/v2\/media\/48252"}],"wp:attachment":[{"href":"https:\/\/chessgamesemporium.com\/en\/wp-json\/wp\/v2\/media?parent=45353"}],"wp:term":[{"taxonomy":"product_brand","embeddable":true,"href":"https:\/\/chessgamesemporium.com\/en\/wp-json\/wp\/v2\/product_brand?post=45353"},{"taxonomy":"product_cat","embeddable":true,"href":"https:\/\/chessgamesemporium.com\/en\/wp-json\/wp\/v2\/product_cat?post=45353"},{"taxonomy":"product_tag","embeddable":true,"href":"https:\/\/chessgamesemporium.com\/en\/wp-json\/wp\/v2\/product_tag?post=45353"}],"curies":[{"name":"wp","href":"https:\/\/api.w.org\/{rel}","templated":true}]}}