{"id":45873,"date":"2022-10-13T10:17:12","date_gmt":"2022-10-13T10:17:12","guid":{"rendered":"https:\/\/www.ivh44.si\/Ponudbe\/chess\/?post_type=product&#038;p=45873"},"modified":"2025-10-16T11:09:47","modified_gmt":"2025-10-16T11:09:47","slug":"plastic-chess-pieces-black-beige","status":"publish","type":"product","link":"https:\/\/chessgamesemporium.com\/en\/shop\/chess-pieces\/plastic-chess-pieces\/plastic-chess-pieces-black-beige\/","title":{"rendered":"Plastic Chess pieces BLACK | BEIGE"},"content":{"rendered":"<p>Base: Felted<br \/>\nMaterial: Plastic<br \/>\nColor: Ochre and black<\/p>\n<p>Dimensions: (height | base width)<br \/>\nKing 9,0 cm | 3,5 cm<br \/>\nQueen: 9,0 cm | 3,5 cm<br \/>\nRook 4,7 cm | 3,1 cm<br \/>\nBishop: 6,7 cm | 3,1 cm<br \/>\nKnight: 6,1 cm | 3,1 cm<br \/>\nPawn: 4,6 cm | 2,7 cm<\/p>\n<p>This plastic STAUNTON chess set is a reliable and affordable choice for schools, clubs, or a home environment. These pieces are made from highly resilient plastic, making them withstand extensive use with little to no damage.<\/p>\n<p>This set is recommended for:<\/p>\n<p>chess clubs and school clubs<\/p>\n<p>schools and educational establishments<\/p>\n<p>tournament organisers<\/p>\n<p>beginners and casual players<\/p>\n<p>Warning! Not suitable for children under 3 years due to small parts! Danger of suffocation.<\/p>","protected":false},"excerpt":{"rendered":"<p>Podlaga: Podlo\u017eene s filcem Material: Plastika Barva: oker in \u010drna Dimenzije: (vi\u0161ina | premer podlage) Kralj: 9,0 cm | 3,5 cm Dama: 7,8 cm | 3,5 cm Top: 4,7 cm | 3,1 cm Lovec: 6,7 cm | 3,1 cm Skaka\u010d: 6,1 cm | 3,1 cm Kmet: 4,6 cm | 2,7 cm Komplet plasti\u010dnih \u0161ahovskih figur [&hellip;]<\/p>","protected":false},"featured_media":48251,"comment_status":"closed","ping_status":"closed","template":"","meta":{"_seopress_robots_primary_cat":"none","_seopress_titles_title":"","_seopress_titles_desc":"","_seopress_robots_index":""},"product_brand":[],"product_cat":[521,511],"product_tag":[594],"class_list":{"0":"post-45873","1":"product","2":"type-product","3":"status-publish","4":"has-post-thumbnail","6":"product_cat-plasticne-figure","7":"product_cat-sahovske-figure","8":"product_tag-90mm","10":"entry","11":"has-media","13":"first","14":"instock","15":"taxable","16":"shipping-taxable","17":"purchasable","18":"product-type-simple","19":"has-product-nav","20":"col","21":"span_1_of_4","22":"owp-content-center","23":"item-entry","24":"owp-thumbs-layout-horizontal","25":"owp-btn-normal","26":"owp-tabs-layout-section"},"wcpa_form_fields":null,"_links":{"self":[{"href":"https:\/\/chessgamesemporium.com\/en\/wp-json\/wp\/v2\/product\/45873","targetHints":{"allow":["GET"]}}],"collection":[{"href":"https:\/\/chessgamesemporium.com\/en\/wp-json\/wp\/v2\/product"}],"about":[{"href":"https:\/\/chessgamesemporium.com\/en\/wp-json\/wp\/v2\/types\/product"}],"replies":[{"embeddable":true,"href":"https:\/\/chessgamesemporium.com\/en\/wp-json\/wp\/v2\/comments?post=45873"}],"version-history":[{"count":0,"href":"https:\/\/chessgamesemporium.com\/en\/wp-json\/wp\/v2\/product\/45873\/revisions"}],"wp:featuredmedia":[{"embeddable":true,"href":"https:\/\/chessgamesemporium.com\/en\/wp-json\/wp\/v2\/media\/48251"}],"wp:attachment":[{"href":"https:\/\/chessgamesemporium.com\/en\/wp-json\/wp\/v2\/media?parent=45873"}],"wp:term":[{"taxonomy":"product_brand","embeddable":true,"href":"https:\/\/chessgamesemporium.com\/en\/wp-json\/wp\/v2\/product_brand?post=45873"},{"taxonomy":"product_cat","embeddable":true,"href":"https:\/\/chessgamesemporium.com\/en\/wp-json\/wp\/v2\/product_cat?post=45873"},{"taxonomy":"product_tag","embeddable":true,"href":"https:\/\/chessgamesemporium.com\/en\/wp-json\/wp\/v2\/product_tag?post=45873"}],"curies":[{"name":"wp","href":"https:\/\/api.w.org\/{rel}","templated":true}]}}