{"id":45930,"date":"2022-10-13T10:35:20","date_gmt":"2022-10-13T10:35:20","guid":{"rendered":"https:\/\/www.ivh44.si\/Ponudbe\/chess\/?post_type=product&#038;p=45930"},"modified":"2026-05-05T13:10:52","modified_gmt":"2026-05-05T13:10:52","slug":"plastic-chess-pieces-staunton-s","status":"publish","type":"product","link":"https:\/\/chessgamesemporium.com\/en\/shop\/chess-pieces\/plastic-chess-pieces\/plastic-chess-pieces-staunton-s\/","title":{"rendered":"Plastic Chess pieces STAUNTON SMALL"},"content":{"rendered":"<p>Base: Felted<br \/>\nMaterial: Plastic<br \/>\nColor: Beige and black<\/p>\n<p>Dimensions: (height | base width)<br \/>\nKing: 7,9 cm | 3,2 cm<br \/>\nQueen: 7,3 cm | 3,1 cm<br \/>\nRook: 4,6 cm | 3,0 cm<br \/>\nBishop: 6,2 cm | 2,8 cm<br \/>\nKnight: 5,5 cm | 2,8 cm<br \/>\nPawn: 4,4 cm | 2,7 cm<\/p>\n<p>STAUNTON S is a compact set of plastic chess pieces, suitable for school clubs, beginners, and less spacious environments. Due to its smaller size, this chess set is ideal for school desks, travel sets, and practice.<\/p>\n<p>The chess pieces feature a classic Staunton design with a felt base, allowing for silent and stable games. The set is durable, affordable, and suitable for everyday use.<\/p>\n<p>Warning! Not suitable for children under 3 years due to small parts! Danger of suffocation.<\/p>","protected":false},"excerpt":{"rendered":"<p>Podlaga: Podlo\u017eene s filcem Material: Plastika Barva: Be\u017e in \u010drna Dimenzije: (vi\u0161ina figure | premer podlage) Kralj: 7,9 cm | 3,2 cm Dama: 7,3 cm | 3,1 cm Top: 4,6 cm | 3,0 cm Lovec: 6,2 cm | 2,8 cm Skaka\u010d: 5,5 cm | 2,8 cm Kmet: 4,4 cm | 2,7 cm STAUNTON\u202fS je kompakten [&hellip;]<\/p>","protected":false},"featured_media":48248,"comment_status":"closed","ping_status":"closed","template":"","meta":{"_seopress_robots_primary_cat":"none","_seopress_titles_title":"","_seopress_titles_desc":"Trpe\u017een in lahek \u0161ahovski set za \u0161olo, klub ali dom. Klasi\u010den Staunton dizajn omogo\u010da dobro vidljivost, stabilnost figur in prijetno igro.","_seopress_robots_index":""},"product_brand":[],"product_cat":[511,521],"product_tag":[596],"class_list":{"0":"post-45930","1":"product","2":"type-product","3":"status-publish","4":"has-post-thumbnail","6":"product_cat-sahovske-figure","7":"product_cat-plasticne-figure","8":"product_tag-80mm","10":"entry","11":"has-media","13":"first","14":"instock","15":"taxable","16":"shipping-taxable","17":"purchasable","18":"product-type-simple","19":"has-product-nav","20":"col","21":"span_1_of_4","22":"owp-content-center","23":"item-entry","24":"owp-thumbs-layout-horizontal","25":"owp-btn-normal","26":"owp-tabs-layout-section"},"wcpa_form_fields":null,"_links":{"self":[{"href":"https:\/\/chessgamesemporium.com\/en\/wp-json\/wp\/v2\/product\/45930","targetHints":{"allow":["GET"]}}],"collection":[{"href":"https:\/\/chessgamesemporium.com\/en\/wp-json\/wp\/v2\/product"}],"about":[{"href":"https:\/\/chessgamesemporium.com\/en\/wp-json\/wp\/v2\/types\/product"}],"replies":[{"embeddable":true,"href":"https:\/\/chessgamesemporium.com\/en\/wp-json\/wp\/v2\/comments?post=45930"}],"version-history":[{"count":1,"href":"https:\/\/chessgamesemporium.com\/en\/wp-json\/wp\/v2\/product\/45930\/revisions"}],"predecessor-version":[{"id":64484,"href":"https:\/\/chessgamesemporium.com\/en\/wp-json\/wp\/v2\/product\/45930\/revisions\/64484"}],"wp:featuredmedia":[{"embeddable":true,"href":"https:\/\/chessgamesemporium.com\/en\/wp-json\/wp\/v2\/media\/48248"}],"wp:attachment":[{"href":"https:\/\/chessgamesemporium.com\/en\/wp-json\/wp\/v2\/media?parent=45930"}],"wp:term":[{"taxonomy":"product_brand","embeddable":true,"href":"https:\/\/chessgamesemporium.com\/en\/wp-json\/wp\/v2\/product_brand?post=45930"},{"taxonomy":"product_cat","embeddable":true,"href":"https:\/\/chessgamesemporium.com\/en\/wp-json\/wp\/v2\/product_cat?post=45930"},{"taxonomy":"product_tag","embeddable":true,"href":"https:\/\/chessgamesemporium.com\/en\/wp-json\/wp\/v2\/product_tag?post=45930"}],"curies":[{"name":"wp","href":"https:\/\/api.w.org\/{rel}","templated":true}]}}